{"id":2199,"date":"2025-07-03T10:53:34","date_gmt":"2025-07-03T08:53:34","guid":{"rendered":"https:\/\/depannageinformatique.a2hosted.com\/rechtliche-hinweise\/"},"modified":"2025-09-21T18:34:50","modified_gmt":"2025-09-21T16:34:50","slug":"rechtliche-hinweise","status":"publish","type":"page","link":"https:\/\/depannageinformatique.ch\/de\/rechtliche-hinweise\/","title":{"rendered":"Rechtliche Hinweise"},"content":{"rendered":"<h2>1 &#8211; Bearbeitung der Website<\/h2>\n<p>Gem\u00e4\u00df Artikel 6 des Gesetzes Nr. 2004-575 vom 21. Juni 2004 \u00fcber das Vertrauen in die digitale Wirtschaft wird den Nutzern der Website https:\/\/depannageinformatique.ch\/ die Identit\u00e4t der verschiedenen Akteure im Rahmen der Erstellung und \u00dcberwachung der Website mitgeteilt:<\/p>\n<p>Eigent\u00fcmer der Website: i4M Services Informatiques S\u00e0rl &#8211; Kontakt: &#8211; Adresse: Rue du Commerce, 4 1204 Genf, Schweiz.<\/p>\n<p>Identifikation des Unternehmens: i4M Services Informatiques S\u00e0rl<\/p>\n<p>Registrierungsnummer: CHE-325.495.659<\/p>\n<p>RC-Nummer: CH-660.4.315.020-5<\/p>\n<p>Postanschrift: Rue du Commerce, 4 1204 Genf, Schweiz.<\/p>\n<p>Direktor der Ver\u00f6ffentlichung: Miguel Angel Pliego Pobo &#8211; Kontakt: info@depannageinformatique.ch<\/p>\n<p>Hosting: Infomaniak &#8211; Rue Eug\u00e8ne-Marziano 25, 1227 Genf, Schweiz &#8211; Telefon: +41.22.820.35.44<\/p>\n<h2>2 &#8211; Geistiges Eigentum und F\u00e4lschungen.<\/h2>\n<p>i4M Services Informatiques S\u00e0rl ist Eigent\u00fcmer der Rechte am geistigen Eigentum und besitzt die Nutzungsrechte f\u00fcr alle auf der Website zug\u00e4nglichen Elemente, insbesondere Texte, Bilder, Grafiken, Logos, Videos, Architektur, Icons und Sounds.<\/p>\n<p>Die Vervielf\u00e4ltigung, Darstellung, \u00c4nderung, Ver\u00f6ffentlichung und Anpassung aller oder eines Teils der Elemente der Website, unabh\u00e4ngig von den verwendeten Mitteln oder Verfahren, ist ohne vorherige schriftliche Genehmigung von i4M Services Informatiques S\u00e0rl untersagt.<\/p>\n<p>Jede nicht genehmigte Nutzung der Website oder eines ihrer Elemente wird als F\u00e4lschung angesehen und gem\u00e4\u00df den Bestimmungen der Artikel L.335-2 ff. des Gesetzes \u00fcber geistiges Eigentum verfolgt.<\/p>\n","protected":false},"excerpt":{"rendered":"<p>1 &#8211; Bearbeitung der Website Gem\u00e4\u00df Artikel 6 des Gesetzes Nr. 2004-575 vom 21. Juni 2004 \u00fcber das Vertrauen in die digitale Wirtschaft wird den Nutzern der Website https:\/\/depannageinformatique.ch\/ die Identit\u00e4t der verschiedenen Akteure im Rahmen der Erstellung und \u00dcberwachung der Website mitgeteilt: Eigent\u00fcmer der Website: i4M Services Informatiques S\u00e0rl &#8211; Kontakt: &#8211; Adresse: Rue [&hellip;]<\/p>\n","protected":false},"author":3,"featured_media":0,"parent":0,"menu_order":0,"comment_status":"closed","ping_status":"closed","template":"","meta":{"_acf_changed":false,"footnotes":""},"class_list":["post-2199","page","type-page","status-publish","hentry"],"acf":[],"aioseo_notices":[],"aioseo_head":"\n\t\t<!-- All in One SEO Pro 4.9.5.1 - aioseo.com -->\n\t<meta name=\"description\" content=\"1 - Bearbeitung der Website Gem\u00e4\u00df Artikel 6 des Gesetzes Nr. 2004-575 vom 21. Juni 2004 \u00fcber das Vertrauen in die digitale Wirtschaft wird den Nutzern der Website https:\/\/depannageinformatique.ch\/ die Identit\u00e4t der verschiedenen Akteure im Rahmen der Erstellung und \u00dcberwachung der Website mitgeteilt: Eigent\u00fcmer der Website: i4M Services Informatiques S\u00e0rl - Kontakt: - Adresse: Rue\" \/>\n\t<meta name=\"robots\" content=\"max-image-preview:large\" \/>\n\t<link rel=\"canonical\" href=\"https:\/\/depannageinformatique.ch\/de\/rechtliche-hinweise\/\" \/>\n\t<meta name=\"generator\" content=\"All in One SEO Pro (AIOSEO) 4.9.5.1\" \/>\n\t\t<meta property=\"og:locale\" content=\"de_DE\" \/>\n\t\t<meta property=\"og:site_name\" content=\"D\u00e9pannage Informatique Gen\u00e8ve - Votre expert informatique, pr\u00e8s de chez vous et \u00e0 prix attractif\" \/>\n\t\t<meta property=\"og:type\" content=\"article\" \/>\n\t\t<meta property=\"og:title\" content=\"Rechtliche Hinweise - D\u00e9pannage Informatique Gen\u00e8ve\" \/>\n\t\t<meta property=\"og:description\" content=\"1 - Bearbeitung der Website Gem\u00e4\u00df Artikel 6 des Gesetzes Nr. 2004-575 vom 21. Juni 2004 \u00fcber das Vertrauen in die digitale Wirtschaft wird den Nutzern der Website https:\/\/depannageinformatique.ch\/ die Identit\u00e4t der verschiedenen Akteure im Rahmen der Erstellung und \u00dcberwachung der Website mitgeteilt: Eigent\u00fcmer der Website: i4M Services Informatiques S\u00e0rl - Kontakt: - Adresse: Rue\" \/>\n\t\t<meta property=\"og:url\" content=\"https:\/\/depannageinformatique.ch\/de\/rechtliche-hinweise\/\" \/>\n\t\t<meta property=\"og:image\" content=\"https:\/\/depannageinformatique.ch\/wp-content\/uploads\/2022\/04\/logo_depannage_informatique_geneve.png\" \/>\n\t\t<meta property=\"og:image:secure_url\" content=\"https:\/\/depannageinformatique.ch\/wp-content\/uploads\/2022\/04\/logo_depannage_informatique_geneve.png\" \/>\n\t\t<meta property=\"article:published_time\" content=\"2025-07-03T08:53:34+00:00\" \/>\n\t\t<meta property=\"article:modified_time\" content=\"2025-09-21T16:34:50+00:00\" \/>\n\t\t<meta property=\"article:publisher\" content=\"https:\/\/www.facebook.com\/depannageinformatiquegeneve\" \/>\n\t\t<meta name=\"twitter:card\" content=\"summary_large_image\" \/>\n\t\t<meta name=\"twitter:title\" content=\"Rechtliche Hinweise - D\u00e9pannage Informatique Gen\u00e8ve\" \/>\n\t\t<meta name=\"twitter:description\" content=\"1 - Bearbeitung der Website Gem\u00e4\u00df Artikel 6 des Gesetzes Nr. 2004-575 vom 21. Juni 2004 \u00fcber das Vertrauen in die digitale Wirtschaft wird den Nutzern der Website https:\/\/depannageinformatique.ch\/ die Identit\u00e4t der verschiedenen Akteure im Rahmen der Erstellung und \u00dcberwachung der Website mitgeteilt: Eigent\u00fcmer der Website: i4M Services Informatiques S\u00e0rl - Kontakt: - Adresse: Rue\" \/>\n\t\t<meta name=\"twitter:image\" content=\"https:\/\/depannageinformatique.ch\/wp-content\/uploads\/2022\/04\/logo_depannage_informatique_geneve.png\" \/>\n\t\t<script type=\"application\/ld+json\" class=\"aioseo-schema\">\n\t\t\t{\"@context\":\"https:\\\/\\\/schema.org\",\"@graph\":[{\"@type\":\"BreadcrumbList\",\"@id\":\"https:\\\/\\\/depannageinformatique.ch\\\/de\\\/rechtliche-hinweise\\\/#breadcrumblist\",\"itemListElement\":[{\"@type\":\"ListItem\",\"@id\":\"https:\\\/\\\/depannageinformatique.ch\\\/de\\\/#listItem\",\"position\":1,\"name\":\"Accueil\",\"item\":\"https:\\\/\\\/depannageinformatique.ch\\\/de\\\/\",\"nextItem\":{\"@type\":\"ListItem\",\"@id\":\"https:\\\/\\\/depannageinformatique.ch\\\/de\\\/rechtliche-hinweise\\\/#listItem\",\"name\":\"Rechtliche Hinweise\"}},{\"@type\":\"ListItem\",\"@id\":\"https:\\\/\\\/depannageinformatique.ch\\\/de\\\/rechtliche-hinweise\\\/#listItem\",\"position\":2,\"name\":\"Rechtliche Hinweise\",\"previousItem\":{\"@type\":\"ListItem\",\"@id\":\"https:\\\/\\\/depannageinformatique.ch\\\/de\\\/#listItem\",\"name\":\"Accueil\"}}]},{\"@type\":\"Organization\",\"@id\":\"https:\\\/\\\/depannageinformatique.ch\\\/de\\\/#organization\",\"name\":\"D\\u00e9pannage Informatique Gen\\u00e8ve\",\"description\":\"D\\u00e9pannage Informatique Gen\\u00e8ve est une entreprise situ\\u00e9e \\u00e0 Gen\\u00e8ve, sp\\u00e9cialis\\u00e9e dans le d\\u00e9pannage informatique, l'assistance technique, et la maintenance de syst\\u00e8mes informatiques pour les particuliers et les entreprises. Leur \\u00e9quipe d'experts offre une large gamme de services, incluant la r\\u00e9paration d'ordinateurs, la r\\u00e9cup\\u00e9ration de donn\\u00e9es, l'installation de logiciels, ainsi que des conseils pour optimiser les performances des \\u00e9quipements informatiques. En plus de leur expertise en mati\\u00e8re de d\\u00e9pannage, D\\u00e9pannage se distingue par son engagement \\u00e0 fournir un service rapide, fiable et personnalis\\u00e9, adapt\\u00e9 aux besoins sp\\u00e9cifiques de chaque client. Que ce soit pour r\\u00e9soudre un probl\\u00e8me technique complexe ou pour am\\u00e9liorer l'efficacit\\u00e9 des syst\\u00e8mes informatiques, D\\u00e9pannage Informatique Gen\\u00e8ve se positionne comme un partenaire de confiance pour tous les besoins informatiques \\u00e0 Gen\\u00e8ve et dans les environs.\",\"url\":\"https:\\\/\\\/depannageinformatique.ch\\\/de\\\/\",\"email\":\"info@depannageinformatique.a2hosted.com\",\"telephone\":\"+41798685050\",\"foundingDate\":\"2015-01-01\",\"numberOfEmployees\":{\"@type\":\"QuantitativeValue\",\"minValue\":0,\"maxValue\":5},\"logo\":{\"@type\":\"ImageObject\",\"url\":\"https:\\\/\\\/depannageinformatique.ch\\\/wp-content\\\/uploads\\\/2022\\\/04\\\/logo_footer.png\",\"@id\":\"https:\\\/\\\/depannageinformatique.ch\\\/de\\\/rechtliche-hinweise\\\/#organizationLogo\"},\"image\":{\"@id\":\"https:\\\/\\\/depannageinformatique.ch\\\/de\\\/rechtliche-hinweise\\\/#organizationLogo\"},\"sameAs\":[\"https:\\\/\\\/www.facebook.com\\\/depannageinformatiquegeneve\",\"https:\\\/\\\/www.linkedin.com\\\/company\\\/18311498\"],\"address\":{\"@id\":\"https:\\\/\\\/depannageinformatique.ch\\\/de\\\/#postaladdress\",\"@type\":\"PostalAddress\",\"streetAddress\":\"Rue du Commerce 4,\",\"postalCode\":\"1204\",\"addressLocality\":\"Gen\\u00e8ve\",\"addressRegion\":\"GE\",\"addressCountry\":\"CH\"},\"taxID\":\"CHE-325.495.659\"},{\"@type\":\"WebPage\",\"@id\":\"https:\\\/\\\/depannageinformatique.ch\\\/de\\\/rechtliche-hinweise\\\/#webpage\",\"url\":\"https:\\\/\\\/depannageinformatique.ch\\\/de\\\/rechtliche-hinweise\\\/\",\"name\":\"Rechtliche Hinweise - D\\u00e9pannage Informatique Gen\\u00e8ve\",\"description\":\"1 - Bearbeitung der Website Gem\\u00e4\\u00df Artikel 6 des Gesetzes Nr. 2004-575 vom 21. Juni 2004 \\u00fcber das Vertrauen in die digitale Wirtschaft wird den Nutzern der Website https:\\\/\\\/depannageinformatique.ch\\\/ die Identit\\u00e4t der verschiedenen Akteure im Rahmen der Erstellung und \\u00dcberwachung der Website mitgeteilt: Eigent\\u00fcmer der Website: i4M Services Informatiques S\\u00e0rl - Kontakt: - Adresse: Rue\",\"inLanguage\":\"de-DE\",\"isPartOf\":{\"@id\":\"https:\\\/\\\/depannageinformatique.ch\\\/de\\\/#website\"},\"breadcrumb\":{\"@id\":\"https:\\\/\\\/depannageinformatique.ch\\\/de\\\/rechtliche-hinweise\\\/#breadcrumblist\"},\"datePublished\":\"2025-07-03T10:53:34+02:00\",\"dateModified\":\"2025-09-21T18:34:50+02:00\"},{\"@type\":\"WebSite\",\"@id\":\"https:\\\/\\\/depannageinformatique.ch\\\/de\\\/#website\",\"url\":\"https:\\\/\\\/depannageinformatique.ch\\\/de\\\/\",\"name\":\"D\\u00e9pannage Informatique Gen\\u00e8ve - 079 868 50 50\",\"alternateName\":\"D\\u00e9pannage Informatique Gen\\u00e8ve\",\"description\":\"Votre expert informatique, pr\\u00e8s de chez vous et \\u00e0 prix attractif\",\"inLanguage\":\"de-DE\",\"publisher\":{\"@id\":\"https:\\\/\\\/depannageinformatique.ch\\\/de\\\/#organization\"}}]}\n\t\t<\/script>\n\t\t<!-- All in One SEO Pro -->\r\n\t\t<title>Rechtliche Hinweise - D\u00e9pannage Informatique Gen\u00e8ve<\/title>\n\n","aioseo_head_json":{"title":"Rechtliche Hinweise - D\u00e9pannage Informatique Gen\u00e8ve","description":"1 - Bearbeitung der Website Gem\u00e4\u00df Artikel 6 des Gesetzes Nr. 2004-575 vom 21. Juni 2004 \u00fcber das Vertrauen in die digitale Wirtschaft wird den Nutzern der Website https:\/\/depannageinformatique.ch\/ die Identit\u00e4t der verschiedenen Akteure im Rahmen der Erstellung und \u00dcberwachung der Website mitgeteilt: Eigent\u00fcmer der Website: i4M Services Informatiques S\u00e0rl - Kontakt: - Adresse: Rue","canonical_url":"https:\/\/depannageinformatique.ch\/de\/rechtliche-hinweise\/","robots":"max-image-preview:large","keywords":"","webmasterTools":{"miscellaneous":""},"schema":{"@context":"https:\/\/schema.org","@graph":[{"@type":"BreadcrumbList","@id":"https:\/\/depannageinformatique.ch\/de\/rechtliche-hinweise\/#breadcrumblist","itemListElement":[{"@type":"ListItem","@id":"https:\/\/depannageinformatique.ch\/de\/#listItem","position":1,"name":"Accueil","item":"https:\/\/depannageinformatique.ch\/de\/","nextItem":{"@type":"ListItem","@id":"https:\/\/depannageinformatique.ch\/de\/rechtliche-hinweise\/#listItem","name":"Rechtliche Hinweise"}},{"@type":"ListItem","@id":"https:\/\/depannageinformatique.ch\/de\/rechtliche-hinweise\/#listItem","position":2,"name":"Rechtliche Hinweise","previousItem":{"@type":"ListItem","@id":"https:\/\/depannageinformatique.ch\/de\/#listItem","name":"Accueil"}}]},{"@type":"Organization","@id":"https:\/\/depannageinformatique.ch\/de\/#organization","name":"D\u00e9pannage Informatique Gen\u00e8ve","description":"D\u00e9pannage Informatique Gen\u00e8ve est une entreprise situ\u00e9e \u00e0 Gen\u00e8ve, sp\u00e9cialis\u00e9e dans le d\u00e9pannage informatique, l'assistance technique, et la maintenance de syst\u00e8mes informatiques pour les particuliers et les entreprises. Leur \u00e9quipe d'experts offre une large gamme de services, incluant la r\u00e9paration d'ordinateurs, la r\u00e9cup\u00e9ration de donn\u00e9es, l'installation de logiciels, ainsi que des conseils pour optimiser les performances des \u00e9quipements informatiques. En plus de leur expertise en mati\u00e8re de d\u00e9pannage, D\u00e9pannage se distingue par son engagement \u00e0 fournir un service rapide, fiable et personnalis\u00e9, adapt\u00e9 aux besoins sp\u00e9cifiques de chaque client. Que ce soit pour r\u00e9soudre un probl\u00e8me technique complexe ou pour am\u00e9liorer l'efficacit\u00e9 des syst\u00e8mes informatiques, D\u00e9pannage Informatique Gen\u00e8ve se positionne comme un partenaire de confiance pour tous les besoins informatiques \u00e0 Gen\u00e8ve et dans les environs.","url":"https:\/\/depannageinformatique.ch\/de\/","email":"info@depannageinformatique.a2hosted.com","telephone":"+41798685050","foundingDate":"2015-01-01","numberOfEmployees":{"@type":"QuantitativeValue","minValue":0,"maxValue":5},"logo":{"@type":"ImageObject","url":"https:\/\/depannageinformatique.ch\/wp-content\/uploads\/2022\/04\/logo_footer.png","@id":"https:\/\/depannageinformatique.ch\/de\/rechtliche-hinweise\/#organizationLogo"},"image":{"@id":"https:\/\/depannageinformatique.ch\/de\/rechtliche-hinweise\/#organizationLogo"},"sameAs":["https:\/\/www.facebook.com\/depannageinformatiquegeneve","https:\/\/www.linkedin.com\/company\/18311498"],"address":{"@id":"https:\/\/depannageinformatique.ch\/de\/#postaladdress","@type":"PostalAddress","streetAddress":"Rue du Commerce 4,","postalCode":"1204","addressLocality":"Gen\u00e8ve","addressRegion":"GE","addressCountry":"CH"},"taxID":"CHE-325.495.659"},{"@type":"WebPage","@id":"https:\/\/depannageinformatique.ch\/de\/rechtliche-hinweise\/#webpage","url":"https:\/\/depannageinformatique.ch\/de\/rechtliche-hinweise\/","name":"Rechtliche Hinweise - D\u00e9pannage Informatique Gen\u00e8ve","description":"1 - Bearbeitung der Website Gem\u00e4\u00df Artikel 6 des Gesetzes Nr. 2004-575 vom 21. Juni 2004 \u00fcber das Vertrauen in die digitale Wirtschaft wird den Nutzern der Website https:\/\/depannageinformatique.ch\/ die Identit\u00e4t der verschiedenen Akteure im Rahmen der Erstellung und \u00dcberwachung der Website mitgeteilt: Eigent\u00fcmer der Website: i4M Services Informatiques S\u00e0rl - Kontakt: - Adresse: Rue","inLanguage":"de-DE","isPartOf":{"@id":"https:\/\/depannageinformatique.ch\/de\/#website"},"breadcrumb":{"@id":"https:\/\/depannageinformatique.ch\/de\/rechtliche-hinweise\/#breadcrumblist"},"datePublished":"2025-07-03T10:53:34+02:00","dateModified":"2025-09-21T18:34:50+02:00"},{"@type":"WebSite","@id":"https:\/\/depannageinformatique.ch\/de\/#website","url":"https:\/\/depannageinformatique.ch\/de\/","name":"D\u00e9pannage Informatique Gen\u00e8ve - 079 868 50 50","alternateName":"D\u00e9pannage Informatique Gen\u00e8ve","description":"Votre expert informatique, pr\u00e8s de chez vous et \u00e0 prix attractif","inLanguage":"de-DE","publisher":{"@id":"https:\/\/depannageinformatique.ch\/de\/#organization"}}]},"og:locale":"de_DE","og:site_name":"D\u00e9pannage Informatique Gen\u00e8ve - Votre expert informatique, pr\u00e8s de chez vous et \u00e0 prix attractif","og:type":"article","og:title":"Rechtliche Hinweise - D\u00e9pannage Informatique Gen\u00e8ve","og:description":"1 - Bearbeitung der Website Gem\u00e4\u00df Artikel 6 des Gesetzes Nr. 2004-575 vom 21. Juni 2004 \u00fcber das Vertrauen in die digitale Wirtschaft wird den Nutzern der Website https:\/\/depannageinformatique.ch\/ die Identit\u00e4t der verschiedenen Akteure im Rahmen der Erstellung und \u00dcberwachung der Website mitgeteilt: Eigent\u00fcmer der Website: i4M Services Informatiques S\u00e0rl - Kontakt: - Adresse: Rue","og:url":"https:\/\/depannageinformatique.ch\/de\/rechtliche-hinweise\/","og:image":"https:\/\/depannageinformatique.ch\/wp-content\/uploads\/2022\/04\/logo_depannage_informatique_geneve.png","og:image:secure_url":"https:\/\/depannageinformatique.ch\/wp-content\/uploads\/2022\/04\/logo_depannage_informatique_geneve.png","article:published_time":"2025-07-03T08:53:34+00:00","article:modified_time":"2025-09-21T16:34:50+00:00","article:publisher":"https:\/\/www.facebook.com\/depannageinformatiquegeneve","twitter:card":"summary_large_image","twitter:title":"Rechtliche Hinweise - D\u00e9pannage Informatique Gen\u00e8ve","twitter:description":"1 - Bearbeitung der Website Gem\u00e4\u00df Artikel 6 des Gesetzes Nr. 2004-575 vom 21. Juni 2004 \u00fcber das Vertrauen in die digitale Wirtschaft wird den Nutzern der Website https:\/\/depannageinformatique.ch\/ die Identit\u00e4t der verschiedenen Akteure im Rahmen der Erstellung und \u00dcberwachung der Website mitgeteilt: Eigent\u00fcmer der Website: i4M Services Informatiques S\u00e0rl - Kontakt: - Adresse: Rue","twitter:image":"https:\/\/depannageinformatique.ch\/wp-content\/uploads\/2022\/04\/logo_depannage_informatique_geneve.png"},"aioseo_meta_data":{"post_id":"2199","title":null,"description":null,"keywords":null,"keyphrases":{"focus":{"keyphrase":"","score":0,"analysis":{"keyphraseInTitle":{"score":0,"maxScore":9,"error":1}}},"additional":[]},"primary_term":null,"canonical_url":null,"og_title":null,"og_description":null,"og_object_type":"default","og_image_type":"default","og_image_url":null,"og_image_width":null,"og_image_height":null,"og_image_custom_url":null,"og_image_custom_fields":null,"og_video":"","og_custom_url":null,"og_article_section":null,"og_article_tags":null,"twitter_use_og":false,"twitter_card":"default","twitter_image_type":"default","twitter_image_url":null,"twitter_image_custom_url":null,"twitter_image_custom_fields":null,"twitter_title":null,"twitter_description":null,"schema":{"blockGraphs":[],"customGraphs":[],"default":{"data":{"Article":[],"Course":[],"Dataset":[],"FAQPage":[],"Movie":[],"Person":[],"Product":[],"ProductReview":[],"Car":[],"Recipe":[],"Service":[],"SoftwareApplication":[],"WebPage":[]},"graphName":"WebPage","isEnabled":true},"graphs":[]},"schema_type":"default","schema_type_options":null,"pillar_content":false,"robots_default":true,"robots_noindex":false,"robots_noarchive":false,"robots_nosnippet":false,"robots_nofollow":false,"robots_noimageindex":false,"robots_noodp":false,"robots_notranslate":false,"robots_max_snippet":"-1","robots_max_videopreview":"-1","robots_max_imagepreview":"large","priority":null,"frequency":"default","local_seo":null,"seo_analyzer_scan_date":"2025-09-21 16:39:01","breadcrumb_settings":null,"limit_modified_date":false,"reviewed_by":"0","open_ai":null,"ai":{"faqs":[],"keyPoints":[],"titles":[],"descriptions":[],"socialPosts":{"email":[],"linkedin":[],"twitter":[],"facebook":[],"instagram":[]}},"created":"2025-07-03 08:53:34","updated":"2025-12-09 21:30:01"},"aioseo_breadcrumb":"<div class=\"aioseo-breadcrumbs\"><span class=\"aioseo-breadcrumb\">\n\t<a href=\"https:\/\/depannageinformatique.ch\/de\/\" title=\"Accueil\">Accueil<\/a>\n<\/span><span class=\"aioseo-breadcrumb-separator\">\u00bb<\/span><span class=\"aioseo-breadcrumb\">\n\tRechtliche Hinweise\n<\/span><\/div>","aioseo_breadcrumb_json":[{"label":"Accueil","link":"https:\/\/depannageinformatique.ch\/de\/"},{"label":"Rechtliche Hinweise","link":"https:\/\/depannageinformatique.ch\/de\/rechtliche-hinweise\/"}],"_links":{"self":[{"href":"https:\/\/depannageinformatique.ch\/de\/wp-json\/wp\/v2\/pages\/2199","targetHints":{"allow":["GET"]}}],"collection":[{"href":"https:\/\/depannageinformatique.ch\/de\/wp-json\/wp\/v2\/pages"}],"about":[{"href":"https:\/\/depannageinformatique.ch\/de\/wp-json\/wp\/v2\/types\/page"}],"author":[{"embeddable":true,"href":"https:\/\/depannageinformatique.ch\/de\/wp-json\/wp\/v2\/users\/3"}],"replies":[{"embeddable":true,"href":"https:\/\/depannageinformatique.ch\/de\/wp-json\/wp\/v2\/comments?post=2199"}],"version-history":[{"count":0,"href":"https:\/\/depannageinformatique.ch\/de\/wp-json\/wp\/v2\/pages\/2199\/revisions"}],"wp:attachment":[{"href":"https:\/\/depannageinformatique.ch\/de\/wp-json\/wp\/v2\/media?parent=2199"}],"curies":[{"name":"wp","href":"https:\/\/api.w.org\/{rel}","templated":true}]}}