{"id":2293,"date":"2025-07-03T10:53:41","date_gmt":"2025-07-03T08:53:41","guid":{"rendered":"https:\/\/depannageinformatique.a2hosted.com\/computer-pannenhilfe-genf-079-868-50-50\/"},"modified":"2025-12-09T22:57:28","modified_gmt":"2025-12-09T21:57:28","slug":"computer-pannenhilfe-genf-079-868-50-50","status":"publish","type":"page","link":"https:\/\/depannageinformatique.ch\/de\/","title":{"rendered":"Computer Pannenhilfe Genf | Schnelle und professionelle Computerunterst\u00fctzung"},"content":{"rendered":"","protected":false},"excerpt":{"rendered":"","protected":false},"author":3,"featured_media":0,"parent":0,"menu_order":0,"comment_status":"closed","ping_status":"closed","template":"page-home.php","meta":{"_acf_changed":false,"footnotes":""},"class_list":["post-2293","page","type-page","status-publish","hentry"],"acf":[],"aioseo_notices":[],"aioseo_head":"\n\t\t<!-- All in One SEO Pro 4.9.5.1 - aioseo.com -->\n\t<meta name=\"description\" content=\"Brauchen Sie Hilfe? Konkurrenzf\u00e4hige Preise. B\u00fcro im Stadtzentrum f\u00fcr die \u00d6ffentlichkeit zug\u00e4nglich. Computer-Pannenhilfe - PC- und Mac-Reparatur - Internet - E-Mail - Sicherheit.\" \/>\n\t<meta name=\"robots\" content=\"max-image-preview:large\" \/>\n\t<link rel=\"canonical\" href=\"https:\/\/depannageinformatique.ch\/de\/\" \/>\n\t<meta name=\"generator\" content=\"All in One SEO Pro (AIOSEO) 4.9.5.1\" \/>\n\t\t<meta property=\"og:locale\" content=\"de_DE\" \/>\n\t\t<meta property=\"og:site_name\" content=\"D\u00e9pannage Informatique Gen\u00e8ve - Votre expert informatique, pr\u00e8s de chez vous et \u00e0 prix attractif\" \/>\n\t\t<meta property=\"og:type\" content=\"website\" \/>\n\t\t<meta property=\"og:title\" content=\"Computer Pannenhilfe Genf \u27a1\ufe0f 079 868 50 50\" \/>\n\t\t<meta property=\"og:description\" content=\"Brauchen Sie Hilfe? Konkurrenzf\u00e4hige Preise. B\u00fcro im Stadtzentrum f\u00fcr die \u00d6ffentlichkeit zug\u00e4nglich. Computer-Pannenhilfe - PC- und Mac-Reparatur - Internet - E-Mail - Sicherheit.\" \/>\n\t\t<meta property=\"og:url\" content=\"https:\/\/depannageinformatique.ch\/de\/\" \/>\n\t\t<meta property=\"og:image\" content=\"https:\/\/depannageinformatique.ch\/wp-content\/uploads\/2022\/04\/logo_depannage_informatique_geneve.png\" \/>\n\t\t<meta property=\"og:image:secure_url\" content=\"https:\/\/depannageinformatique.ch\/wp-content\/uploads\/2022\/04\/logo_depannage_informatique_geneve.png\" \/>\n\t\t<meta name=\"twitter:card\" content=\"summary_large_image\" \/>\n\t\t<meta name=\"twitter:title\" content=\"Computer Pannenhilfe Genf \u27a1\ufe0f 079 868 50 50\" \/>\n\t\t<meta name=\"twitter:description\" content=\"Brauchen Sie Hilfe? Konkurrenzf\u00e4hige Preise. B\u00fcro im Stadtzentrum f\u00fcr die \u00d6ffentlichkeit zug\u00e4nglich. Computer-Pannenhilfe - PC- und Mac-Reparatur - Internet - E-Mail - Sicherheit.\" \/>\n\t\t<meta name=\"twitter:image\" content=\"https:\/\/depannageinformatique.ch\/wp-content\/uploads\/2022\/04\/logo_depannage_informatique_geneve.png\" \/>\n\t\t<script type=\"application\/ld+json\" class=\"aioseo-schema\">\n\t\t\t{\"@context\":\"https:\\\/\\\/schema.org\",\"@graph\":[{\"@type\":\"BreadcrumbList\",\"@id\":\"https:\\\/\\\/depannageinformatique.ch\\\/de\\\/#breadcrumblist\",\"itemListElement\":[{\"@type\":\"ListItem\",\"@id\":\"https:\\\/\\\/depannageinformatique.ch\\\/de\\\/#listItem\",\"position\":1,\"name\":\"Accueil\",\"item\":\"https:\\\/\\\/depannageinformatique.ch\\\/de\\\/\",\"nextItem\":{\"@type\":\"ListItem\",\"@id\":\"https:\\\/\\\/depannageinformatique.ch\\\/de\\\/#listItem\",\"name\":\"Computer Pannenhilfe Genf | Schnelle und professionelle Computerunterst\\u00fctzung\"}},{\"@type\":\"ListItem\",\"@id\":\"https:\\\/\\\/depannageinformatique.ch\\\/de\\\/#listItem\",\"position\":2,\"name\":\"Computer Pannenhilfe Genf | Schnelle und professionelle Computerunterst\\u00fctzung\",\"previousItem\":{\"@type\":\"ListItem\",\"@id\":\"https:\\\/\\\/depannageinformatique.ch\\\/de\\\/#listItem\",\"name\":\"Accueil\"}}]},{\"@type\":\"ITService\",\"@id\":\"https:\\\/\\\/depannageinformatique.ch\\\/#itservice\",\"name\":\"D\\u00e9pannage Informatique Gen\\u00e8ve\",\"alternateName\":[\"R\\u00e9paration ordinateur Gen\\u00e8ve\",\"Assistance informatique Gen\\u00e8ve\",\"Support informatique Gen\\u00e8ve\",\"R\\u00e9paration PC Gen\\u00e8ve\",\"D\\u00e9pannage Mac Gen\\u00e8ve\",\"Technicien informatique Gen\\u00e8ve\"],\"url\":\"https:\\\/\\\/depannageinformatique.ch\\\/\",\"logo\":\"https:\\\/\\\/depannageinformatique.ch\\\/wp-content\\\/uploads\\\/2025\\\/04\\\/blue-cloud-electronics-depannage-text.webp\",\"image\":\"https:\\\/\\\/depannageinformatique.ch\\\/wp-content\\\/uploads\\\/2025\\\/04\\\/blue-cloud-electronics-depannage-text.webp\",\"description\":\"D\\u00e9pannage Informatique Gen\\u00e8ve \\u2013 Assistance rapide pour particuliers et petites entreprises. R\\u00e9paration PC\\\/Mac, maintenance, r\\u00e9seaux et s\\u00e9curit\\u00e9 IT.\",\"areaServed\":\"Canton de Gen\\u00e8ve, CH\",\"address\":{\"@type\":\"PostalAddress\",\"streetAddress\":\"Rue du Commerce 4\",\"addressLocality\":\"Gen\\u00e8ve\",\"addressRegion\":\"GE\",\"postalCode\":\"1204\",\"addressCountry\":\"CH\"},\"telephone\":\"+41 22 436 86 81\",\"contactPoint\":{\"@type\":\"ContactPoint\",\"telephone\":\"+41 22 436 86 81\",\"contactType\":\"customer service\",\"areaServed\":\"Canton de Gen\\u00e8ve\",\"availableLanguage\":[\"fr\",\"en\",\"de\",\"it\",\"es\"]},\"parentOrganization\":{\"@type\":\"Organization\",\"name\":\"i4M Services Informatiques S\\u00e0rl\",\"url\":\"https:\\\/\\\/i4m.ch\"}},{\"@type\":\"Organization\",\"@id\":\"https:\\\/\\\/depannageinformatique.ch\\\/de\\\/#organization\",\"name\":\"D\\u00e9pannage Informatique Gen\\u00e8ve\",\"description\":\"D\\u00e9pannage Informatique Gen\\u00e8ve est une entreprise situ\\u00e9e \\u00e0 Gen\\u00e8ve, sp\\u00e9cialis\\u00e9e dans le d\\u00e9pannage informatique, l'assistance technique, et la maintenance de syst\\u00e8mes informatiques pour les particuliers et les entreprises. Leur \\u00e9quipe d'experts offre une large gamme de services, incluant la r\\u00e9paration d'ordinateurs, la r\\u00e9cup\\u00e9ration de donn\\u00e9es, l'installation de logiciels, ainsi que des conseils pour optimiser les performances des \\u00e9quipements informatiques. En plus de leur expertise en mati\\u00e8re de d\\u00e9pannage, D\\u00e9pannage se distingue par son engagement \\u00e0 fournir un service rapide, fiable et personnalis\\u00e9, adapt\\u00e9 aux besoins sp\\u00e9cifiques de chaque client. Que ce soit pour r\\u00e9soudre un probl\\u00e8me technique complexe ou pour am\\u00e9liorer l'efficacit\\u00e9 des syst\\u00e8mes informatiques, D\\u00e9pannage Informatique Gen\\u00e8ve se positionne comme un partenaire de confiance pour tous les besoins informatiques \\u00e0 Gen\\u00e8ve et dans les environs.\",\"url\":\"https:\\\/\\\/depannageinformatique.ch\\\/de\\\/\",\"email\":\"info@depannageinformatique.a2hosted.com\",\"telephone\":\"+41798685050\",\"foundingDate\":\"2015-01-01\",\"numberOfEmployees\":{\"@type\":\"QuantitativeValue\",\"minValue\":0,\"maxValue\":5},\"logo\":{\"@type\":\"ImageObject\",\"url\":\"https:\\\/\\\/depannageinformatique.ch\\\/wp-content\\\/uploads\\\/2022\\\/04\\\/logo_footer.png\",\"@id\":\"https:\\\/\\\/depannageinformatique.ch\\\/de\\\/#organizationLogo\"},\"image\":{\"@id\":\"https:\\\/\\\/depannageinformatique.ch\\\/de\\\/#organizationLogo\"},\"sameAs\":[\"https:\\\/\\\/www.facebook.com\\\/depannageinformatiquegeneve\",\"https:\\\/\\\/www.linkedin.com\\\/company\\\/18311498\"],\"address\":{\"@id\":\"https:\\\/\\\/depannageinformatique.ch\\\/de\\\/#postaladdress\",\"@type\":\"PostalAddress\",\"streetAddress\":\"Rue du Commerce 4,\",\"postalCode\":\"1204\",\"addressLocality\":\"Gen\\u00e8ve\",\"addressRegion\":\"GE\",\"addressCountry\":\"CH\"},\"taxID\":\"CHE-325.495.659\"},{\"@type\":\"ProfessionalService\",\"@id\":\"https:\\\/\\\/depannageinformatique.ch\\\/de\\\/#localbusiness\",\"name\":\"D\\u00e9pannage Informatique Gen\\u00e8ve\",\"brand\":{\"@id\":\"https:\\\/\\\/depannageinformatique.ch\\\/de\\\/#organization\"},\"url\":\"https:\\\/\\\/depannageinformatique.ch\\\/de\\\/\",\"image\":\"https:\\\/\\\/depannageinformatique.ch\\\/wp-content\\\/uploads\\\/2022\\\/04\\\/logo_footer.png\",\"logo\":\"https:\\\/\\\/depannageinformatique.ch\\\/de\\\/#logo\",\"address\":{\"@id\":\"https:\\\/\\\/depannageinformatique.ch\\\/de\\\/#postaladdress\",\"@type\":\"PostalAddress\",\"streetAddress\":\"Rue du Commerce 4,\",\"postalCode\":\"1204\",\"addressLocality\":\"Gen\\u00e8ve\",\"addressRegion\":\"GE\",\"addressCountry\":\"CH\"},\"email\":\"info@depannageinformatique.ch\",\"telephone\":\"+41798685050\",\"priceRange\":\"$$\",\"currenciesAccepted\":\"CHF\",\"paymentAccepted\":\"Credit Card, TWINT, Cash, Bill\",\"areaServed\":\"Canton of Geneva\",\"openingHoursSpecification\":[{\"@type\":\"OpeningHoursSpecification\",\"dayOfWeek\":[\"https:\\\/\\\/schema.org\\\/Monday\"],\"opens\":\"08:30\",\"closes\":\"19:00\"},{\"@type\":\"OpeningHoursSpecification\",\"dayOfWeek\":[\"https:\\\/\\\/schema.org\\\/Tuesday\"],\"opens\":\"08:30\",\"closes\":\"19:00\"},{\"@type\":\"OpeningHoursSpecification\",\"dayOfWeek\":[\"https:\\\/\\\/schema.org\\\/Wednesday\"],\"opens\":\"08:30\",\"closes\":\"19:00\"},{\"@type\":\"OpeningHoursSpecification\",\"dayOfWeek\":[\"https:\\\/\\\/schema.org\\\/Thursday\"],\"opens\":\"08:30\",\"closes\":\"19:00\"},{\"@type\":\"OpeningHoursSpecification\",\"dayOfWeek\":[\"https:\\\/\\\/schema.org\\\/Friday\"],\"opens\":\"08:30\",\"closes\":\"19:00\"},{\"@type\":\"OpeningHoursSpecification\",\"dayOfWeek\":[\"https:\\\/\\\/schema.org\\\/Saturday\"],\"opens\":\"09:00\",\"closes\":\"14:00\"}],\"location\":{\"@id\":\"https:\\\/\\\/depannageinformatique.ch\\\/de\\\/#postaladdress\"},\"taxID\":\"CHE-325.495.659\"},{\"@type\":\"WebPage\",\"@id\":\"https:\\\/\\\/depannageinformatique.ch\\\/de\\\/#webpage\",\"url\":\"https:\\\/\\\/depannageinformatique.ch\\\/de\\\/\",\"name\":\"Computer Pannenhilfe Genf \\u27a1\\ufe0f 079 868 50 50\",\"description\":\"Brauchen Sie Hilfe? Konkurrenzf\\u00e4hige Preise. B\\u00fcro im Stadtzentrum f\\u00fcr die \\u00d6ffentlichkeit zug\\u00e4nglich. Computer-Pannenhilfe - PC- und Mac-Reparatur - Internet - E-Mail - Sicherheit.\",\"inLanguage\":\"de-DE\",\"isPartOf\":{\"@id\":\"https:\\\/\\\/depannageinformatique.ch\\\/de\\\/#website\"},\"breadcrumb\":{\"@id\":\"https:\\\/\\\/depannageinformatique.ch\\\/de\\\/#breadcrumblist\"},\"datePublished\":\"2025-07-03T10:53:41+02:00\",\"dateModified\":\"2025-12-09T22:57:28+01:00\"},{\"@type\":\"WebSite\",\"@id\":\"https:\\\/\\\/depannageinformatique.ch\\\/#website\",\"url\":\"https:\\\/\\\/depannageinformatique.ch\\\/\",\"name\":\"D\\u00e9pannage Informatique Gen\\u00e8ve\",\"inLanguage\":[\"fr\",\"en\",\"de\",\"it\"],\"potentialAction\":{\"@type\":\"SearchAction\",\"target\":\"https:\\\/\\\/depannageinformatique.ch\\\/?s={search_term_string}\",\"query-input\":\"required name=search_term_string\"}},{\"@type\":\"WebSite\",\"@id\":\"https:\\\/\\\/depannageinformatique.ch\\\/de\\\/#website\",\"url\":\"https:\\\/\\\/depannageinformatique.ch\\\/de\\\/\",\"name\":\"D\\u00e9pannage Informatique Gen\\u00e8ve - 079 868 50 50\",\"alternateName\":\"D\\u00e9pannage Informatique Gen\\u00e8ve\",\"description\":\"Votre expert informatique, pr\\u00e8s de chez vous et \\u00e0 prix attractif\",\"inLanguage\":\"de-DE\",\"publisher\":{\"@id\":\"https:\\\/\\\/depannageinformatique.ch\\\/de\\\/#organization\"}}]}\n\t\t<\/script>\n\t\t<!-- All in One SEO Pro -->\r\n\t\t<title>Computer Pannenhilfe Genf \u27a1\ufe0f 079 868 50 50<\/title>\n\n","aioseo_head_json":{"title":"Computer Pannenhilfe Genf \u27a1\ufe0f 079 868 50 50","description":"Brauchen Sie Hilfe? Konkurrenzf\u00e4hige Preise. B\u00fcro im Stadtzentrum f\u00fcr die \u00d6ffentlichkeit zug\u00e4nglich. Computer-Pannenhilfe - PC- und Mac-Reparatur - Internet - E-Mail - Sicherheit.","canonical_url":"https:\/\/depannageinformatique.ch\/de\/","robots":"max-image-preview:large","keywords":"","webmasterTools":{"miscellaneous":""},"schema":{"@context":"https:\/\/schema.org","@graph":[{"@type":"BreadcrumbList","@id":"https:\/\/depannageinformatique.ch\/de\/#breadcrumblist","itemListElement":[{"@type":"ListItem","@id":"https:\/\/depannageinformatique.ch\/de\/#listItem","position":1,"name":"Accueil","item":"https:\/\/depannageinformatique.ch\/de\/","nextItem":{"@type":"ListItem","@id":"https:\/\/depannageinformatique.ch\/de\/#listItem","name":"Computer Pannenhilfe Genf | Schnelle und professionelle Computerunterst\u00fctzung"}},{"@type":"ListItem","@id":"https:\/\/depannageinformatique.ch\/de\/#listItem","position":2,"name":"Computer Pannenhilfe Genf | Schnelle und professionelle Computerunterst\u00fctzung","previousItem":{"@type":"ListItem","@id":"https:\/\/depannageinformatique.ch\/de\/#listItem","name":"Accueil"}}]},{"@type":"ITService","@id":"https:\/\/depannageinformatique.ch\/#itservice","name":"D\u00e9pannage Informatique Gen\u00e8ve","alternateName":["R\u00e9paration ordinateur Gen\u00e8ve","Assistance informatique Gen\u00e8ve","Support informatique Gen\u00e8ve","R\u00e9paration PC Gen\u00e8ve","D\u00e9pannage Mac Gen\u00e8ve","Technicien informatique Gen\u00e8ve"],"url":"https:\/\/depannageinformatique.ch\/","logo":"https:\/\/depannageinformatique.ch\/wp-content\/uploads\/2025\/04\/blue-cloud-electronics-depannage-text.webp","image":"https:\/\/depannageinformatique.ch\/wp-content\/uploads\/2025\/04\/blue-cloud-electronics-depannage-text.webp","description":"D\u00e9pannage Informatique Gen\u00e8ve \u2013 Assistance rapide pour particuliers et petites entreprises. R\u00e9paration PC\/Mac, maintenance, r\u00e9seaux et s\u00e9curit\u00e9 IT.","areaServed":"Canton de Gen\u00e8ve, CH","address":{"@type":"PostalAddress","streetAddress":"Rue du Commerce 4","addressLocality":"Gen\u00e8ve","addressRegion":"GE","postalCode":"1204","addressCountry":"CH"},"telephone":"+41 22 436 86 81","contactPoint":{"@type":"ContactPoint","telephone":"+41 22 436 86 81","contactType":"customer service","areaServed":"Canton de Gen\u00e8ve","availableLanguage":["fr","en","de","it","es"]},"parentOrganization":{"@type":"Organization","name":"i4M Services Informatiques S\u00e0rl","url":"https:\/\/i4m.ch"}},{"@type":"Organization","@id":"https:\/\/depannageinformatique.ch\/de\/#organization","name":"D\u00e9pannage Informatique Gen\u00e8ve","description":"D\u00e9pannage Informatique Gen\u00e8ve est une entreprise situ\u00e9e \u00e0 Gen\u00e8ve, sp\u00e9cialis\u00e9e dans le d\u00e9pannage informatique, l'assistance technique, et la maintenance de syst\u00e8mes informatiques pour les particuliers et les entreprises. Leur \u00e9quipe d'experts offre une large gamme de services, incluant la r\u00e9paration d'ordinateurs, la r\u00e9cup\u00e9ration de donn\u00e9es, l'installation de logiciels, ainsi que des conseils pour optimiser les performances des \u00e9quipements informatiques. En plus de leur expertise en mati\u00e8re de d\u00e9pannage, D\u00e9pannage se distingue par son engagement \u00e0 fournir un service rapide, fiable et personnalis\u00e9, adapt\u00e9 aux besoins sp\u00e9cifiques de chaque client. Que ce soit pour r\u00e9soudre un probl\u00e8me technique complexe ou pour am\u00e9liorer l'efficacit\u00e9 des syst\u00e8mes informatiques, D\u00e9pannage Informatique Gen\u00e8ve se positionne comme un partenaire de confiance pour tous les besoins informatiques \u00e0 Gen\u00e8ve et dans les environs.","url":"https:\/\/depannageinformatique.ch\/de\/","email":"info@depannageinformatique.a2hosted.com","telephone":"+41798685050","foundingDate":"2015-01-01","numberOfEmployees":{"@type":"QuantitativeValue","minValue":0,"maxValue":5},"logo":{"@type":"ImageObject","url":"https:\/\/depannageinformatique.ch\/wp-content\/uploads\/2022\/04\/logo_footer.png","@id":"https:\/\/depannageinformatique.ch\/de\/#organizationLogo"},"image":{"@id":"https:\/\/depannageinformatique.ch\/de\/#organizationLogo"},"sameAs":["https:\/\/www.facebook.com\/depannageinformatiquegeneve","https:\/\/www.linkedin.com\/company\/18311498"],"address":{"@id":"https:\/\/depannageinformatique.ch\/de\/#postaladdress","@type":"PostalAddress","streetAddress":"Rue du Commerce 4,","postalCode":"1204","addressLocality":"Gen\u00e8ve","addressRegion":"GE","addressCountry":"CH"},"taxID":"CHE-325.495.659"},{"@type":"ProfessionalService","@id":"https:\/\/depannageinformatique.ch\/de\/#localbusiness","name":"D\u00e9pannage Informatique Gen\u00e8ve","brand":{"@id":"https:\/\/depannageinformatique.ch\/de\/#organization"},"url":"https:\/\/depannageinformatique.ch\/de\/","image":"https:\/\/depannageinformatique.ch\/wp-content\/uploads\/2022\/04\/logo_footer.png","logo":"https:\/\/depannageinformatique.ch\/de\/#logo","address":{"@id":"https:\/\/depannageinformatique.ch\/de\/#postaladdress","@type":"PostalAddress","streetAddress":"Rue du Commerce 4,","postalCode":"1204","addressLocality":"Gen\u00e8ve","addressRegion":"GE","addressCountry":"CH"},"email":"info@depannageinformatique.ch","telephone":"+41798685050","priceRange":"$$","currenciesAccepted":"CHF","paymentAccepted":"Credit Card, TWINT, Cash, Bill","areaServed":"Canton of Geneva","openingHoursSpecification":[{"@type":"OpeningHoursSpecification","dayOfWeek":["https:\/\/schema.org\/Monday"],"opens":"08:30","closes":"19:00"},{"@type":"OpeningHoursSpecification","dayOfWeek":["https:\/\/schema.org\/Tuesday"],"opens":"08:30","closes":"19:00"},{"@type":"OpeningHoursSpecification","dayOfWeek":["https:\/\/schema.org\/Wednesday"],"opens":"08:30","closes":"19:00"},{"@type":"OpeningHoursSpecification","dayOfWeek":["https:\/\/schema.org\/Thursday"],"opens":"08:30","closes":"19:00"},{"@type":"OpeningHoursSpecification","dayOfWeek":["https:\/\/schema.org\/Friday"],"opens":"08:30","closes":"19:00"},{"@type":"OpeningHoursSpecification","dayOfWeek":["https:\/\/schema.org\/Saturday"],"opens":"09:00","closes":"14:00"}],"location":{"@id":"https:\/\/depannageinformatique.ch\/de\/#postaladdress"},"taxID":"CHE-325.495.659"},{"@type":"WebPage","@id":"https:\/\/depannageinformatique.ch\/de\/#webpage","url":"https:\/\/depannageinformatique.ch\/de\/","name":"Computer Pannenhilfe Genf \u27a1\ufe0f 079 868 50 50","description":"Brauchen Sie Hilfe? Konkurrenzf\u00e4hige Preise. B\u00fcro im Stadtzentrum f\u00fcr die \u00d6ffentlichkeit zug\u00e4nglich. Computer-Pannenhilfe - PC- und Mac-Reparatur - Internet - E-Mail - Sicherheit.","inLanguage":"de-DE","isPartOf":{"@id":"https:\/\/depannageinformatique.ch\/de\/#website"},"breadcrumb":{"@id":"https:\/\/depannageinformatique.ch\/de\/#breadcrumblist"},"datePublished":"2025-07-03T10:53:41+02:00","dateModified":"2025-12-09T22:57:28+01:00"},{"@type":"WebSite","@id":"https:\/\/depannageinformatique.ch\/#website","url":"https:\/\/depannageinformatique.ch\/","name":"D\u00e9pannage Informatique Gen\u00e8ve","inLanguage":["fr","en","de","it"],"potentialAction":{"@type":"SearchAction","target":"https:\/\/depannageinformatique.ch\/?s={search_term_string}","query-input":"required name=search_term_string"}},{"@type":"WebSite","@id":"https:\/\/depannageinformatique.ch\/de\/#website","url":"https:\/\/depannageinformatique.ch\/de\/","name":"D\u00e9pannage Informatique Gen\u00e8ve - 079 868 50 50","alternateName":"D\u00e9pannage Informatique Gen\u00e8ve","description":"Votre expert informatique, pr\u00e8s de chez vous et \u00e0 prix attractif","inLanguage":"de-DE","publisher":{"@id":"https:\/\/depannageinformatique.ch\/de\/#organization"}}]},"og:locale":"de_DE","og:site_name":"D\u00e9pannage Informatique Gen\u00e8ve - Votre expert informatique, pr\u00e8s de chez vous et \u00e0 prix attractif","og:type":"website","og:title":"Computer Pannenhilfe Genf \u27a1\ufe0f 079 868 50 50","og:description":"Brauchen Sie Hilfe? Konkurrenzf\u00e4hige Preise. B\u00fcro im Stadtzentrum f\u00fcr die \u00d6ffentlichkeit zug\u00e4nglich. Computer-Pannenhilfe - PC- und Mac-Reparatur - Internet - E-Mail - Sicherheit.","og:url":"https:\/\/depannageinformatique.ch\/de\/","og:image":"https:\/\/depannageinformatique.ch\/wp-content\/uploads\/2022\/04\/logo_depannage_informatique_geneve.png","og:image:secure_url":"https:\/\/depannageinformatique.ch\/wp-content\/uploads\/2022\/04\/logo_depannage_informatique_geneve.png","twitter:card":"summary_large_image","twitter:title":"Computer Pannenhilfe Genf \u27a1\ufe0f 079 868 50 50","twitter:description":"Brauchen Sie Hilfe? Konkurrenzf\u00e4hige Preise. B\u00fcro im Stadtzentrum f\u00fcr die \u00d6ffentlichkeit zug\u00e4nglich. Computer-Pannenhilfe - PC- und Mac-Reparatur - Internet - E-Mail - Sicherheit.","twitter:image":"https:\/\/depannageinformatique.ch\/wp-content\/uploads\/2022\/04\/logo_depannage_informatique_geneve.png"},"aioseo_meta_data":{"post_id":"2293","title":"Computer Pannenhilfe Genf \u27a1\ufe0f 079 868 50 50","description":"Brauchen Sie Hilfe? Konkurrenzf\u00e4hige Preise. B\u00fcro im Stadtzentrum f\u00fcr die \u00d6ffentlichkeit zug\u00e4nglich. Computer-Pannenhilfe - PC- und Mac-Reparatur - Internet - E-Mail - Sicherheit.","keywords":null,"keyphrases":{"focus":{"keyphrase":"D\u00e9pannage Informatique","score":56,"analysis":{"keyphraseInTitle":{"score":3,"maxScore":9,"error":1},"keyphraseInDescription":{"score":3,"maxScore":9,"error":1},"keyphraseLength":{"score":9,"maxScore":9,"error":0,"length":3}}},"additional":[{"keyphrase":"Gen\u00e8ve","score":67,"analysis":{"keyphraseInDescription":{"score":3,"maxScore":9,"error":1},"keyphraseLength":{"score":9,"maxScore":9,"error":0,"length":2}}},{"keyphrase":"R\u00e9paration","score":67,"analysis":{"keyphraseInDescription":{"score":3,"maxScore":9,"error":1},"keyphraseLength":{"score":9,"maxScore":9,"error":0,"length":2}}}]},"primary_term":null,"canonical_url":null,"og_title":null,"og_description":null,"og_object_type":"website","og_image_type":"default","og_image_url":null,"og_image_width":null,"og_image_height":null,"og_image_custom_url":null,"og_image_custom_fields":null,"og_video":"","og_custom_url":null,"og_article_section":null,"og_article_tags":null,"twitter_use_og":false,"twitter_card":"default","twitter_image_type":"default","twitter_image_url":null,"twitter_image_custom_url":null,"twitter_image_custom_fields":null,"twitter_title":null,"twitter_description":null,"schema":{"blockGraphs":[],"customGraphs":[{"id":"#aioseo-custom-mf3syfp5","custom":true,"graphName":"LocalBusiness Geneve","schema":"{ \"@graph\": [ { \"@type\": \"WebSite\", \"@id\": \"https:\/\/depannageinformatique.ch\/#website\", \"url\": \"https:\/\/depannageinformatique.ch\/\", \"name\": \"D\u00e9pannage Informatique Gen\u00e8ve\", \"inLanguage\": [ \"fr\", \"en\", \"de\", \"it\" ], \"potentialAction\": { \"@type\": \"SearchAction\", \"target\": \"https:\/\/depannageinformatique.ch\/?s={search_term_string}\", \"query-input\": \"required name=search_term_string\" } }, { \"@type\": \"ITService\", \"@id\": \"https:\/\/depannageinformatique.ch\/#itservice\", \"name\": \"D\u00e9pannage Informatique Gen\u00e8ve\", \"alternateName\": [ \"R\u00e9paration ordinateur Gen\u00e8ve\", \"Assistance informatique Gen\u00e8ve\", \"Support informatique Gen\u00e8ve\", \"R\u00e9paration PC Gen\u00e8ve\", \"D\u00e9pannage Mac Gen\u00e8ve\", \"Technicien informatique Gen\u00e8ve\" ], \"url\": \"https:\/\/depannageinformatique.ch\/\", \"logo\": \"https:\/\/depannageinformatique.ch\/wp-content\/uploads\/2025\/04\/blue-cloud-electronics-depannage-text.webp\", \"image\": \"https:\/\/depannageinformatique.ch\/wp-content\/uploads\/2025\/04\/blue-cloud-electronics-depannage-text.webp\", \"description\": \"D\u00e9pannage Informatique Gen\u00e8ve \u2013 Assistance rapide pour particuliers et petites entreprises. R\u00e9paration PC\/Mac, maintenance, r\u00e9seaux et s\u00e9curit\u00e9 IT.\", \"areaServed\": \"Canton de Gen\u00e8ve, CH\", \"address\": { \"@type\": \"PostalAddress\", \"streetAddress\": \"Rue du Commerce 4\", \"addressLocality\": \"Gen\u00e8ve\", \"addressRegion\": \"GE\", \"postalCode\": \"1204\", \"addressCountry\": \"CH\" }, \"telephone\": \"+41 22 436 86 81\", \"contactPoint\": { \"@type\": \"ContactPoint\", \"telephone\": \"+41 22 436 86 81\", \"contactType\": \"customer service\", \"areaServed\": \"Canton de Gen\u00e8ve\", \"availableLanguage\": [ \"fr\", \"en\", \"de\", \"it\", \"es\" ] }, \"parentOrganization\": { \"@type\": \"Organization\", \"name\": \"i4M Services Informatiques S\u00e0rl\", \"url\": \"https:\/\/i4m.ch\" } } ] }"}],"default":{"data":{"Article":[],"Course":[],"Dataset":[],"FAQPage":[],"Movie":[],"Person":[],"Product":[],"ProductReview":[],"Car":[],"Recipe":[],"Service":[],"SoftwareApplication":[],"WebPage":[]},"graphName":"WebPage","isEnabled":true},"graphs":[]},"schema_type":"default","schema_type_options":null,"pillar_content":false,"robots_default":true,"robots_noindex":false,"robots_noarchive":false,"robots_nosnippet":false,"robots_nofollow":false,"robots_noimageindex":false,"robots_noodp":false,"robots_notranslate":false,"robots_max_snippet":"-1","robots_max_videopreview":"-1","robots_max_imagepreview":"large","priority":null,"frequency":"default","local_seo":null,"seo_analyzer_scan_date":"2025-12-09 22:00:09","breadcrumb_settings":null,"limit_modified_date":false,"reviewed_by":"0","open_ai":"{\"title\":{\"suggestions\":[],\"usage\":0},\"description\":{\"suggestions\":[],\"usage\":0}}","ai":{"faqs":[],"keyPoints":[],"titles":[],"descriptions":[],"socialPosts":{"email":[],"linkedin":[],"twitter":[],"facebook":[],"instagram":[]}},"created":"2025-07-03 08:53:42","updated":"2025-12-09 22:02:28"},"aioseo_breadcrumb":"<div class=\"aioseo-breadcrumbs\"><span class=\"aioseo-breadcrumb\">\n\t<a href=\"https:\/\/depannageinformatique.ch\/de\/\" title=\"Accueil\">Accueil<\/a>\n<\/span><span class=\"aioseo-breadcrumb-separator\">\u00bb<\/span><span class=\"aioseo-breadcrumb\">\n\tComputer Pannenhilfe Genf | Schnelle und professionelle Computerunterst\u00fctzung\n<\/span><\/div>","aioseo_breadcrumb_json":[{"label":"Accueil","link":"https:\/\/depannageinformatique.ch\/de\/"},{"label":"Computer Pannenhilfe Genf | Schnelle und professionelle Computerunterst\u00fctzung","link":"https:\/\/depannageinformatique.ch\/de\/"}],"_links":{"self":[{"href":"https:\/\/depannageinformatique.ch\/de\/wp-json\/wp\/v2\/pages\/2293","targetHints":{"allow":["GET"]}}],"collection":[{"href":"https:\/\/depannageinformatique.ch\/de\/wp-json\/wp\/v2\/pages"}],"about":[{"href":"https:\/\/depannageinformatique.ch\/de\/wp-json\/wp\/v2\/types\/page"}],"author":[{"embeddable":true,"href":"https:\/\/depannageinformatique.ch\/de\/wp-json\/wp\/v2\/users\/3"}],"replies":[{"embeddable":true,"href":"https:\/\/depannageinformatique.ch\/de\/wp-json\/wp\/v2\/comments?post=2293"}],"version-history":[{"count":0,"href":"https:\/\/depannageinformatique.ch\/de\/wp-json\/wp\/v2\/pages\/2293\/revisions"}],"wp:attachment":[{"href":"https:\/\/depannageinformatique.ch\/de\/wp-json\/wp\/v2\/media?parent=2293"}],"curies":[{"name":"wp","href":"https:\/\/api.w.org\/{rel}","templated":true}]}}