{"id":2355,"date":"2025-07-03T10:54:31","date_gmt":"2025-07-03T08:54:31","guid":{"rendered":"https:\/\/depannageinformatique.a2hosted.com\/computer-pannenhilfe-lancy-079-868-50-50\/"},"modified":"2025-12-10T10:47:03","modified_gmt":"2025-12-10T09:47:03","slug":"computer-pannenhilfe-lancy-079-868-50-50","status":"publish","type":"page","link":"https:\/\/depannageinformatique.ch\/de\/computer-pannenhilfe-lancy-079-868-50-50\/","title":{"rendered":"Computer Pannenhilfe Lancy | Computer Pannenhilfe Genf"},"content":{"rendered":"","protected":false},"excerpt":{"rendered":"","protected":false},"author":3,"featured_media":0,"parent":0,"menu_order":0,"comment_status":"closed","ping_status":"closed","template":"page-home.php","meta":{"_acf_changed":false,"footnotes":""},"class_list":["post-2355","page","type-page","status-publish","hentry"],"acf":[],"aioseo_notices":[],"aioseo_head":"\n\t\t<!-- All in One SEO Pro 4.9.5.1 - aioseo.com -->\n\t<meta name=\"description\" content=\"Esplanade de Pont-Rouge 4. Schnelle und effiziente Computer-Pannenhilfe in Lancy. Professionelle technische Unterst\u00fctzung f\u00fcr Privatpersonen und Unternehmen. Sofort verf\u00fcgbar.\" \/>\n\t<meta name=\"robots\" content=\"max-image-preview:large\" \/>\n\t<link rel=\"canonical\" href=\"https:\/\/depannageinformatique.ch\/de\/computer-pannenhilfe-lancy-079-868-50-50\/\" \/>\n\t<meta name=\"generator\" content=\"All in One SEO Pro (AIOSEO) 4.9.5.1\" \/>\n\t\t<meta property=\"og:locale\" content=\"de_DE\" \/>\n\t\t<meta property=\"og:site_name\" content=\"D\u00e9pannage Informatique Gen\u00e8ve - Votre expert informatique, pr\u00e8s de chez vous et \u00e0 prix attractif\" \/>\n\t\t<meta property=\"og:type\" content=\"article\" \/>\n\t\t<meta property=\"og:title\" content=\"Computer Pannenhilfe Lancy \ud83d\udc49 079 868 50 50\" \/>\n\t\t<meta property=\"og:description\" content=\"Esplanade de Pont-Rouge 4. Schnelle und effiziente Computer-Pannenhilfe in Lancy. Professionelle technische Unterst\u00fctzung f\u00fcr Privatpersonen und Unternehmen. Sofort verf\u00fcgbar.\" \/>\n\t\t<meta property=\"og:url\" content=\"https:\/\/depannageinformatique.ch\/de\/computer-pannenhilfe-lancy-079-868-50-50\/\" \/>\n\t\t<meta property=\"og:image\" content=\"https:\/\/depannageinformatique.ch\/wp-content\/uploads\/2022\/04\/logo_depannage_informatique_geneve.png\" \/>\n\t\t<meta property=\"og:image:secure_url\" content=\"https:\/\/depannageinformatique.ch\/wp-content\/uploads\/2022\/04\/logo_depannage_informatique_geneve.png\" \/>\n\t\t<meta property=\"article:published_time\" content=\"2025-07-03T08:54:31+00:00\" \/>\n\t\t<meta property=\"article:modified_time\" content=\"2025-12-10T09:47:03+00:00\" \/>\n\t\t<meta property=\"article:publisher\" content=\"https:\/\/www.facebook.com\/depannageinformatiquegeneve\" \/>\n\t\t<meta name=\"twitter:card\" content=\"summary_large_image\" \/>\n\t\t<meta name=\"twitter:title\" content=\"Computer Pannenhilfe Lancy \ud83d\udc49 079 868 50 50\" \/>\n\t\t<meta name=\"twitter:description\" content=\"Esplanade de Pont-Rouge 4. Schnelle und effiziente Computer-Pannenhilfe in Lancy. Professionelle technische Unterst\u00fctzung f\u00fcr Privatpersonen und Unternehmen. Sofort verf\u00fcgbar.\" \/>\n\t\t<meta name=\"twitter:image\" content=\"https:\/\/depannageinformatique.ch\/wp-content\/uploads\/2022\/04\/logo_depannage_informatique_geneve.png\" \/>\n\t\t<script type=\"application\/ld+json\" class=\"aioseo-schema\">\n\t\t\t{\"@context\":\"https:\\\/\\\/schema.org\",\"@graph\":[{\"@type\":\"BreadcrumbList\",\"@id\":\"https:\\\/\\\/depannageinformatique.ch\\\/de\\\/computer-pannenhilfe-lancy-079-868-50-50\\\/#breadcrumblist\",\"itemListElement\":[{\"@type\":\"ListItem\",\"@id\":\"https:\\\/\\\/depannageinformatique.ch\\\/de\\\/#listItem\",\"position\":1,\"name\":\"Accueil\",\"item\":\"https:\\\/\\\/depannageinformatique.ch\\\/de\\\/\",\"nextItem\":{\"@type\":\"ListItem\",\"@id\":\"https:\\\/\\\/depannageinformatique.ch\\\/de\\\/computer-pannenhilfe-lancy-079-868-50-50\\\/#listItem\",\"name\":\"Computer Pannenhilfe Lancy | Computer Pannenhilfe Genf\"}},{\"@type\":\"ListItem\",\"@id\":\"https:\\\/\\\/depannageinformatique.ch\\\/de\\\/computer-pannenhilfe-lancy-079-868-50-50\\\/#listItem\",\"position\":2,\"name\":\"Computer Pannenhilfe Lancy | Computer Pannenhilfe Genf\",\"previousItem\":{\"@type\":\"ListItem\",\"@id\":\"https:\\\/\\\/depannageinformatique.ch\\\/de\\\/#listItem\",\"name\":\"Accueil\"}}]},{\"@type\":\"LocalBusiness\",\"@id\":\"https:\\\/\\\/depannageinformatique.ch\\\/depannage-informatique-lancy\\\/#localbusiness\",\"name\":\"D\\u00e9pannage Informatique Gen\\u00e8ve \\u2013 Lancy\",\"url\":\"https:\\\/\\\/depannageinformatique.ch\\\/depannage-informatique-lancy\\\/\",\"image\":\"https:\\\/\\\/depannageinformatique.ch\\\/wp-content\\\/uploads\\\/lancy.jpg\",\"logo\":\"https:\\\/\\\/depannageinformatique.ch\\\/wp-content\\\/uploads\\\/2025\\\/04\\\/blue-cloud-electronics-depannage-text.webp\",\"alternateName\":[\"D\\u00e9pannage informatique Lancy\",\"R\\u00e9paration ordinateur Lancy\",\"Assistance informatique Lancy\",\"Support PC Mac Lancy\",\"Technicien informatique Lancy\"],\"telephone\":\"+41 22 436 86 81\",\"address\":{\"@type\":\"PostalAddress\",\"streetAddress\":\"Esplanade Pont-Rouge 4\",\"addressLocality\":\"Lancy\",\"addressRegion\":\"GE\",\"postalCode\":\"1212\",\"addressCountry\":\"CH\"},\"geo\":{\"@type\":\"GeoCoordinates\",\"latitude\":46.1829,\"longitude\":6.1286},\"areaServed\":{\"@type\":\"Place\",\"name\":\"Lancy, Gen\\u00e8ve\"},\"contactPoint\":{\"@type\":\"ContactPoint\",\"telephone\":\"+41 22 436 86 81\",\"contactType\":\"customer service\",\"availableLanguage\":[\"fr\",\"en\",\"de\",\"it\",\"es\"]},\"priceRange\":\"$$\",\"parentOrganization\":{\"@type\":\"Organization\",\"name\":\"i4M Services Informatiques S\\u00e0rl\",\"url\":\"https:\\\/\\\/i4m.ch\"}},{\"@type\":\"Organization\",\"@id\":\"https:\\\/\\\/depannageinformatique.ch\\\/de\\\/#organization\",\"name\":\"D\\u00e9pannage Informatique Gen\\u00e8ve\",\"description\":\"D\\u00e9pannage Informatique Gen\\u00e8ve est une entreprise situ\\u00e9e \\u00e0 Gen\\u00e8ve, sp\\u00e9cialis\\u00e9e dans le d\\u00e9pannage informatique, l'assistance technique, et la maintenance de syst\\u00e8mes informatiques pour les particuliers et les entreprises. Leur \\u00e9quipe d'experts offre une large gamme de services, incluant la r\\u00e9paration d'ordinateurs, la r\\u00e9cup\\u00e9ration de donn\\u00e9es, l'installation de logiciels, ainsi que des conseils pour optimiser les performances des \\u00e9quipements informatiques. En plus de leur expertise en mati\\u00e8re de d\\u00e9pannage, D\\u00e9pannage se distingue par son engagement \\u00e0 fournir un service rapide, fiable et personnalis\\u00e9, adapt\\u00e9 aux besoins sp\\u00e9cifiques de chaque client. Que ce soit pour r\\u00e9soudre un probl\\u00e8me technique complexe ou pour am\\u00e9liorer l'efficacit\\u00e9 des syst\\u00e8mes informatiques, D\\u00e9pannage Informatique Gen\\u00e8ve se positionne comme un partenaire de confiance pour tous les besoins informatiques \\u00e0 Gen\\u00e8ve et dans les environs.\",\"url\":\"https:\\\/\\\/depannageinformatique.ch\\\/de\\\/\",\"email\":\"info@depannageinformatique.a2hosted.com\",\"telephone\":\"+41798685050\",\"foundingDate\":\"2015-01-01\",\"numberOfEmployees\":{\"@type\":\"QuantitativeValue\",\"minValue\":0,\"maxValue\":5},\"logo\":{\"@type\":\"ImageObject\",\"url\":\"https:\\\/\\\/depannageinformatique.ch\\\/wp-content\\\/uploads\\\/2022\\\/04\\\/logo_footer.png\",\"@id\":\"https:\\\/\\\/depannageinformatique.ch\\\/de\\\/computer-pannenhilfe-lancy-079-868-50-50\\\/#organizationLogo\"},\"image\":{\"@id\":\"https:\\\/\\\/depannageinformatique.ch\\\/de\\\/computer-pannenhilfe-lancy-079-868-50-50\\\/#organizationLogo\"},\"sameAs\":[\"https:\\\/\\\/www.facebook.com\\\/depannageinformatiquegeneve\",\"https:\\\/\\\/www.linkedin.com\\\/company\\\/18311498\"],\"address\":{\"@id\":\"https:\\\/\\\/depannageinformatique.ch\\\/de\\\/#postaladdress\",\"@type\":\"PostalAddress\",\"streetAddress\":\"Rue du Commerce 4,\",\"postalCode\":\"1204\",\"addressLocality\":\"Gen\\u00e8ve\",\"addressRegion\":\"GE\",\"addressCountry\":\"CH\"},\"taxID\":\"CHE-325.495.659\"},{\"@type\":\"WebPage\",\"@id\":\"https:\\\/\\\/depannageinformatique.ch\\\/de\\\/computer-pannenhilfe-lancy-079-868-50-50\\\/#webpage\",\"url\":\"https:\\\/\\\/depannageinformatique.ch\\\/de\\\/computer-pannenhilfe-lancy-079-868-50-50\\\/\",\"name\":\"Computer Pannenhilfe Lancy \\ud83d\\udc49 079 868 50 50\",\"description\":\"Esplanade de Pont-Rouge 4. Schnelle und effiziente Computer-Pannenhilfe in Lancy. Professionelle technische Unterst\\u00fctzung f\\u00fcr Privatpersonen und Unternehmen. Sofort verf\\u00fcgbar.\",\"inLanguage\":\"de-DE\",\"isPartOf\":{\"@id\":\"https:\\\/\\\/depannageinformatique.ch\\\/de\\\/#website\"},\"breadcrumb\":{\"@id\":\"https:\\\/\\\/depannageinformatique.ch\\\/de\\\/computer-pannenhilfe-lancy-079-868-50-50\\\/#breadcrumblist\"},\"datePublished\":\"2025-07-03T10:54:31+02:00\",\"dateModified\":\"2025-12-10T10:47:03+01:00\"},{\"@type\":\"WebSite\",\"@id\":\"https:\\\/\\\/depannageinformatique.ch\\\/de\\\/#website\",\"url\":\"https:\\\/\\\/depannageinformatique.ch\\\/de\\\/\",\"name\":\"D\\u00e9pannage Informatique Gen\\u00e8ve - 079 868 50 50\",\"alternateName\":\"D\\u00e9pannage Informatique Gen\\u00e8ve\",\"description\":\"Votre expert informatique, pr\\u00e8s de chez vous et \\u00e0 prix attractif\",\"inLanguage\":\"de-DE\",\"publisher\":{\"@id\":\"https:\\\/\\\/depannageinformatique.ch\\\/de\\\/#organization\"}}]}\n\t\t<\/script>\n\t\t<!-- All in One SEO Pro -->\r\n\t\t<title>Computer Pannenhilfe Lancy \ud83d\udc49 079 868 50 50<\/title>\n\n","aioseo_head_json":{"title":"Computer Pannenhilfe Lancy \ud83d\udc49 079 868 50 50","description":"Esplanade de Pont-Rouge 4. Schnelle und effiziente Computer-Pannenhilfe in Lancy. Professionelle technische Unterst\u00fctzung f\u00fcr Privatpersonen und Unternehmen. Sofort verf\u00fcgbar.","canonical_url":"https:\/\/depannageinformatique.ch\/de\/computer-pannenhilfe-lancy-079-868-50-50\/","robots":"max-image-preview:large","keywords":"","webmasterTools":{"miscellaneous":""},"schema":{"@context":"https:\/\/schema.org","@graph":[{"@type":"BreadcrumbList","@id":"https:\/\/depannageinformatique.ch\/de\/computer-pannenhilfe-lancy-079-868-50-50\/#breadcrumblist","itemListElement":[{"@type":"ListItem","@id":"https:\/\/depannageinformatique.ch\/de\/#listItem","position":1,"name":"Accueil","item":"https:\/\/depannageinformatique.ch\/de\/","nextItem":{"@type":"ListItem","@id":"https:\/\/depannageinformatique.ch\/de\/computer-pannenhilfe-lancy-079-868-50-50\/#listItem","name":"Computer Pannenhilfe Lancy | Computer Pannenhilfe Genf"}},{"@type":"ListItem","@id":"https:\/\/depannageinformatique.ch\/de\/computer-pannenhilfe-lancy-079-868-50-50\/#listItem","position":2,"name":"Computer Pannenhilfe Lancy | Computer Pannenhilfe Genf","previousItem":{"@type":"ListItem","@id":"https:\/\/depannageinformatique.ch\/de\/#listItem","name":"Accueil"}}]},{"@type":"LocalBusiness","@id":"https:\/\/depannageinformatique.ch\/depannage-informatique-lancy\/#localbusiness","name":"D\u00e9pannage Informatique Gen\u00e8ve \u2013 Lancy","url":"https:\/\/depannageinformatique.ch\/depannage-informatique-lancy\/","image":"https:\/\/depannageinformatique.ch\/wp-content\/uploads\/lancy.jpg","logo":"https:\/\/depannageinformatique.ch\/wp-content\/uploads\/2025\/04\/blue-cloud-electronics-depannage-text.webp","alternateName":["D\u00e9pannage informatique Lancy","R\u00e9paration ordinateur Lancy","Assistance informatique Lancy","Support PC Mac Lancy","Technicien informatique Lancy"],"telephone":"+41 22 436 86 81","address":{"@type":"PostalAddress","streetAddress":"Esplanade Pont-Rouge 4","addressLocality":"Lancy","addressRegion":"GE","postalCode":"1212","addressCountry":"CH"},"geo":{"@type":"GeoCoordinates","latitude":46.1829,"longitude":6.1286},"areaServed":{"@type":"Place","name":"Lancy, Gen\u00e8ve"},"contactPoint":{"@type":"ContactPoint","telephone":"+41 22 436 86 81","contactType":"customer service","availableLanguage":["fr","en","de","it","es"]},"priceRange":"$$","parentOrganization":{"@type":"Organization","name":"i4M Services Informatiques S\u00e0rl","url":"https:\/\/i4m.ch"}},{"@type":"Organization","@id":"https:\/\/depannageinformatique.ch\/de\/#organization","name":"D\u00e9pannage Informatique Gen\u00e8ve","description":"D\u00e9pannage Informatique Gen\u00e8ve est une entreprise situ\u00e9e \u00e0 Gen\u00e8ve, sp\u00e9cialis\u00e9e dans le d\u00e9pannage informatique, l'assistance technique, et la maintenance de syst\u00e8mes informatiques pour les particuliers et les entreprises. Leur \u00e9quipe d'experts offre une large gamme de services, incluant la r\u00e9paration d'ordinateurs, la r\u00e9cup\u00e9ration de donn\u00e9es, l'installation de logiciels, ainsi que des conseils pour optimiser les performances des \u00e9quipements informatiques. En plus de leur expertise en mati\u00e8re de d\u00e9pannage, D\u00e9pannage se distingue par son engagement \u00e0 fournir un service rapide, fiable et personnalis\u00e9, adapt\u00e9 aux besoins sp\u00e9cifiques de chaque client. Que ce soit pour r\u00e9soudre un probl\u00e8me technique complexe ou pour am\u00e9liorer l'efficacit\u00e9 des syst\u00e8mes informatiques, D\u00e9pannage Informatique Gen\u00e8ve se positionne comme un partenaire de confiance pour tous les besoins informatiques \u00e0 Gen\u00e8ve et dans les environs.","url":"https:\/\/depannageinformatique.ch\/de\/","email":"info@depannageinformatique.a2hosted.com","telephone":"+41798685050","foundingDate":"2015-01-01","numberOfEmployees":{"@type":"QuantitativeValue","minValue":0,"maxValue":5},"logo":{"@type":"ImageObject","url":"https:\/\/depannageinformatique.ch\/wp-content\/uploads\/2022\/04\/logo_footer.png","@id":"https:\/\/depannageinformatique.ch\/de\/computer-pannenhilfe-lancy-079-868-50-50\/#organizationLogo"},"image":{"@id":"https:\/\/depannageinformatique.ch\/de\/computer-pannenhilfe-lancy-079-868-50-50\/#organizationLogo"},"sameAs":["https:\/\/www.facebook.com\/depannageinformatiquegeneve","https:\/\/www.linkedin.com\/company\/18311498"],"address":{"@id":"https:\/\/depannageinformatique.ch\/de\/#postaladdress","@type":"PostalAddress","streetAddress":"Rue du Commerce 4,","postalCode":"1204","addressLocality":"Gen\u00e8ve","addressRegion":"GE","addressCountry":"CH"},"taxID":"CHE-325.495.659"},{"@type":"WebPage","@id":"https:\/\/depannageinformatique.ch\/de\/computer-pannenhilfe-lancy-079-868-50-50\/#webpage","url":"https:\/\/depannageinformatique.ch\/de\/computer-pannenhilfe-lancy-079-868-50-50\/","name":"Computer Pannenhilfe Lancy \ud83d\udc49 079 868 50 50","description":"Esplanade de Pont-Rouge 4. Schnelle und effiziente Computer-Pannenhilfe in Lancy. Professionelle technische Unterst\u00fctzung f\u00fcr Privatpersonen und Unternehmen. Sofort verf\u00fcgbar.","inLanguage":"de-DE","isPartOf":{"@id":"https:\/\/depannageinformatique.ch\/de\/#website"},"breadcrumb":{"@id":"https:\/\/depannageinformatique.ch\/de\/computer-pannenhilfe-lancy-079-868-50-50\/#breadcrumblist"},"datePublished":"2025-07-03T10:54:31+02:00","dateModified":"2025-12-10T10:47:03+01:00"},{"@type":"WebSite","@id":"https:\/\/depannageinformatique.ch\/de\/#website","url":"https:\/\/depannageinformatique.ch\/de\/","name":"D\u00e9pannage Informatique Gen\u00e8ve - 079 868 50 50","alternateName":"D\u00e9pannage Informatique Gen\u00e8ve","description":"Votre expert informatique, pr\u00e8s de chez vous et \u00e0 prix attractif","inLanguage":"de-DE","publisher":{"@id":"https:\/\/depannageinformatique.ch\/de\/#organization"}}]},"og:locale":"de_DE","og:site_name":"D\u00e9pannage Informatique Gen\u00e8ve - Votre expert informatique, pr\u00e8s de chez vous et \u00e0 prix attractif","og:type":"article","og:title":"Computer Pannenhilfe Lancy \ud83d\udc49 079 868 50 50","og:description":"Esplanade de Pont-Rouge 4. Schnelle und effiziente Computer-Pannenhilfe in Lancy. Professionelle technische Unterst\u00fctzung f\u00fcr Privatpersonen und Unternehmen. Sofort verf\u00fcgbar.","og:url":"https:\/\/depannageinformatique.ch\/de\/computer-pannenhilfe-lancy-079-868-50-50\/","og:image":"https:\/\/depannageinformatique.ch\/wp-content\/uploads\/2022\/04\/logo_depannage_informatique_geneve.png","og:image:secure_url":"https:\/\/depannageinformatique.ch\/wp-content\/uploads\/2022\/04\/logo_depannage_informatique_geneve.png","article:published_time":"2025-07-03T08:54:31+00:00","article:modified_time":"2025-12-10T09:47:03+00:00","article:publisher":"https:\/\/www.facebook.com\/depannageinformatiquegeneve","twitter:card":"summary_large_image","twitter:title":"Computer Pannenhilfe Lancy \ud83d\udc49 079 868 50 50","twitter:description":"Esplanade de Pont-Rouge 4. Schnelle und effiziente Computer-Pannenhilfe in Lancy. Professionelle technische Unterst\u00fctzung f\u00fcr Privatpersonen und Unternehmen. Sofort verf\u00fcgbar.","twitter:image":"https:\/\/depannageinformatique.ch\/wp-content\/uploads\/2022\/04\/logo_depannage_informatique_geneve.png"},"aioseo_meta_data":{"post_id":"2355","title":"Computer Pannenhilfe Lancy \ud83d\udc49 079 868 50 50","description":"Esplanade de Pont-Rouge 4. Schnelle und effiziente Computer-Pannenhilfe in Lancy. Professionelle technische Unterst\u00fctzung f\u00fcr Privatpersonen und Unternehmen. Sofort verf\u00fcgbar.","keywords":null,"keyphrases":{"focus":{"keyphrase":"","score":0,"analysis":{"keyphraseInTitle":{"score":0,"maxScore":9,"error":1}}},"additional":[]},"primary_term":null,"canonical_url":null,"og_title":null,"og_description":null,"og_object_type":"default","og_image_type":"default","og_image_url":null,"og_image_width":null,"og_image_height":null,"og_image_custom_url":null,"og_image_custom_fields":null,"og_video":"","og_custom_url":null,"og_article_section":null,"og_article_tags":null,"twitter_use_og":false,"twitter_card":"default","twitter_image_type":"default","twitter_image_url":null,"twitter_image_custom_url":null,"twitter_image_custom_fields":null,"twitter_title":null,"twitter_description":null,"schema":{"blockGraphs":[],"customGraphs":[{"id":"#aioseo-custom-mf3rb2op","custom":true,"graphName":"LocalBusiness Lancy","schema":"{ \"@type\": \"LocalBusiness\", \"@id\": \"https:\/\/depannageinformatique.ch\/depannage-informatique-lancy\/#localbusiness\", \"name\": \"D\u00e9pannage Informatique Gen\u00e8ve \u2013 Lancy\", \"url\": \"https:\/\/depannageinformatique.ch\/depannage-informatique-lancy\/\", \"image\": \"https:\/\/depannageinformatique.ch\/wp-content\/uploads\/lancy.jpg\", \"logo\": \"https:\/\/depannageinformatique.ch\/wp-content\/uploads\/2025\/04\/blue-cloud-electronics-depannage-text.webp\", \"alternateName\": [ \"D\u00e9pannage informatique Lancy\", \"R\u00e9paration ordinateur Lancy\", \"Assistance informatique Lancy\", \"Support PC Mac Lancy\", \"Technicien informatique Lancy\" ], \"telephone\": \"+41 22 436 86 81\", \"address\": { \"@type\": \"PostalAddress\", \"streetAddress\": \"Esplanade Pont-Rouge 4\", \"addressLocality\": \"Lancy\", \"addressRegion\": \"GE\", \"postalCode\": \"1212\", \"addressCountry\": \"CH\" }, \"geo\": { \"@type\": \"GeoCoordinates\", \"latitude\": 46.1829, \"longitude\": 6.1286 }, \"areaServed\": { \"@type\": \"Place\", \"name\": \"Lancy, Gen\u00e8ve\" }, \"contactPoint\": { \"@type\": \"ContactPoint\", \"telephone\": \"+41 22 436 86 81\", \"contactType\": \"customer service\", \"availableLanguage\": [ \"fr\", \"en\", \"de\", \"it\", \"es\" ] }, \"priceRange\": \"$$\", \"parentOrganization\": { \"@type\": \"Organization\", \"name\": \"i4M Services Informatiques S\u00e0rl\", \"url\": \"https:\/\/i4m.ch\" } }"}],"default":{"data":{"Article":[],"Course":[],"Dataset":[],"FAQPage":[],"Movie":[],"Person":[],"Product":[],"ProductReview":[],"Car":[],"Recipe":[],"Service":[],"SoftwareApplication":[],"WebPage":[]},"graphName":"WebPage","isEnabled":true},"graphs":[]},"schema_type":"default","schema_type_options":null,"pillar_content":false,"robots_default":true,"robots_noindex":false,"robots_noarchive":false,"robots_nosnippet":false,"robots_nofollow":false,"robots_noimageindex":false,"robots_noodp":false,"robots_notranslate":false,"robots_max_snippet":"-1","robots_max_videopreview":"-1","robots_max_imagepreview":"large","priority":null,"frequency":"default","local_seo":null,"seo_analyzer_scan_date":"2025-12-10 09:49:36","breadcrumb_settings":null,"limit_modified_date":false,"reviewed_by":"0","open_ai":"{\"title\":{\"suggestions\":[],\"usage\":0},\"description\":{\"suggestions\":[],\"usage\":0}}","ai":{"faqs":[],"keyPoints":[],"titles":[],"descriptions":[],"socialPosts":{"email":[],"linkedin":[],"twitter":[],"facebook":[],"instagram":[]}},"created":"2025-07-03 08:54:32","updated":"2025-12-10 09:52:40"},"aioseo_breadcrumb":"<div class=\"aioseo-breadcrumbs\"><span class=\"aioseo-breadcrumb\">\n\t<a href=\"https:\/\/depannageinformatique.ch\/de\/\" title=\"Accueil\">Accueil<\/a>\n<\/span><span class=\"aioseo-breadcrumb-separator\">\u00bb<\/span><span class=\"aioseo-breadcrumb\">\n\tComputer Pannenhilfe Lancy | Computer Pannenhilfe Genf\n<\/span><\/div>","aioseo_breadcrumb_json":[{"label":"Accueil","link":"https:\/\/depannageinformatique.ch\/de\/"},{"label":"Computer Pannenhilfe Lancy | Computer Pannenhilfe Genf","link":"https:\/\/depannageinformatique.ch\/de\/computer-pannenhilfe-lancy-079-868-50-50\/"}],"_links":{"self":[{"href":"https:\/\/depannageinformatique.ch\/de\/wp-json\/wp\/v2\/pages\/2355","targetHints":{"allow":["GET"]}}],"collection":[{"href":"https:\/\/depannageinformatique.ch\/de\/wp-json\/wp\/v2\/pages"}],"about":[{"href":"https:\/\/depannageinformatique.ch\/de\/wp-json\/wp\/v2\/types\/page"}],"author":[{"embeddable":true,"href":"https:\/\/depannageinformatique.ch\/de\/wp-json\/wp\/v2\/users\/3"}],"replies":[{"embeddable":true,"href":"https:\/\/depannageinformatique.ch\/de\/wp-json\/wp\/v2\/comments?post=2355"}],"version-history":[{"count":0,"href":"https:\/\/depannageinformatique.ch\/de\/wp-json\/wp\/v2\/pages\/2355\/revisions"}],"wp:attachment":[{"href":"https:\/\/depannageinformatique.ch\/de\/wp-json\/wp\/v2\/media?parent=2355"}],"curies":[{"name":"wp","href":"https:\/\/api.w.org\/{rel}","templated":true}]}}