{"id":2371,"date":"2025-07-03T10:54:35","date_gmt":"2025-07-03T08:54:35","guid":{"rendered":"https:\/\/depannageinformatique.a2hosted.com\/wer-sind-wir\/"},"modified":"2026-04-27T15:04:08","modified_gmt":"2026-04-27T13:04:08","slug":"wer-sind-wir","status":"publish","type":"page","link":"https:\/\/depannageinformatique.ch\/de\/wer-sind-wir\/","title":{"rendered":"Wer sind wir?"},"content":{"rendered":"","protected":false},"excerpt":{"rendered":"","protected":false},"author":3,"featured_media":0,"parent":0,"menu_order":0,"comment_status":"closed","ping_status":"closed","template":"page-apropos.php","meta":{"_acf_changed":false,"footnotes":""},"class_list":["post-2371","page","type-page","status-publish","hentry"],"acf":[],"aioseo_notices":[],"aioseo_head":"\n\t\t<!-- All in One SEO Pro 4.9.6.2 - aioseo.com -->\n\t<meta name=\"description\" content=\"Wer sind wir? D\u00e9pannage Informatique Gen\u00e8ve: IT-Hilfe f\u00fcr Privatkunden und kleine Unternehmen in Genf. PC\/Mac-Reparatur, Support, Sicherheit und Backup.\" \/>\n\t<meta name=\"robots\" content=\"max-image-preview:large\" \/>\n\t<link rel=\"canonical\" href=\"https:\/\/depannageinformatique.ch\/de\/wer-sind-wir\/\" \/>\n\t<meta name=\"generator\" content=\"All in One SEO Pro (AIOSEO) 4.9.6.2\" \/>\n\t\t<meta property=\"og:locale\" content=\"de_DE\" \/>\n\t\t<meta property=\"og:site_name\" content=\"D\u00e9pannage Informatique Gen\u00e8ve - Votre expert informatique, pr\u00e8s de chez vous et \u00e0 prix attractif\" \/>\n\t\t<meta property=\"og:type\" content=\"article\" \/>\n\t\t<meta property=\"og:title\" content=\"Wer sind wir? - D\u00e9pannage Informatique Gen\u00e8ve\" \/>\n\t\t<meta property=\"og:description\" content=\"Wer sind wir? D\u00e9pannage Informatique Gen\u00e8ve: IT-Hilfe f\u00fcr Privatkunden und kleine Unternehmen in Genf. PC\/Mac-Reparatur, Support, Sicherheit und Backup.\" \/>\n\t\t<meta property=\"og:url\" content=\"https:\/\/depannageinformatique.ch\/de\/wer-sind-wir\/\" \/>\n\t\t<meta property=\"og:image\" content=\"https:\/\/depannageinformatique.ch\/wp-content\/uploads\/2022\/04\/logo_depannage_informatique_geneve.png\" \/>\n\t\t<meta property=\"og:image:secure_url\" content=\"https:\/\/depannageinformatique.ch\/wp-content\/uploads\/2022\/04\/logo_depannage_informatique_geneve.png\" \/>\n\t\t<meta property=\"article:published_time\" content=\"2025-07-03T08:54:35+00:00\" \/>\n\t\t<meta property=\"article:modified_time\" content=\"2026-04-27T13:04:08+00:00\" \/>\n\t\t<meta property=\"article:publisher\" content=\"https:\/\/www.facebook.com\/depannageinformatiquegeneve\" \/>\n\t\t<meta name=\"twitter:card\" content=\"summary_large_image\" \/>\n\t\t<meta name=\"twitter:title\" content=\"Wer sind wir? - D\u00e9pannage Informatique Gen\u00e8ve\" \/>\n\t\t<meta name=\"twitter:description\" content=\"Wer sind wir? D\u00e9pannage Informatique Gen\u00e8ve: IT-Hilfe f\u00fcr Privatkunden und kleine Unternehmen in Genf. PC\/Mac-Reparatur, Support, Sicherheit und Backup.\" \/>\n\t\t<meta name=\"twitter:image\" content=\"https:\/\/depannageinformatique.ch\/wp-content\/uploads\/2022\/04\/logo_depannage_informatique_geneve.png\" \/>\n\t\t<script type=\"application\/ld+json\" class=\"aioseo-schema\">\n\t\t\t{\"@context\":\"https:\\\/\\\/schema.org\",\"@graph\":[{\"@type\":\"BreadcrumbList\",\"@id\":\"https:\\\/\\\/depannageinformatique.ch\\\/de\\\/wer-sind-wir\\\/#breadcrumblist\",\"itemListElement\":[{\"@type\":\"ListItem\",\"@id\":\"https:\\\/\\\/depannageinformatique.ch\\\/de\\\/#listItem\",\"position\":1,\"name\":\"Accueil\",\"item\":\"https:\\\/\\\/depannageinformatique.ch\\\/de\\\/\",\"nextItem\":{\"@type\":\"ListItem\",\"@id\":\"https:\\\/\\\/depannageinformatique.ch\\\/de\\\/wer-sind-wir\\\/#listItem\",\"name\":\"Wer sind wir?\"}},{\"@type\":\"ListItem\",\"@id\":\"https:\\\/\\\/depannageinformatique.ch\\\/de\\\/wer-sind-wir\\\/#listItem\",\"position\":2,\"name\":\"Wer sind wir?\",\"previousItem\":{\"@type\":\"ListItem\",\"@id\":\"https:\\\/\\\/depannageinformatique.ch\\\/de\\\/#listItem\",\"name\":\"Accueil\"}}]},{\"@type\":\"Organization\",\"@id\":\"https:\\\/\\\/depannageinformatique.ch\\\/de\\\/#organization\",\"name\":\"D\\u00e9pannage Informatique Gen\\u00e8ve\",\"description\":\"D\\u00e9pannage Informatique Gen\\u00e8ve est la marque commerciale de proximit\\u00e9 d'i4M Services Informatiques S\\u00e0rl.\",\"url\":\"https:\\\/\\\/depannageinformatique.ch\\\/de\\\/\",\"email\":\"info@depannageinformatique.ch\",\"telephone\":\"+41798685050\",\"foundingDate\":\"2020-12-22\",\"numberOfEmployees\":{\"@type\":\"QuantitativeValue\",\"minValue\":0,\"maxValue\":5},\"logo\":{\"@type\":\"ImageObject\",\"url\":\"https:\\\/\\\/depannageinformatique.ch\\\/wp-content\\\/uploads\\\/2022\\\/04\\\/logo_footer.png\",\"@id\":\"https:\\\/\\\/depannageinformatique.ch\\\/de\\\/wer-sind-wir\\\/#organizationLogo\"},\"image\":{\"@id\":\"https:\\\/\\\/depannageinformatique.ch\\\/de\\\/wer-sind-wir\\\/#organizationLogo\"},\"sameAs\":[\"https:\\\/\\\/www.facebook.com\\\/depannageinformatiquegeneve\",\"https:\\\/\\\/www.linkedin.com\\\/company\\\/18311498\"],\"address\":{\"@id\":\"https:\\\/\\\/depannageinformatique.ch\\\/de\\\/#postaladdress\",\"@type\":\"PostalAddress\",\"streetAddress\":\"Rue du Commerce 4,\",\"postalCode\":\"1204\",\"addressLocality\":\"Gen\\u00e8ve\",\"addressRegion\":\"GE\",\"addressCountry\":\"CH\"},\"taxID\":\"CHE-325.495.659\"},{\"@type\":\"WebPage\",\"@id\":\"https:\\\/\\\/depannageinformatique.ch\\\/de\\\/wer-sind-wir\\\/#webpage\",\"url\":\"https:\\\/\\\/depannageinformatique.ch\\\/de\\\/wer-sind-wir\\\/\",\"name\":\"Wer sind wir? - D\\u00e9pannage Informatique Gen\\u00e8ve\",\"description\":\"Wer sind wir? D\\u00e9pannage Informatique Gen\\u00e8ve: IT-Hilfe f\\u00fcr Privatkunden und kleine Unternehmen in Genf. PC\\\/Mac-Reparatur, Support, Sicherheit und Backup.\",\"inLanguage\":\"de-DE\",\"isPartOf\":{\"@id\":\"https:\\\/\\\/depannageinformatique.ch\\\/de\\\/#website\"},\"breadcrumb\":{\"@id\":\"https:\\\/\\\/depannageinformatique.ch\\\/de\\\/wer-sind-wir\\\/#breadcrumblist\"},\"datePublished\":\"2025-07-03T10:54:35+02:00\",\"dateModified\":\"2026-04-27T15:04:08+02:00\"},{\"@type\":\"WebSite\",\"@id\":\"https:\\\/\\\/depannageinformatique.ch\\\/de\\\/#website\",\"url\":\"https:\\\/\\\/depannageinformatique.ch\\\/de\\\/\",\"name\":\"D\\u00e9pannage Informatique Gen\\u00e8ve - 079 868 50 50\",\"alternateName\":\"D\\u00e9pannage Informatique Gen\\u00e8ve\",\"description\":\"Votre expert informatique, pr\\u00e8s de chez vous et \\u00e0 prix attractif\",\"inLanguage\":\"de-DE\",\"publisher\":{\"@id\":\"https:\\\/\\\/depannageinformatique.ch\\\/de\\\/#organization\"}}]}\n\t\t<\/script>\n\t\t<!-- All in One SEO Pro -->\r\n\t\t<title>Wer sind wir? - D\u00e9pannage Informatique Gen\u00e8ve<\/title>\n\n","aioseo_head_json":{"title":"Wer sind wir? - D\u00e9pannage Informatique Gen\u00e8ve","description":"Wer sind wir? D\u00e9pannage Informatique Gen\u00e8ve: IT-Hilfe f\u00fcr Privatkunden und kleine Unternehmen in Genf. PC\/Mac-Reparatur, Support, Sicherheit und Backup.","canonical_url":"https:\/\/depannageinformatique.ch\/de\/wer-sind-wir\/","robots":"max-image-preview:large","keywords":"","webmasterTools":{"miscellaneous":""},"schema":{"@context":"https:\/\/schema.org","@graph":[{"@type":"BreadcrumbList","@id":"https:\/\/depannageinformatique.ch\/de\/wer-sind-wir\/#breadcrumblist","itemListElement":[{"@type":"ListItem","@id":"https:\/\/depannageinformatique.ch\/de\/#listItem","position":1,"name":"Accueil","item":"https:\/\/depannageinformatique.ch\/de\/","nextItem":{"@type":"ListItem","@id":"https:\/\/depannageinformatique.ch\/de\/wer-sind-wir\/#listItem","name":"Wer sind wir?"}},{"@type":"ListItem","@id":"https:\/\/depannageinformatique.ch\/de\/wer-sind-wir\/#listItem","position":2,"name":"Wer sind wir?","previousItem":{"@type":"ListItem","@id":"https:\/\/depannageinformatique.ch\/de\/#listItem","name":"Accueil"}}]},{"@type":"Organization","@id":"https:\/\/depannageinformatique.ch\/de\/#organization","name":"D\u00e9pannage Informatique Gen\u00e8ve","description":"D\u00e9pannage Informatique Gen\u00e8ve est la marque commerciale de proximit\u00e9 d'i4M Services Informatiques S\u00e0rl.","url":"https:\/\/depannageinformatique.ch\/de\/","email":"info@depannageinformatique.ch","telephone":"+41798685050","foundingDate":"2020-12-22","numberOfEmployees":{"@type":"QuantitativeValue","minValue":0,"maxValue":5},"logo":{"@type":"ImageObject","url":"https:\/\/depannageinformatique.ch\/wp-content\/uploads\/2022\/04\/logo_footer.png","@id":"https:\/\/depannageinformatique.ch\/de\/wer-sind-wir\/#organizationLogo"},"image":{"@id":"https:\/\/depannageinformatique.ch\/de\/wer-sind-wir\/#organizationLogo"},"sameAs":["https:\/\/www.facebook.com\/depannageinformatiquegeneve","https:\/\/www.linkedin.com\/company\/18311498"],"address":{"@id":"https:\/\/depannageinformatique.ch\/de\/#postaladdress","@type":"PostalAddress","streetAddress":"Rue du Commerce 4,","postalCode":"1204","addressLocality":"Gen\u00e8ve","addressRegion":"GE","addressCountry":"CH"},"taxID":"CHE-325.495.659"},{"@type":"WebPage","@id":"https:\/\/depannageinformatique.ch\/de\/wer-sind-wir\/#webpage","url":"https:\/\/depannageinformatique.ch\/de\/wer-sind-wir\/","name":"Wer sind wir? - D\u00e9pannage Informatique Gen\u00e8ve","description":"Wer sind wir? D\u00e9pannage Informatique Gen\u00e8ve: IT-Hilfe f\u00fcr Privatkunden und kleine Unternehmen in Genf. PC\/Mac-Reparatur, Support, Sicherheit und Backup.","inLanguage":"de-DE","isPartOf":{"@id":"https:\/\/depannageinformatique.ch\/de\/#website"},"breadcrumb":{"@id":"https:\/\/depannageinformatique.ch\/de\/wer-sind-wir\/#breadcrumblist"},"datePublished":"2025-07-03T10:54:35+02:00","dateModified":"2026-04-27T15:04:08+02:00"},{"@type":"WebSite","@id":"https:\/\/depannageinformatique.ch\/de\/#website","url":"https:\/\/depannageinformatique.ch\/de\/","name":"D\u00e9pannage Informatique Gen\u00e8ve - 079 868 50 50","alternateName":"D\u00e9pannage Informatique Gen\u00e8ve","description":"Votre expert informatique, pr\u00e8s de chez vous et \u00e0 prix attractif","inLanguage":"de-DE","publisher":{"@id":"https:\/\/depannageinformatique.ch\/de\/#organization"}}]},"og:locale":"de_DE","og:site_name":"D\u00e9pannage Informatique Gen\u00e8ve - Votre expert informatique, pr\u00e8s de chez vous et \u00e0 prix attractif","og:type":"article","og:title":"Wer sind wir? - D\u00e9pannage Informatique Gen\u00e8ve","og:description":"Wer sind wir? D\u00e9pannage Informatique Gen\u00e8ve: IT-Hilfe f\u00fcr Privatkunden und kleine Unternehmen in Genf. PC\/Mac-Reparatur, Support, Sicherheit und Backup.","og:url":"https:\/\/depannageinformatique.ch\/de\/wer-sind-wir\/","og:image":"https:\/\/depannageinformatique.ch\/wp-content\/uploads\/2022\/04\/logo_depannage_informatique_geneve.png","og:image:secure_url":"https:\/\/depannageinformatique.ch\/wp-content\/uploads\/2022\/04\/logo_depannage_informatique_geneve.png","article:published_time":"2025-07-03T08:54:35+00:00","article:modified_time":"2026-04-27T13:04:08+00:00","article:publisher":"https:\/\/www.facebook.com\/depannageinformatiquegeneve","twitter:card":"summary_large_image","twitter:title":"Wer sind wir? - D\u00e9pannage Informatique Gen\u00e8ve","twitter:description":"Wer sind wir? D\u00e9pannage Informatique Gen\u00e8ve: IT-Hilfe f\u00fcr Privatkunden und kleine Unternehmen in Genf. PC\/Mac-Reparatur, Support, Sicherheit und Backup.","twitter:image":"https:\/\/depannageinformatique.ch\/wp-content\/uploads\/2022\/04\/logo_depannage_informatique_geneve.png"},"aioseo_meta_data":{"post_id":"2371","title":null,"description":"Wer sind wir? D\u00e9pannage Informatique Gen\u00e8ve: IT-Hilfe f\u00fcr Privatkunden und kleine Unternehmen in Genf. PC\/Mac-Reparatur, Support, Sicherheit und Backup.","keywords":null,"keyphrases":{"focus":{"keyphrase":"","score":0,"analysis":{"keyphraseInTitle":{"score":0,"maxScore":9,"error":1}}},"additional":[]},"primary_term":null,"canonical_url":null,"og_title":null,"og_description":null,"og_object_type":"default","og_image_type":"default","og_image_url":null,"og_image_width":null,"og_image_height":null,"og_image_custom_url":null,"og_image_custom_fields":null,"og_video":"","og_custom_url":null,"og_article_section":null,"og_article_tags":null,"twitter_use_og":false,"twitter_card":"default","twitter_image_type":"default","twitter_image_url":null,"twitter_image_custom_url":null,"twitter_image_custom_fields":null,"twitter_title":null,"twitter_description":null,"schema":{"blockGraphs":[],"customGraphs":[],"default":{"data":{"Article":[],"Course":[],"Dataset":[],"FAQPage":[],"Movie":[],"Person":[],"Product":[],"ProductReview":[],"Car":[],"Recipe":[],"Service":[],"SoftwareApplication":[],"WebPage":[]},"graphName":"WebPage","isEnabled":true},"graphs":[]},"schema_type":"default","schema_type_options":null,"pillar_content":false,"robots_default":true,"robots_noindex":false,"robots_noarchive":false,"robots_nosnippet":false,"robots_nofollow":false,"robots_noimageindex":false,"robots_noodp":false,"robots_notranslate":false,"robots_max_snippet":"-1","robots_max_videopreview":"-1","robots_max_imagepreview":"large","priority":null,"frequency":"default","local_seo":null,"seo_analyzer_scan_date":"2026-04-27 13:21:01","breadcrumb_settings":null,"limit_modified_date":false,"reviewed_by":"0","open_ai":"{\"title\":{\"suggestions\":[],\"usage\":0},\"description\":{\"suggestions\":[],\"usage\":0}}","ai":{"faqs":[],"keyPoints":[],"titles":[],"descriptions":[],"socialPosts":{"email":[],"linkedin":[],"twitter":[],"facebook":[],"instagram":[]}},"created":"2025-07-03 08:54:35","updated":"2026-04-27 13:21:03"},"aioseo_breadcrumb":"<div class=\"aioseo-breadcrumbs\"><span class=\"aioseo-breadcrumb\">\n\t<a href=\"https:\/\/depannageinformatique.ch\/de\/\" title=\"Accueil\">Accueil<\/a>\n<\/span><span class=\"aioseo-breadcrumb-separator\">\u00bb<\/span><span class=\"aioseo-breadcrumb\">\n\tWer sind wir?\n<\/span><\/div>","aioseo_breadcrumb_json":[{"label":"Accueil","link":"https:\/\/depannageinformatique.ch\/de\/"},{"label":"Wer sind wir?","link":"https:\/\/depannageinformatique.ch\/de\/wer-sind-wir\/"}],"_links":{"self":[{"href":"https:\/\/depannageinformatique.ch\/de\/wp-json\/wp\/v2\/pages\/2371","targetHints":{"allow":["GET"]}}],"collection":[{"href":"https:\/\/depannageinformatique.ch\/de\/wp-json\/wp\/v2\/pages"}],"about":[{"href":"https:\/\/depannageinformatique.ch\/de\/wp-json\/wp\/v2\/types\/page"}],"author":[{"embeddable":true,"href":"https:\/\/depannageinformatique.ch\/de\/wp-json\/wp\/v2\/users\/3"}],"replies":[{"embeddable":true,"href":"https:\/\/depannageinformatique.ch\/de\/wp-json\/wp\/v2\/comments?post=2371"}],"version-history":[{"count":0,"href":"https:\/\/depannageinformatique.ch\/de\/wp-json\/wp\/v2\/pages\/2371\/revisions"}],"wp:attachment":[{"href":"https:\/\/depannageinformatique.ch\/de\/wp-json\/wp\/v2\/media?parent=2371"}],"curies":[{"name":"wp","href":"https:\/\/api.w.org\/{rel}","templated":true}]}}