{"id":2629,"date":"2025-07-04T16:42:26","date_gmt":"2025-07-04T14:42:26","guid":{"rendered":"https:\/\/depannageinformatique.a2hosted.com\/2629-2\/"},"modified":"2025-09-04T18:57:41","modified_gmt":"2025-09-04T16:57:41","slug":"2629-2","status":"publish","type":"page","link":"https:\/\/depannageinformatique.ch\/de\/2629-2\/","title":{"rendered":"Computer Pannenhilfe Nations | Computer Pannenhilfe Genf"},"content":{"rendered":"","protected":false},"excerpt":{"rendered":"","protected":false},"author":3,"featured_media":0,"parent":0,"menu_order":0,"comment_status":"closed","ping_status":"closed","template":"page-home.php","meta":{"_acf_changed":false,"footnotes":""},"class_list":["post-2629","page","type-page","status-publish","hentry"],"acf":[],"aioseo_notices":[],"aioseo_head":"\n\t\t<!-- All in One SEO Pro 4.9.6.2 - aioseo.com -->\n\t<meta name=\"robots\" content=\"max-image-preview:large\" \/>\n\t<link rel=\"canonical\" href=\"https:\/\/depannageinformatique.ch\/de\/2629-2\/\" \/>\n\t<meta name=\"generator\" content=\"All in One SEO Pro (AIOSEO) 4.9.6.2\" \/>\n\t\t<meta property=\"og:locale\" content=\"de_DE\" \/>\n\t\t<meta property=\"og:site_name\" content=\"D\u00e9pannage Informatique Gen\u00e8ve - Votre expert informatique, pr\u00e8s de chez vous et \u00e0 prix attractif\" \/>\n\t\t<meta property=\"og:type\" content=\"article\" \/>\n\t\t<meta property=\"og:title\" content=\"Computerpannenhilfe in Nations \ud83d\udc49 079 868 50 50\" \/>\n\t\t<meta property=\"og:url\" content=\"https:\/\/depannageinformatique.ch\/de\/2629-2\/\" \/>\n\t\t<meta property=\"og:image\" content=\"https:\/\/depannageinformatique.ch\/wp-content\/uploads\/2022\/04\/logo_depannage_informatique_geneve.png\" \/>\n\t\t<meta property=\"og:image:secure_url\" content=\"https:\/\/depannageinformatique.ch\/wp-content\/uploads\/2022\/04\/logo_depannage_informatique_geneve.png\" \/>\n\t\t<meta property=\"article:published_time\" content=\"2025-07-04T14:42:26+00:00\" \/>\n\t\t<meta property=\"article:modified_time\" content=\"2025-09-04T16:57:41+00:00\" \/>\n\t\t<meta property=\"article:publisher\" content=\"https:\/\/www.facebook.com\/depannageinformatiquegeneve\" \/>\n\t\t<meta name=\"twitter:card\" content=\"summary_large_image\" \/>\n\t\t<meta name=\"twitter:title\" content=\"Computerpannenhilfe in Nations \ud83d\udc49 079 868 50 50\" \/>\n\t\t<meta name=\"twitter:image\" content=\"https:\/\/depannageinformatique.ch\/wp-content\/uploads\/2022\/04\/logo_depannage_informatique_geneve.png\" \/>\n\t\t<script type=\"application\/ld+json\" class=\"aioseo-schema\">\n\t\t\t{\"@context\":\"https:\\\/\\\/schema.org\",\"@graph\":[{\"@type\":\"BreadcrumbList\",\"@id\":\"https:\\\/\\\/depannageinformatique.ch\\\/de\\\/2629-2\\\/#breadcrumblist\",\"itemListElement\":[{\"@type\":\"ListItem\",\"@id\":\"https:\\\/\\\/depannageinformatique.ch\\\/de\\\/#listItem\",\"position\":1,\"name\":\"Accueil\",\"item\":\"https:\\\/\\\/depannageinformatique.ch\\\/de\\\/\",\"nextItem\":{\"@type\":\"ListItem\",\"@id\":\"https:\\\/\\\/depannageinformatique.ch\\\/de\\\/2629-2\\\/#listItem\",\"name\":\"Computer Pannenhilfe Nations | Computer Pannenhilfe Genf\"}},{\"@type\":\"ListItem\",\"@id\":\"https:\\\/\\\/depannageinformatique.ch\\\/de\\\/2629-2\\\/#listItem\",\"position\":2,\"name\":\"Computer Pannenhilfe Nations | Computer Pannenhilfe Genf\",\"previousItem\":{\"@type\":\"ListItem\",\"@id\":\"https:\\\/\\\/depannageinformatique.ch\\\/de\\\/#listItem\",\"name\":\"Accueil\"}}]},{\"@type\":\"LocalBusiness\",\"@id\":\"https:\\\/\\\/depannageinformatique.ch\\\/depannage-informatique-nations\\\/#localbusiness\",\"name\":\"D\\u00e9pannage Informatique Gen\\u00e8ve \\u2013 Nations\",\"url\":\"https:\\\/\\\/depannageinformatique.ch\\\/depannage-informatique-nations\\\/\",\"image\":\"https:\\\/\\\/depannageinformatique.ch\\\/wp-content\\\/uploads\\\/nations.jpg\",\"logo\":\"https:\\\/\\\/depannageinformatique.ch\\\/wp-content\\\/uploads\\\/2025\\\/04\\\/blue-cloud-electronics-depannage-text.webp\",\"alternateName\":[\"D\\u00e9pannage informatique Nations\",\"R\\u00e9paration ordinateur Nations\",\"Assistance informatique Nations\",\"Support PC Mac Nations\",\"Technicien informatique Nations\"],\"telephone\":\"+41 22 436 86 81\",\"address\":{\"@type\":\"PostalAddress\",\"streetAddress\":\"Nations Business Centre, Rue du Pr\\u00e9-de-la-Bichette 1\\\/6th floor\",\"addressLocality\":\"Gen\\u00e8ve\",\"addressRegion\":\"GE\",\"postalCode\":\"1202\",\"addressCountry\":\"CH\"},\"geo\":{\"@type\":\"GeoCoordinates\",\"latitude\":46.2196,\"longitude\":6.1382},\"areaServed\":{\"@type\":\"Place\",\"name\":\"Quartier des Nations, Gen\\u00e8ve\"},\"contactPoint\":{\"@type\":\"ContactPoint\",\"telephone\":\"+41 22 436 86 81\",\"contactType\":\"customer service\",\"availableLanguage\":[\"fr\",\"en\",\"de\",\"it\",\"es\"]},\"priceRange\":\"$$\",\"parentOrganization\":{\"@type\":\"Organization\",\"name\":\"i4M Services Informatiques S\\u00e0rl\",\"url\":\"https:\\\/\\\/i4m.ch\"}},{\"@type\":\"Organization\",\"@id\":\"https:\\\/\\\/depannageinformatique.ch\\\/de\\\/#organization\",\"name\":\"D\\u00e9pannage Informatique Gen\\u00e8ve\",\"description\":\"D\\u00e9pannage Informatique Gen\\u00e8ve est la marque commerciale de proximit\\u00e9 d'i4M Services Informatiques S\\u00e0rl.\",\"url\":\"https:\\\/\\\/depannageinformatique.ch\\\/de\\\/\",\"email\":\"info@depannageinformatique.ch\",\"telephone\":\"+41798685050\",\"foundingDate\":\"2020-12-22\",\"numberOfEmployees\":{\"@type\":\"QuantitativeValue\",\"minValue\":0,\"maxValue\":5},\"logo\":{\"@type\":\"ImageObject\",\"url\":\"https:\\\/\\\/depannageinformatique.ch\\\/wp-content\\\/uploads\\\/2022\\\/04\\\/logo_footer.png\",\"@id\":\"https:\\\/\\\/depannageinformatique.ch\\\/de\\\/2629-2\\\/#organizationLogo\"},\"image\":{\"@id\":\"https:\\\/\\\/depannageinformatique.ch\\\/de\\\/2629-2\\\/#organizationLogo\"},\"sameAs\":[\"https:\\\/\\\/www.facebook.com\\\/depannageinformatiquegeneve\",\"https:\\\/\\\/www.linkedin.com\\\/company\\\/18311498\"],\"address\":{\"@id\":\"https:\\\/\\\/depannageinformatique.ch\\\/de\\\/#postaladdress\",\"@type\":\"PostalAddress\",\"streetAddress\":\"Rue du Commerce 4,\",\"postalCode\":\"1204\",\"addressLocality\":\"Gen\\u00e8ve\",\"addressRegion\":\"GE\",\"addressCountry\":\"CH\"},\"taxID\":\"CHE-325.495.659\"},{\"@type\":\"WebPage\",\"@id\":\"https:\\\/\\\/depannageinformatique.ch\\\/de\\\/2629-2\\\/#webpage\",\"url\":\"https:\\\/\\\/depannageinformatique.ch\\\/de\\\/2629-2\\\/\",\"name\":\"Computerpannenhilfe in Nations \\ud83d\\udc49 079 868 50 50\",\"inLanguage\":\"de-DE\",\"isPartOf\":{\"@id\":\"https:\\\/\\\/depannageinformatique.ch\\\/de\\\/#website\"},\"breadcrumb\":{\"@id\":\"https:\\\/\\\/depannageinformatique.ch\\\/de\\\/2629-2\\\/#breadcrumblist\"},\"datePublished\":\"2025-07-04T16:42:26+02:00\",\"dateModified\":\"2025-09-04T18:57:41+02:00\"},{\"@type\":\"WebSite\",\"@id\":\"https:\\\/\\\/depannageinformatique.ch\\\/de\\\/#website\",\"url\":\"https:\\\/\\\/depannageinformatique.ch\\\/de\\\/\",\"name\":\"D\\u00e9pannage Informatique Gen\\u00e8ve - 079 868 50 50\",\"alternateName\":\"D\\u00e9pannage Informatique Gen\\u00e8ve\",\"description\":\"Votre expert informatique, pr\\u00e8s de chez vous et \\u00e0 prix attractif\",\"inLanguage\":\"de-DE\",\"publisher\":{\"@id\":\"https:\\\/\\\/depannageinformatique.ch\\\/de\\\/#organization\"}}]}\n\t\t<\/script>\n\t\t<!-- All in One SEO Pro -->\r\n\t\t<title>Computerpannenhilfe in Nations \ud83d\udc49 079 868 50 50<\/title>\n\n","aioseo_head_json":{"title":"Computerpannenhilfe in Nations \ud83d\udc49 079 868 50 50","description":"","canonical_url":"https:\/\/depannageinformatique.ch\/de\/2629-2\/","robots":"max-image-preview:large","keywords":"","webmasterTools":{"miscellaneous":""},"schema":{"@context":"https:\/\/schema.org","@graph":[{"@type":"BreadcrumbList","@id":"https:\/\/depannageinformatique.ch\/de\/2629-2\/#breadcrumblist","itemListElement":[{"@type":"ListItem","@id":"https:\/\/depannageinformatique.ch\/de\/#listItem","position":1,"name":"Accueil","item":"https:\/\/depannageinformatique.ch\/de\/","nextItem":{"@type":"ListItem","@id":"https:\/\/depannageinformatique.ch\/de\/2629-2\/#listItem","name":"Computer Pannenhilfe Nations | Computer Pannenhilfe Genf"}},{"@type":"ListItem","@id":"https:\/\/depannageinformatique.ch\/de\/2629-2\/#listItem","position":2,"name":"Computer Pannenhilfe Nations | Computer Pannenhilfe Genf","previousItem":{"@type":"ListItem","@id":"https:\/\/depannageinformatique.ch\/de\/#listItem","name":"Accueil"}}]},{"@type":"LocalBusiness","@id":"https:\/\/depannageinformatique.ch\/depannage-informatique-nations\/#localbusiness","name":"D\u00e9pannage Informatique Gen\u00e8ve \u2013 Nations","url":"https:\/\/depannageinformatique.ch\/depannage-informatique-nations\/","image":"https:\/\/depannageinformatique.ch\/wp-content\/uploads\/nations.jpg","logo":"https:\/\/depannageinformatique.ch\/wp-content\/uploads\/2025\/04\/blue-cloud-electronics-depannage-text.webp","alternateName":["D\u00e9pannage informatique Nations","R\u00e9paration ordinateur Nations","Assistance informatique Nations","Support PC Mac Nations","Technicien informatique Nations"],"telephone":"+41 22 436 86 81","address":{"@type":"PostalAddress","streetAddress":"Nations Business Centre, Rue du Pr\u00e9-de-la-Bichette 1\/6th floor","addressLocality":"Gen\u00e8ve","addressRegion":"GE","postalCode":"1202","addressCountry":"CH"},"geo":{"@type":"GeoCoordinates","latitude":46.2196,"longitude":6.1382},"areaServed":{"@type":"Place","name":"Quartier des Nations, Gen\u00e8ve"},"contactPoint":{"@type":"ContactPoint","telephone":"+41 22 436 86 81","contactType":"customer service","availableLanguage":["fr","en","de","it","es"]},"priceRange":"$$","parentOrganization":{"@type":"Organization","name":"i4M Services Informatiques S\u00e0rl","url":"https:\/\/i4m.ch"}},{"@type":"Organization","@id":"https:\/\/depannageinformatique.ch\/de\/#organization","name":"D\u00e9pannage Informatique Gen\u00e8ve","description":"D\u00e9pannage Informatique Gen\u00e8ve est la marque commerciale de proximit\u00e9 d'i4M Services Informatiques S\u00e0rl.","url":"https:\/\/depannageinformatique.ch\/de\/","email":"info@depannageinformatique.ch","telephone":"+41798685050","foundingDate":"2020-12-22","numberOfEmployees":{"@type":"QuantitativeValue","minValue":0,"maxValue":5},"logo":{"@type":"ImageObject","url":"https:\/\/depannageinformatique.ch\/wp-content\/uploads\/2022\/04\/logo_footer.png","@id":"https:\/\/depannageinformatique.ch\/de\/2629-2\/#organizationLogo"},"image":{"@id":"https:\/\/depannageinformatique.ch\/de\/2629-2\/#organizationLogo"},"sameAs":["https:\/\/www.facebook.com\/depannageinformatiquegeneve","https:\/\/www.linkedin.com\/company\/18311498"],"address":{"@id":"https:\/\/depannageinformatique.ch\/de\/#postaladdress","@type":"PostalAddress","streetAddress":"Rue du Commerce 4,","postalCode":"1204","addressLocality":"Gen\u00e8ve","addressRegion":"GE","addressCountry":"CH"},"taxID":"CHE-325.495.659"},{"@type":"WebPage","@id":"https:\/\/depannageinformatique.ch\/de\/2629-2\/#webpage","url":"https:\/\/depannageinformatique.ch\/de\/2629-2\/","name":"Computerpannenhilfe in Nations \ud83d\udc49 079 868 50 50","inLanguage":"de-DE","isPartOf":{"@id":"https:\/\/depannageinformatique.ch\/de\/#website"},"breadcrumb":{"@id":"https:\/\/depannageinformatique.ch\/de\/2629-2\/#breadcrumblist"},"datePublished":"2025-07-04T16:42:26+02:00","dateModified":"2025-09-04T18:57:41+02:00"},{"@type":"WebSite","@id":"https:\/\/depannageinformatique.ch\/de\/#website","url":"https:\/\/depannageinformatique.ch\/de\/","name":"D\u00e9pannage Informatique Gen\u00e8ve - 079 868 50 50","alternateName":"D\u00e9pannage Informatique Gen\u00e8ve","description":"Votre expert informatique, pr\u00e8s de chez vous et \u00e0 prix attractif","inLanguage":"de-DE","publisher":{"@id":"https:\/\/depannageinformatique.ch\/de\/#organization"}}]},"og:locale":"de_DE","og:site_name":"D\u00e9pannage Informatique Gen\u00e8ve - Votre expert informatique, pr\u00e8s de chez vous et \u00e0 prix attractif","og:type":"article","og:title":"Computerpannenhilfe in Nations \ud83d\udc49 079 868 50 50","og:url":"https:\/\/depannageinformatique.ch\/de\/2629-2\/","og:image":"https:\/\/depannageinformatique.ch\/wp-content\/uploads\/2022\/04\/logo_depannage_informatique_geneve.png","og:image:secure_url":"https:\/\/depannageinformatique.ch\/wp-content\/uploads\/2022\/04\/logo_depannage_informatique_geneve.png","article:published_time":"2025-07-04T14:42:26+00:00","article:modified_time":"2025-09-04T16:57:41+00:00","article:publisher":"https:\/\/www.facebook.com\/depannageinformatiquegeneve","twitter:card":"summary_large_image","twitter:title":"Computerpannenhilfe in Nations \ud83d\udc49 079 868 50 50","twitter:image":"https:\/\/depannageinformatique.ch\/wp-content\/uploads\/2022\/04\/logo_depannage_informatique_geneve.png"},"aioseo_meta_data":{"post_id":"2629","title":"Computerpannenhilfe in Nations \ud83d\udc49 079 868 50 50","description":null,"keywords":null,"keyphrases":{"focus":{"keyphrase":"D\u00e9pannage Informatique","score":100,"analysis":{"keyphraseInTitle":{"score":9,"maxScore":9,"error":0},"keyphraseInDescription":[],"keyphraseLength":{"score":9,"maxScore":9,"error":0,"length":3},"keyphraseInURL":{"score":5,"maxScore":5,"error":0}}},"additional":[{"keyphrase":"Nations","score":100,"analysis":{"keyphraseInDescription":[],"keyphraseLength":{"score":9,"maxScore":9,"error":0,"length":1}}},{"keyphrase":"Support","score":100,"analysis":{"keyphraseInDescription":[],"keyphraseLength":{"score":9,"maxScore":9,"error":0,"length":1}}}]},"primary_term":null,"canonical_url":null,"og_title":null,"og_description":null,"og_object_type":"default","og_image_type":"default","og_image_url":null,"og_image_width":null,"og_image_height":null,"og_image_custom_url":null,"og_image_custom_fields":null,"og_video":"","og_custom_url":null,"og_article_section":null,"og_article_tags":null,"twitter_use_og":false,"twitter_card":"default","twitter_image_type":"default","twitter_image_url":null,"twitter_image_custom_url":null,"twitter_image_custom_fields":null,"twitter_title":null,"twitter_description":null,"schema":{"blockGraphs":[],"customGraphs":[{"id":"#aioseo-custom-mf3rdxy7","custom":true,"graphName":"LocalBusiness Nations","schema":"{ \"@type\": \"LocalBusiness\", \"@id\": \"https:\/\/depannageinformatique.ch\/depannage-informatique-nations\/#localbusiness\", \"name\": \"D\u00e9pannage Informatique Gen\u00e8ve \u2013 Nations\", \"url\": \"https:\/\/depannageinformatique.ch\/depannage-informatique-nations\/\", \"image\": \"https:\/\/depannageinformatique.ch\/wp-content\/uploads\/nations.jpg\", \"logo\": \"https:\/\/depannageinformatique.ch\/wp-content\/uploads\/2025\/04\/blue-cloud-electronics-depannage-text.webp\", \"alternateName\": [ \"D\u00e9pannage informatique Nations\", \"R\u00e9paration ordinateur Nations\", \"Assistance informatique Nations\", \"Support PC Mac Nations\", \"Technicien informatique Nations\" ], \"telephone\": \"+41 22 436 86 81\", \"address\": { \"@type\": \"PostalAddress\", \"streetAddress\": \"Nations Business Centre, Rue du Pr\u00e9-de-la-Bichette 1\/6th floor\", \"addressLocality\": \"Gen\u00e8ve\", \"addressRegion\": \"GE\", \"postalCode\": \"1202\", \"addressCountry\": \"CH\" }, \"geo\": { \"@type\": \"GeoCoordinates\", \"latitude\": 46.2196, \"longitude\": 6.1382 }, \"areaServed\": { \"@type\": \"Place\", \"name\": \"Quartier des Nations, Gen\u00e8ve\" }, \"contactPoint\": { \"@type\": \"ContactPoint\", \"telephone\": \"+41 22 436 86 81\", \"contactType\": \"customer service\", \"availableLanguage\": [ \"fr\", \"en\", \"de\", \"it\", \"es\" ] }, \"priceRange\": \"$$\", \"parentOrganization\": { \"@type\": \"Organization\", \"name\": \"i4M Services Informatiques S\u00e0rl\", \"url\": \"https:\/\/i4m.ch\" } }"}],"default":{"data":{"Article":[],"Course":[],"Dataset":[],"FAQPage":[],"Movie":[],"Person":[],"Product":[],"ProductReview":[],"Car":[],"Recipe":[],"Service":[],"SoftwareApplication":[],"WebPage":[]},"graphName":"WebPage","isEnabled":true},"graphs":[]},"schema_type":"default","schema_type_options":null,"pillar_content":false,"robots_default":true,"robots_noindex":false,"robots_noarchive":false,"robots_nosnippet":false,"robots_nofollow":false,"robots_noimageindex":false,"robots_noodp":false,"robots_notranslate":false,"robots_max_snippet":"-1","robots_max_videopreview":"-1","robots_max_imagepreview":"large","priority":null,"frequency":"default","local_seo":null,"seo_analyzer_scan_date":"2025-09-04 17:12:15","breadcrumb_settings":null,"limit_modified_date":false,"reviewed_by":"0","open_ai":null,"ai":{"faqs":[],"keyPoints":[],"titles":[],"descriptions":[],"socialPosts":{"email":[],"linkedin":[],"twitter":[],"facebook":[],"instagram":[]}},"created":"2025-07-04 14:42:26","updated":"2025-12-09 21:30:22"},"aioseo_breadcrumb":"<div class=\"aioseo-breadcrumbs\"><span class=\"aioseo-breadcrumb\">\n\t<a href=\"https:\/\/depannageinformatique.ch\/de\/\" title=\"Accueil\">Accueil<\/a>\n<\/span><span class=\"aioseo-breadcrumb-separator\">\u00bb<\/span><span class=\"aioseo-breadcrumb\">\n\tComputer Pannenhilfe Nations | Computer Pannenhilfe Genf\n<\/span><\/div>","aioseo_breadcrumb_json":[{"label":"Accueil","link":"https:\/\/depannageinformatique.ch\/de\/"},{"label":"Computer Pannenhilfe Nations | Computer Pannenhilfe Genf","link":"https:\/\/depannageinformatique.ch\/de\/2629-2\/"}],"_links":{"self":[{"href":"https:\/\/depannageinformatique.ch\/de\/wp-json\/wp\/v2\/pages\/2629","targetHints":{"allow":["GET"]}}],"collection":[{"href":"https:\/\/depannageinformatique.ch\/de\/wp-json\/wp\/v2\/pages"}],"about":[{"href":"https:\/\/depannageinformatique.ch\/de\/wp-json\/wp\/v2\/types\/page"}],"author":[{"embeddable":true,"href":"https:\/\/depannageinformatique.ch\/de\/wp-json\/wp\/v2\/users\/3"}],"replies":[{"embeddable":true,"href":"https:\/\/depannageinformatique.ch\/de\/wp-json\/wp\/v2\/comments?post=2629"}],"version-history":[{"count":0,"href":"https:\/\/depannageinformatique.ch\/de\/wp-json\/wp\/v2\/pages\/2629\/revisions"}],"wp:attachment":[{"href":"https:\/\/depannageinformatique.ch\/de\/wp-json\/wp\/v2\/media?parent=2629"}],"curies":[{"name":"wp","href":"https:\/\/api.w.org\/{rel}","templated":true}]}}