{"id":2151,"date":"2025-07-03T09:48:24","date_gmt":"2025-07-03T07:48:24","guid":{"rendered":"https:\/\/depannageinformatique.a2hosted.com\/depannage-informatique-lancy-079-868-50-50\/"},"modified":"2025-12-10T10:45:39","modified_gmt":"2025-12-10T09:45:39","slug":"computer-troubleshooting-lancy","status":"publish","type":"page","link":"https:\/\/depannageinformatique.ch\/en\/computer-troubleshooting-lancy\/","title":{"rendered":"Troubleshooting Lancy | Troubleshooting Geneva"},"content":{"rendered":"","protected":false},"excerpt":{"rendered":"","protected":false},"author":3,"featured_media":0,"parent":0,"menu_order":0,"comment_status":"closed","ping_status":"closed","template":"page-home.php","meta":{"_acf_changed":false,"footnotes":""},"class_list":["post-2151","page","type-page","status-publish","hentry"],"acf":[],"aioseo_notices":[],"aioseo_head":"\n\t\t<!-- All in One SEO Pro 4.9.6.2 - aioseo.com -->\n\t<meta name=\"description\" content=\"Esplanade de Pont-Rouge 4. Fast, efficient computer troubleshooting in Lancy. Professional technical assistance for individuals and companies. Immediate availability.\" \/>\n\t<meta name=\"robots\" content=\"max-image-preview:large\" \/>\n\t<link rel=\"canonical\" href=\"https:\/\/depannageinformatique.ch\/en\/computer-troubleshooting-lancy\/\" \/>\n\t<meta name=\"generator\" content=\"All in One SEO Pro (AIOSEO) 4.9.6.2\" \/>\n\t\t<meta property=\"og:locale\" content=\"en_US\" \/>\n\t\t<meta property=\"og:site_name\" content=\"D\u00e9pannage Informatique Gen\u00e8ve - Votre expert informatique, pr\u00e8s de chez vous et \u00e0 prix attractif\" \/>\n\t\t<meta property=\"og:type\" content=\"article\" \/>\n\t\t<meta property=\"og:title\" content=\"D\u00e9pannage Informatique Lancy \ud83d\udc49 079 868 50 50\" \/>\n\t\t<meta property=\"og:description\" content=\"Esplanade de Pont-Rouge 4. Fast, efficient computer troubleshooting in Lancy. Professional technical assistance for individuals and companies. Immediate availability.\" \/>\n\t\t<meta property=\"og:url\" content=\"https:\/\/depannageinformatique.ch\/en\/computer-troubleshooting-lancy\/\" \/>\n\t\t<meta property=\"og:image\" content=\"https:\/\/depannageinformatique.ch\/wp-content\/uploads\/2022\/04\/logo_depannage_informatique_geneve.png\" \/>\n\t\t<meta property=\"og:image:secure_url\" content=\"https:\/\/depannageinformatique.ch\/wp-content\/uploads\/2022\/04\/logo_depannage_informatique_geneve.png\" \/>\n\t\t<meta property=\"article:published_time\" content=\"2025-07-03T07:48:24+00:00\" \/>\n\t\t<meta property=\"article:modified_time\" content=\"2025-12-10T09:45:39+00:00\" \/>\n\t\t<meta property=\"article:publisher\" content=\"https:\/\/www.facebook.com\/depannageinformatiquegeneve\" \/>\n\t\t<meta name=\"twitter:card\" content=\"summary_large_image\" \/>\n\t\t<meta name=\"twitter:title\" content=\"D\u00e9pannage Informatique Lancy \ud83d\udc49 079 868 50 50\" \/>\n\t\t<meta name=\"twitter:description\" content=\"Esplanade de Pont-Rouge 4. Fast, efficient computer troubleshooting in Lancy. Professional technical assistance for individuals and companies. Immediate availability.\" \/>\n\t\t<meta name=\"twitter:image\" content=\"https:\/\/depannageinformatique.ch\/wp-content\/uploads\/2022\/04\/logo_depannage_informatique_geneve.png\" \/>\n\t\t<script type=\"application\/ld+json\" class=\"aioseo-schema\">\n\t\t\t{\"@context\":\"https:\\\/\\\/schema.org\",\"@graph\":[{\"@type\":\"BreadcrumbList\",\"@id\":\"https:\\\/\\\/depannageinformatique.ch\\\/en\\\/computer-troubleshooting-lancy\\\/#breadcrumblist\",\"itemListElement\":[{\"@type\":\"ListItem\",\"@id\":\"https:\\\/\\\/depannageinformatique.ch\\\/en\\\/#listItem\",\"position\":1,\"name\":\"Accueil\",\"item\":\"https:\\\/\\\/depannageinformatique.ch\\\/en\\\/\",\"nextItem\":{\"@type\":\"ListItem\",\"@id\":\"https:\\\/\\\/depannageinformatique.ch\\\/en\\\/computer-troubleshooting-lancy\\\/#listItem\",\"name\":\"Troubleshooting Lancy | Troubleshooting Geneva\"}},{\"@type\":\"ListItem\",\"@id\":\"https:\\\/\\\/depannageinformatique.ch\\\/en\\\/computer-troubleshooting-lancy\\\/#listItem\",\"position\":2,\"name\":\"Troubleshooting Lancy | Troubleshooting Geneva\",\"previousItem\":{\"@type\":\"ListItem\",\"@id\":\"https:\\\/\\\/depannageinformatique.ch\\\/en\\\/#listItem\",\"name\":\"Accueil\"}}]},{\"@type\":\"LocalBusiness\",\"@id\":\"https:\\\/\\\/depannageinformatique.ch\\\/depannage-informatique-lancy\\\/#localbusiness\",\"name\":\"D\\u00e9pannage Informatique Gen\\u00e8ve \\u2013 Lancy\",\"url\":\"https:\\\/\\\/depannageinformatique.ch\\\/depannage-informatique-lancy\\\/\",\"image\":\"https:\\\/\\\/depannageinformatique.ch\\\/wp-content\\\/uploads\\\/lancy.jpg\",\"logo\":\"https:\\\/\\\/depannageinformatique.ch\\\/wp-content\\\/uploads\\\/2025\\\/04\\\/blue-cloud-electronics-depannage-text.webp\",\"alternateName\":[\"D\\u00e9pannage informatique Lancy\",\"R\\u00e9paration ordinateur Lancy\",\"Assistance informatique Lancy\",\"Support PC Mac Lancy\",\"Technicien informatique Lancy\"],\"telephone\":\"+41 22 436 86 81\",\"address\":{\"@type\":\"PostalAddress\",\"streetAddress\":\"Esplanade Pont-Rouge 4\",\"addressLocality\":\"Lancy\",\"addressRegion\":\"GE\",\"postalCode\":\"1212\",\"addressCountry\":\"CH\"},\"geo\":{\"@type\":\"GeoCoordinates\",\"latitude\":46.1829,\"longitude\":6.1286},\"areaServed\":{\"@type\":\"Place\",\"name\":\"Lancy, Gen\\u00e8ve\"},\"contactPoint\":{\"@type\":\"ContactPoint\",\"telephone\":\"+41 22 436 86 81\",\"contactType\":\"customer service\",\"availableLanguage\":[\"fr\",\"en\",\"de\",\"it\",\"es\"]},\"priceRange\":\"$$\",\"parentOrganization\":{\"@type\":\"Organization\",\"name\":\"i4M Services Informatiques S\\u00e0rl\",\"url\":\"https:\\\/\\\/i4m.ch\"}},{\"@type\":\"Organization\",\"@id\":\"https:\\\/\\\/depannageinformatique.ch\\\/en\\\/#organization\",\"name\":\"D\\u00e9pannage Informatique Gen\\u00e8ve\",\"description\":\"D\\u00e9pannage Informatique Gen\\u00e8ve est la marque commerciale de proximit\\u00e9 d'i4M Services Informatiques S\\u00e0rl.\",\"url\":\"https:\\\/\\\/depannageinformatique.ch\\\/en\\\/\",\"email\":\"info@depannageinformatique.ch\",\"telephone\":\"+41798685050\",\"foundingDate\":\"2020-12-22\",\"numberOfEmployees\":{\"@type\":\"QuantitativeValue\",\"minValue\":0,\"maxValue\":5},\"logo\":{\"@type\":\"ImageObject\",\"url\":\"https:\\\/\\\/depannageinformatique.ch\\\/wp-content\\\/uploads\\\/2022\\\/04\\\/logo_footer.png\",\"@id\":\"https:\\\/\\\/depannageinformatique.ch\\\/en\\\/computer-troubleshooting-lancy\\\/#organizationLogo\"},\"image\":{\"@id\":\"https:\\\/\\\/depannageinformatique.ch\\\/en\\\/computer-troubleshooting-lancy\\\/#organizationLogo\"},\"sameAs\":[\"https:\\\/\\\/www.facebook.com\\\/depannageinformatiquegeneve\",\"https:\\\/\\\/www.linkedin.com\\\/company\\\/18311498\"],\"address\":{\"@id\":\"https:\\\/\\\/depannageinformatique.ch\\\/en\\\/#postaladdress\",\"@type\":\"PostalAddress\",\"streetAddress\":\"Rue du Commerce 4,\",\"postalCode\":\"1204\",\"addressLocality\":\"Gen\\u00e8ve\",\"addressRegion\":\"GE\",\"addressCountry\":\"CH\"},\"taxID\":\"CHE-325.495.659\"},{\"@type\":\"WebPage\",\"@id\":\"https:\\\/\\\/depannageinformatique.ch\\\/en\\\/computer-troubleshooting-lancy\\\/#webpage\",\"url\":\"https:\\\/\\\/depannageinformatique.ch\\\/en\\\/computer-troubleshooting-lancy\\\/\",\"name\":\"D\\u00e9pannage Informatique Lancy \\ud83d\\udc49 079 868 50 50\",\"description\":\"Esplanade de Pont-Rouge 4. Fast, efficient computer troubleshooting in Lancy. Professional technical assistance for individuals and companies. Immediate availability.\",\"inLanguage\":\"en-US\",\"isPartOf\":{\"@id\":\"https:\\\/\\\/depannageinformatique.ch\\\/en\\\/#website\"},\"breadcrumb\":{\"@id\":\"https:\\\/\\\/depannageinformatique.ch\\\/en\\\/computer-troubleshooting-lancy\\\/#breadcrumblist\"},\"datePublished\":\"2025-07-03T09:48:24+02:00\",\"dateModified\":\"2025-12-10T10:45:39+01:00\"},{\"@type\":\"WebSite\",\"@id\":\"https:\\\/\\\/depannageinformatique.ch\\\/en\\\/#website\",\"url\":\"https:\\\/\\\/depannageinformatique.ch\\\/en\\\/\",\"name\":\"D\\u00e9pannage Informatique Gen\\u00e8ve - 079 868 50 50\",\"alternateName\":\"D\\u00e9pannage Informatique Gen\\u00e8ve\",\"description\":\"Votre expert informatique, pr\\u00e8s de chez vous et \\u00e0 prix attractif\",\"inLanguage\":\"en-US\",\"publisher\":{\"@id\":\"https:\\\/\\\/depannageinformatique.ch\\\/en\\\/#organization\"}}]}\n\t\t<\/script>\n\t\t<!-- All in One SEO Pro -->\r\n\t\t<title>D\u00e9pannage Informatique Lancy \ud83d\udc49 079 868 50 50<\/title>\n\n","aioseo_head_json":{"title":"D\u00e9pannage Informatique Lancy \ud83d\udc49 079 868 50 50","description":"Esplanade de Pont-Rouge 4. Fast, efficient computer troubleshooting in Lancy. Professional technical assistance for individuals and companies. Immediate availability.","canonical_url":"https:\/\/depannageinformatique.ch\/en\/computer-troubleshooting-lancy\/","robots":"max-image-preview:large","keywords":"","webmasterTools":{"miscellaneous":""},"schema":{"@context":"https:\/\/schema.org","@graph":[{"@type":"BreadcrumbList","@id":"https:\/\/depannageinformatique.ch\/en\/computer-troubleshooting-lancy\/#breadcrumblist","itemListElement":[{"@type":"ListItem","@id":"https:\/\/depannageinformatique.ch\/en\/#listItem","position":1,"name":"Accueil","item":"https:\/\/depannageinformatique.ch\/en\/","nextItem":{"@type":"ListItem","@id":"https:\/\/depannageinformatique.ch\/en\/computer-troubleshooting-lancy\/#listItem","name":"Troubleshooting Lancy | Troubleshooting Geneva"}},{"@type":"ListItem","@id":"https:\/\/depannageinformatique.ch\/en\/computer-troubleshooting-lancy\/#listItem","position":2,"name":"Troubleshooting Lancy | Troubleshooting Geneva","previousItem":{"@type":"ListItem","@id":"https:\/\/depannageinformatique.ch\/en\/#listItem","name":"Accueil"}}]},{"@type":"LocalBusiness","@id":"https:\/\/depannageinformatique.ch\/depannage-informatique-lancy\/#localbusiness","name":"D\u00e9pannage Informatique Gen\u00e8ve \u2013 Lancy","url":"https:\/\/depannageinformatique.ch\/depannage-informatique-lancy\/","image":"https:\/\/depannageinformatique.ch\/wp-content\/uploads\/lancy.jpg","logo":"https:\/\/depannageinformatique.ch\/wp-content\/uploads\/2025\/04\/blue-cloud-electronics-depannage-text.webp","alternateName":["D\u00e9pannage informatique Lancy","R\u00e9paration ordinateur Lancy","Assistance informatique Lancy","Support PC Mac Lancy","Technicien informatique Lancy"],"telephone":"+41 22 436 86 81","address":{"@type":"PostalAddress","streetAddress":"Esplanade Pont-Rouge 4","addressLocality":"Lancy","addressRegion":"GE","postalCode":"1212","addressCountry":"CH"},"geo":{"@type":"GeoCoordinates","latitude":46.1829,"longitude":6.1286},"areaServed":{"@type":"Place","name":"Lancy, Gen\u00e8ve"},"contactPoint":{"@type":"ContactPoint","telephone":"+41 22 436 86 81","contactType":"customer service","availableLanguage":["fr","en","de","it","es"]},"priceRange":"$$","parentOrganization":{"@type":"Organization","name":"i4M Services Informatiques S\u00e0rl","url":"https:\/\/i4m.ch"}},{"@type":"Organization","@id":"https:\/\/depannageinformatique.ch\/en\/#organization","name":"D\u00e9pannage Informatique Gen\u00e8ve","description":"D\u00e9pannage Informatique Gen\u00e8ve est la marque commerciale de proximit\u00e9 d'i4M Services Informatiques S\u00e0rl.","url":"https:\/\/depannageinformatique.ch\/en\/","email":"info@depannageinformatique.ch","telephone":"+41798685050","foundingDate":"2020-12-22","numberOfEmployees":{"@type":"QuantitativeValue","minValue":0,"maxValue":5},"logo":{"@type":"ImageObject","url":"https:\/\/depannageinformatique.ch\/wp-content\/uploads\/2022\/04\/logo_footer.png","@id":"https:\/\/depannageinformatique.ch\/en\/computer-troubleshooting-lancy\/#organizationLogo"},"image":{"@id":"https:\/\/depannageinformatique.ch\/en\/computer-troubleshooting-lancy\/#organizationLogo"},"sameAs":["https:\/\/www.facebook.com\/depannageinformatiquegeneve","https:\/\/www.linkedin.com\/company\/18311498"],"address":{"@id":"https:\/\/depannageinformatique.ch\/en\/#postaladdress","@type":"PostalAddress","streetAddress":"Rue du Commerce 4,","postalCode":"1204","addressLocality":"Gen\u00e8ve","addressRegion":"GE","addressCountry":"CH"},"taxID":"CHE-325.495.659"},{"@type":"WebPage","@id":"https:\/\/depannageinformatique.ch\/en\/computer-troubleshooting-lancy\/#webpage","url":"https:\/\/depannageinformatique.ch\/en\/computer-troubleshooting-lancy\/","name":"D\u00e9pannage Informatique Lancy \ud83d\udc49 079 868 50 50","description":"Esplanade de Pont-Rouge 4. Fast, efficient computer troubleshooting in Lancy. Professional technical assistance for individuals and companies. Immediate availability.","inLanguage":"en-US","isPartOf":{"@id":"https:\/\/depannageinformatique.ch\/en\/#website"},"breadcrumb":{"@id":"https:\/\/depannageinformatique.ch\/en\/computer-troubleshooting-lancy\/#breadcrumblist"},"datePublished":"2025-07-03T09:48:24+02:00","dateModified":"2025-12-10T10:45:39+01:00"},{"@type":"WebSite","@id":"https:\/\/depannageinformatique.ch\/en\/#website","url":"https:\/\/depannageinformatique.ch\/en\/","name":"D\u00e9pannage Informatique Gen\u00e8ve - 079 868 50 50","alternateName":"D\u00e9pannage Informatique Gen\u00e8ve","description":"Votre expert informatique, pr\u00e8s de chez vous et \u00e0 prix attractif","inLanguage":"en-US","publisher":{"@id":"https:\/\/depannageinformatique.ch\/en\/#organization"}}]},"og:locale":"en_US","og:site_name":"D\u00e9pannage Informatique Gen\u00e8ve - Votre expert informatique, pr\u00e8s de chez vous et \u00e0 prix attractif","og:type":"article","og:title":"D\u00e9pannage Informatique Lancy \ud83d\udc49 079 868 50 50","og:description":"Esplanade de Pont-Rouge 4. Fast, efficient computer troubleshooting in Lancy. Professional technical assistance for individuals and companies. Immediate availability.","og:url":"https:\/\/depannageinformatique.ch\/en\/computer-troubleshooting-lancy\/","og:image":"https:\/\/depannageinformatique.ch\/wp-content\/uploads\/2022\/04\/logo_depannage_informatique_geneve.png","og:image:secure_url":"https:\/\/depannageinformatique.ch\/wp-content\/uploads\/2022\/04\/logo_depannage_informatique_geneve.png","article:published_time":"2025-07-03T07:48:24+00:00","article:modified_time":"2025-12-10T09:45:39+00:00","article:publisher":"https:\/\/www.facebook.com\/depannageinformatiquegeneve","twitter:card":"summary_large_image","twitter:title":"D\u00e9pannage Informatique Lancy \ud83d\udc49 079 868 50 50","twitter:description":"Esplanade de Pont-Rouge 4. Fast, efficient computer troubleshooting in Lancy. Professional technical assistance for individuals and companies. Immediate availability.","twitter:image":"https:\/\/depannageinformatique.ch\/wp-content\/uploads\/2022\/04\/logo_depannage_informatique_geneve.png"},"aioseo_meta_data":{"post_id":"2151","title":"D\u00e9pannage Informatique Lancy \ud83d\udc49 079 868 50 50","description":"Esplanade de Pont-Rouge 4. Fast, efficient computer troubleshooting in Lancy. Professional technical assistance for individuals and companies. Immediate availability.","keywords":null,"keyphrases":{"focus":{"keyphrase":"","score":0,"analysis":{"keyphraseInTitle":{"score":0,"maxScore":9,"error":1}}},"additional":[]},"primary_term":null,"canonical_url":null,"og_title":null,"og_description":null,"og_object_type":"default","og_image_type":"default","og_image_url":null,"og_image_width":null,"og_image_height":null,"og_image_custom_url":null,"og_image_custom_fields":null,"og_video":"","og_custom_url":null,"og_article_section":null,"og_article_tags":null,"twitter_use_og":false,"twitter_card":"default","twitter_image_type":"default","twitter_image_url":null,"twitter_image_custom_url":null,"twitter_image_custom_fields":null,"twitter_title":null,"twitter_description":null,"schema":{"blockGraphs":[],"customGraphs":[{"id":"#aioseo-custom-mf3rb2op","custom":true,"graphName":"LocalBusiness Lancy","schema":"{ \"@type\": \"LocalBusiness\", \"@id\": \"https:\/\/depannageinformatique.ch\/depannage-informatique-lancy\/#localbusiness\", \"name\": \"D\u00e9pannage Informatique Gen\u00e8ve \u2013 Lancy\", \"url\": \"https:\/\/depannageinformatique.ch\/depannage-informatique-lancy\/\", \"image\": \"https:\/\/depannageinformatique.ch\/wp-content\/uploads\/lancy.jpg\", \"logo\": \"https:\/\/depannageinformatique.ch\/wp-content\/uploads\/2025\/04\/blue-cloud-electronics-depannage-text.webp\", \"alternateName\": [ \"D\u00e9pannage informatique Lancy\", \"R\u00e9paration ordinateur Lancy\", \"Assistance informatique Lancy\", \"Support PC Mac Lancy\", \"Technicien informatique Lancy\" ], \"telephone\": \"+41 22 436 86 81\", \"address\": { \"@type\": \"PostalAddress\", \"streetAddress\": \"Esplanade Pont-Rouge 4\", \"addressLocality\": \"Lancy\", \"addressRegion\": \"GE\", \"postalCode\": \"1212\", \"addressCountry\": \"CH\" }, \"geo\": { \"@type\": \"GeoCoordinates\", \"latitude\": 46.1829, \"longitude\": 6.1286 }, \"areaServed\": { \"@type\": \"Place\", \"name\": \"Lancy, Gen\u00e8ve\" }, \"contactPoint\": { \"@type\": \"ContactPoint\", \"telephone\": \"+41 22 436 86 81\", \"contactType\": \"customer service\", \"availableLanguage\": [ \"fr\", \"en\", \"de\", \"it\", \"es\" ] }, \"priceRange\": \"$$\", \"parentOrganization\": { \"@type\": \"Organization\", \"name\": \"i4M Services Informatiques S\u00e0rl\", \"url\": \"https:\/\/i4m.ch\" } }"}],"default":{"data":{"Article":[],"Course":[],"Dataset":[],"FAQPage":[],"Movie":[],"Person":[],"Product":[],"ProductReview":[],"Car":[],"Recipe":[],"Service":[],"SoftwareApplication":[],"WebPage":[]},"graphName":"WebPage","isEnabled":true},"graphs":[]},"schema_type":"default","schema_type_options":null,"pillar_content":false,"robots_default":true,"robots_noindex":false,"robots_noarchive":false,"robots_nosnippet":false,"robots_nofollow":false,"robots_noimageindex":false,"robots_noodp":false,"robots_notranslate":false,"robots_max_snippet":"-1","robots_max_videopreview":"-1","robots_max_imagepreview":"large","priority":null,"frequency":"default","local_seo":null,"seo_analyzer_scan_date":"2025-12-10 09:49:36","breadcrumb_settings":null,"limit_modified_date":false,"reviewed_by":"0","open_ai":"{\"title\":{\"suggestions\":[],\"usage\":0},\"description\":{\"suggestions\":[],\"usage\":0}}","ai":{"faqs":[],"keyPoints":[],"titles":[],"descriptions":[],"socialPosts":{"email":[],"linkedin":[],"twitter":[],"facebook":[],"instagram":[]}},"created":"2025-07-03 07:48:25","updated":"2025-12-10 09:52:40"},"aioseo_breadcrumb":"<div class=\"aioseo-breadcrumbs\"><span class=\"aioseo-breadcrumb\">\n\t<a href=\"https:\/\/depannageinformatique.ch\/en\/\" title=\"Accueil\">Accueil<\/a>\n<\/span><span class=\"aioseo-breadcrumb-separator\">\u00bb<\/span><span class=\"aioseo-breadcrumb\">\n\tTroubleshooting Lancy | Troubleshooting Geneva\n<\/span><\/div>","aioseo_breadcrumb_json":[{"label":"Accueil","link":"https:\/\/depannageinformatique.ch\/en\/"},{"label":"Troubleshooting Lancy | Troubleshooting Geneva","link":"https:\/\/depannageinformatique.ch\/en\/computer-troubleshooting-lancy\/"}],"_links":{"self":[{"href":"https:\/\/depannageinformatique.ch\/en\/wp-json\/wp\/v2\/pages\/2151","targetHints":{"allow":["GET"]}}],"collection":[{"href":"https:\/\/depannageinformatique.ch\/en\/wp-json\/wp\/v2\/pages"}],"about":[{"href":"https:\/\/depannageinformatique.ch\/en\/wp-json\/wp\/v2\/types\/page"}],"author":[{"embeddable":true,"href":"https:\/\/depannageinformatique.ch\/en\/wp-json\/wp\/v2\/users\/3"}],"replies":[{"embeddable":true,"href":"https:\/\/depannageinformatique.ch\/en\/wp-json\/wp\/v2\/comments?post=2151"}],"version-history":[{"count":0,"href":"https:\/\/depannageinformatique.ch\/en\/wp-json\/wp\/v2\/pages\/2151\/revisions"}],"wp:attachment":[{"href":"https:\/\/depannageinformatique.ch\/en\/wp-json\/wp\/v2\/media?parent=2151"}],"curies":[{"name":"wp","href":"https:\/\/api.w.org\/{rel}","templated":true}]}}