{"id":3062,"date":"2025-09-03T16:45:34","date_gmt":"2025-09-03T14:45:34","guid":{"rendered":"https:\/\/depannageinformatique.ch\/pc-mac-computer-repairs\/"},"modified":"2025-09-04T07:17:34","modified_gmt":"2025-09-04T05:17:34","slug":"pc-mac-computer-repairs","status":"publish","type":"page","link":"https:\/\/depannageinformatique.ch\/en\/pc-mac-computer-repairs\/","title":{"rendered":"PC &amp; Mac computer repairs"},"content":{"rendered":"","protected":false},"excerpt":{"rendered":"","protected":false},"author":3,"featured_media":0,"parent":0,"menu_order":0,"comment_status":"closed","ping_status":"closed","template":"page-largeheader.php","meta":{"_acf_changed":false,"footnotes":""},"class_list":["post-3062","page","type-page","status-publish","hentry"],"acf":[],"aioseo_notices":[],"aioseo_head":"\n\t\t<!-- All in One SEO Pro 4.9.6.2 - aioseo.com -->\n\t<meta name=\"description\" content=\"PC &amp; Mac computer repairs in Geneva. Fast, reliable service, troubleshooting at home or in the workshop by certified technicians.\" \/>\n\t<meta name=\"robots\" content=\"max-image-preview:large\" \/>\n\t<link rel=\"canonical\" href=\"https:\/\/depannageinformatique.ch\/en\/pc-mac-computer-repairs\/\" \/>\n\t<meta name=\"generator\" content=\"All in One SEO Pro (AIOSEO) 4.9.6.2\" \/>\n\t\t<meta property=\"og:locale\" content=\"en_US\" \/>\n\t\t<meta property=\"og:site_name\" content=\"D\u00e9pannage Informatique Gen\u00e8ve - Votre expert informatique, pr\u00e8s de chez vous et \u00e0 prix attractif\" \/>\n\t\t<meta property=\"og:type\" content=\"article\" \/>\n\t\t<meta property=\"og:title\" content=\"PC &amp; Mac computer repairs - D\u00e9pannage Informatique Gen\u00e8ve\" \/>\n\t\t<meta property=\"og:description\" content=\"PC &amp; Mac computer repairs in Geneva. Fast, reliable service, troubleshooting at home or in the workshop by certified technicians.\" \/>\n\t\t<meta property=\"og:url\" content=\"https:\/\/depannageinformatique.ch\/en\/pc-mac-computer-repairs\/\" \/>\n\t\t<meta property=\"og:image\" content=\"https:\/\/depannageinformatique.ch\/wp-content\/uploads\/2022\/04\/logo_depannage_informatique_geneve.png\" \/>\n\t\t<meta property=\"og:image:secure_url\" content=\"https:\/\/depannageinformatique.ch\/wp-content\/uploads\/2022\/04\/logo_depannage_informatique_geneve.png\" \/>\n\t\t<meta property=\"article:published_time\" content=\"2025-09-03T14:45:34+00:00\" \/>\n\t\t<meta property=\"article:modified_time\" content=\"2025-09-04T05:17:34+00:00\" \/>\n\t\t<meta property=\"article:publisher\" content=\"https:\/\/www.facebook.com\/depannageinformatiquegeneve\" \/>\n\t\t<meta name=\"twitter:card\" content=\"summary_large_image\" \/>\n\t\t<meta name=\"twitter:title\" content=\"PC &amp; Mac computer repairs - D\u00e9pannage Informatique Gen\u00e8ve\" \/>\n\t\t<meta name=\"twitter:description\" content=\"PC &amp; Mac computer repairs in Geneva. Fast, reliable service, troubleshooting at home or in the workshop by certified technicians.\" \/>\n\t\t<meta name=\"twitter:image\" content=\"https:\/\/depannageinformatique.ch\/wp-content\/uploads\/2022\/04\/logo_depannage_informatique_geneve.png\" \/>\n\t\t<script type=\"application\/ld+json\" class=\"aioseo-schema\">\n\t\t\t{\"@context\":\"https:\\\/\\\/schema.org\",\"@graph\":[{\"@type\":\"BreadcrumbList\",\"@id\":\"https:\\\/\\\/depannageinformatique.ch\\\/en\\\/pc-mac-computer-repairs\\\/#breadcrumblist\",\"itemListElement\":[{\"@type\":\"ListItem\",\"@id\":\"https:\\\/\\\/depannageinformatique.ch\\\/en\\\/#listItem\",\"position\":1,\"name\":\"Accueil\",\"item\":\"https:\\\/\\\/depannageinformatique.ch\\\/en\\\/\",\"nextItem\":{\"@type\":\"ListItem\",\"@id\":\"https:\\\/\\\/depannageinformatique.ch\\\/en\\\/pc-mac-computer-repairs\\\/#listItem\",\"name\":\"PC &amp; Mac computer repairs\"}},{\"@type\":\"ListItem\",\"@id\":\"https:\\\/\\\/depannageinformatique.ch\\\/en\\\/pc-mac-computer-repairs\\\/#listItem\",\"position\":2,\"name\":\"PC &amp; Mac computer repairs\",\"previousItem\":{\"@type\":\"ListItem\",\"@id\":\"https:\\\/\\\/depannageinformatique.ch\\\/en\\\/#listItem\",\"name\":\"Accueil\"}}]},{\"@type\":\"Organization\",\"@id\":\"https:\\\/\\\/depannageinformatique.ch\\\/en\\\/#organization\",\"name\":\"D\\u00e9pannage Informatique Gen\\u00e8ve\",\"description\":\"D\\u00e9pannage Informatique Gen\\u00e8ve est la marque commerciale de proximit\\u00e9 d'i4M Services Informatiques S\\u00e0rl.\",\"url\":\"https:\\\/\\\/depannageinformatique.ch\\\/en\\\/\",\"email\":\"info@depannageinformatique.ch\",\"telephone\":\"+41798685050\",\"foundingDate\":\"2020-12-22\",\"numberOfEmployees\":{\"@type\":\"QuantitativeValue\",\"minValue\":0,\"maxValue\":5},\"logo\":{\"@type\":\"ImageObject\",\"url\":\"https:\\\/\\\/depannageinformatique.ch\\\/wp-content\\\/uploads\\\/2022\\\/04\\\/logo_footer.png\",\"@id\":\"https:\\\/\\\/depannageinformatique.ch\\\/en\\\/pc-mac-computer-repairs\\\/#organizationLogo\"},\"image\":{\"@id\":\"https:\\\/\\\/depannageinformatique.ch\\\/en\\\/pc-mac-computer-repairs\\\/#organizationLogo\"},\"sameAs\":[\"https:\\\/\\\/www.facebook.com\\\/depannageinformatiquegeneve\",\"https:\\\/\\\/www.linkedin.com\\\/company\\\/18311498\"],\"address\":{\"@id\":\"https:\\\/\\\/depannageinformatique.ch\\\/en\\\/#postaladdress\",\"@type\":\"PostalAddress\",\"streetAddress\":\"Rue du Commerce 4,\",\"postalCode\":\"1204\",\"addressLocality\":\"Gen\\u00e8ve\",\"addressRegion\":\"GE\",\"addressCountry\":\"CH\"},\"taxID\":\"CHE-325.495.659\"},{\"@type\":\"Service\",\"@id\":\"https:\\\/\\\/depannageinformatique.ch\\\/en\\\/pc-mac-computer-repairs\\\/#aioseo-service-mf4hsa2z\",\"name\":\"R\\u00e9paration informatique PC &amp; Mac\",\"description\":\"Service de r\\u00e9paration informatique pour PC et Mac \\u00e0 Gen\\u00e8ve. Interventions rapides et fiables, \\u00e0 domicile ou en atelier, par des techniciens certifi\\u00e9s.\",\"serviceType\":\"R\\u00e9paration informatique PC & Mac \\u00e0 Gen\\u00e8ve\",\"image\":{\"@type\":\"ImageObject\",\"url\":\"https:\\\/\\\/depannageinformatique.ch\\\/wp-content\\\/uploads\\\/2025\\\/09\\\/reparation-ordinateur-portable-pc-mac-geneve.jpg\",\"width\":1600,\"height\":640},\"provider\":{\"@type\":\"Organization\",\"name\":\"D\\u00e9pannage Informatique Gen\\u00e8ve\",\"sameAs\":\"https:\\\/\\\/depannageinformatique.ch\",\"image\":{\"@type\":\"ImageObject\",\"url\":\"https:\\\/\\\/depannageinformatique.ch\\\/wp-content\\\/uploads\\\/2025\\\/04\\\/blue-cloud-electronics-depannage-text.webp\",\"width\":326,\"height\":85}},\"offers\":{\"@type\":\"Offer\",\"price\":125,\"priceCurrency\":\"CHF\"}},{\"@type\":\"VideoObject\",\"@id\":\"https:\\\/\\\/depannageinformatique.ch\\\/en\\\/pc-mac-computer-repairs\\\/#aioseo-video-mf4gwp45\",\"name\":\"R\\u00e9paration PC &amp; Mac \\u00e0 Gen\\u00e8ve \\u2013 Vid\\u00e9o\",\"description\":\"D\\u00e9monstration de notre service de r\\u00e9paration PC &amp; Mac \\u00e0 Gen\\u00e8ve : interventions rapides en atelier et \\u00e0 domicile.\",\"contentUrl\":\"https:\\\/\\\/depannageinformatique.ch\\\/wp-content\\\/uploads\\\/2025\\\/09\\\/iStock-472995767-1.mp4\",\"thumbnailUrl\":\"https:\\\/\\\/depannageinformatique.ch\\\/wp-content\\\/uploads\\\/2025\\\/09\\\/depannage_repair_thumbnail_video.png\",\"uploadDate\":\"2025-09-03T00:00:00+02:00\",\"isFamilyFriendly\":\"https:\\\/\\\/schema.org\\\/True\"},{\"@type\":\"WebPage\",\"@id\":\"https:\\\/\\\/depannageinformatique.ch\\\/en\\\/pc-mac-computer-repairs\\\/#webpage\",\"url\":\"https:\\\/\\\/depannageinformatique.ch\\\/en\\\/pc-mac-computer-repairs\\\/\",\"name\":\"PC & Mac computer repairs - D\\u00e9pannage Informatique Gen\\u00e8ve\",\"description\":\"PC & Mac computer repairs in Geneva. Fast, reliable service, troubleshooting at home or in the workshop by certified technicians.\",\"inLanguage\":\"en-US\",\"isPartOf\":{\"@id\":\"https:\\\/\\\/depannageinformatique.ch\\\/en\\\/#website\"},\"breadcrumb\":{\"@id\":\"https:\\\/\\\/depannageinformatique.ch\\\/en\\\/pc-mac-computer-repairs\\\/#breadcrumblist\"},\"datePublished\":\"2025-09-03T16:45:34+02:00\",\"dateModified\":\"2025-09-04T07:17:34+02:00\"},{\"@type\":\"WebSite\",\"@id\":\"https:\\\/\\\/depannageinformatique.ch\\\/en\\\/#website\",\"url\":\"https:\\\/\\\/depannageinformatique.ch\\\/en\\\/\",\"name\":\"D\\u00e9pannage Informatique Gen\\u00e8ve - 079 868 50 50\",\"alternateName\":\"D\\u00e9pannage Informatique Gen\\u00e8ve\",\"description\":\"Votre expert informatique, pr\\u00e8s de chez vous et \\u00e0 prix attractif\",\"inLanguage\":\"en-US\",\"publisher\":{\"@id\":\"https:\\\/\\\/depannageinformatique.ch\\\/en\\\/#organization\"}}]}\n\t\t<\/script>\n\t\t<!-- All in One SEO Pro -->\r\n\t\t<title>PC &amp; Mac computer repairs - D\u00e9pannage Informatique Gen\u00e8ve<\/title>\n\n","aioseo_head_json":{"title":"PC & Mac computer repairs - D\u00e9pannage Informatique Gen\u00e8ve","description":"PC & Mac computer repairs in Geneva. Fast, reliable service, troubleshooting at home or in the workshop by certified technicians.","canonical_url":"https:\/\/depannageinformatique.ch\/en\/pc-mac-computer-repairs\/","robots":"max-image-preview:large","keywords":"","webmasterTools":{"miscellaneous":""},"schema":{"@context":"https:\/\/schema.org","@graph":[{"@type":"BreadcrumbList","@id":"https:\/\/depannageinformatique.ch\/en\/pc-mac-computer-repairs\/#breadcrumblist","itemListElement":[{"@type":"ListItem","@id":"https:\/\/depannageinformatique.ch\/en\/#listItem","position":1,"name":"Accueil","item":"https:\/\/depannageinformatique.ch\/en\/","nextItem":{"@type":"ListItem","@id":"https:\/\/depannageinformatique.ch\/en\/pc-mac-computer-repairs\/#listItem","name":"PC &amp; Mac computer repairs"}},{"@type":"ListItem","@id":"https:\/\/depannageinformatique.ch\/en\/pc-mac-computer-repairs\/#listItem","position":2,"name":"PC &amp; Mac computer repairs","previousItem":{"@type":"ListItem","@id":"https:\/\/depannageinformatique.ch\/en\/#listItem","name":"Accueil"}}]},{"@type":"Organization","@id":"https:\/\/depannageinformatique.ch\/en\/#organization","name":"D\u00e9pannage Informatique Gen\u00e8ve","description":"D\u00e9pannage Informatique Gen\u00e8ve est la marque commerciale de proximit\u00e9 d'i4M Services Informatiques S\u00e0rl.","url":"https:\/\/depannageinformatique.ch\/en\/","email":"info@depannageinformatique.ch","telephone":"+41798685050","foundingDate":"2020-12-22","numberOfEmployees":{"@type":"QuantitativeValue","minValue":0,"maxValue":5},"logo":{"@type":"ImageObject","url":"https:\/\/depannageinformatique.ch\/wp-content\/uploads\/2022\/04\/logo_footer.png","@id":"https:\/\/depannageinformatique.ch\/en\/pc-mac-computer-repairs\/#organizationLogo"},"image":{"@id":"https:\/\/depannageinformatique.ch\/en\/pc-mac-computer-repairs\/#organizationLogo"},"sameAs":["https:\/\/www.facebook.com\/depannageinformatiquegeneve","https:\/\/www.linkedin.com\/company\/18311498"],"address":{"@id":"https:\/\/depannageinformatique.ch\/en\/#postaladdress","@type":"PostalAddress","streetAddress":"Rue du Commerce 4,","postalCode":"1204","addressLocality":"Gen\u00e8ve","addressRegion":"GE","addressCountry":"CH"},"taxID":"CHE-325.495.659"},{"@type":"Service","@id":"https:\/\/depannageinformatique.ch\/en\/pc-mac-computer-repairs\/#aioseo-service-mf4hsa2z","name":"R\u00e9paration informatique PC &amp; Mac","description":"Service de r\u00e9paration informatique pour PC et Mac \u00e0 Gen\u00e8ve. Interventions rapides et fiables, \u00e0 domicile ou en atelier, par des techniciens certifi\u00e9s.","serviceType":"R\u00e9paration informatique PC & Mac \u00e0 Gen\u00e8ve","image":{"@type":"ImageObject","url":"https:\/\/depannageinformatique.ch\/wp-content\/uploads\/2025\/09\/reparation-ordinateur-portable-pc-mac-geneve.jpg","width":1600,"height":640},"provider":{"@type":"Organization","name":"D\u00e9pannage Informatique Gen\u00e8ve","sameAs":"https:\/\/depannageinformatique.ch","image":{"@type":"ImageObject","url":"https:\/\/depannageinformatique.ch\/wp-content\/uploads\/2025\/04\/blue-cloud-electronics-depannage-text.webp","width":326,"height":85}},"offers":{"@type":"Offer","price":125,"priceCurrency":"CHF"}},{"@type":"VideoObject","@id":"https:\/\/depannageinformatique.ch\/en\/pc-mac-computer-repairs\/#aioseo-video-mf4gwp45","name":"R\u00e9paration PC &amp; Mac \u00e0 Gen\u00e8ve \u2013 Vid\u00e9o","description":"D\u00e9monstration de notre service de r\u00e9paration PC &amp; Mac \u00e0 Gen\u00e8ve : interventions rapides en atelier et \u00e0 domicile.","contentUrl":"https:\/\/depannageinformatique.ch\/wp-content\/uploads\/2025\/09\/iStock-472995767-1.mp4","thumbnailUrl":"https:\/\/depannageinformatique.ch\/wp-content\/uploads\/2025\/09\/depannage_repair_thumbnail_video.png","uploadDate":"2025-09-03T00:00:00+02:00","isFamilyFriendly":"https:\/\/schema.org\/True"},{"@type":"WebPage","@id":"https:\/\/depannageinformatique.ch\/en\/pc-mac-computer-repairs\/#webpage","url":"https:\/\/depannageinformatique.ch\/en\/pc-mac-computer-repairs\/","name":"PC & Mac computer repairs - D\u00e9pannage Informatique Gen\u00e8ve","description":"PC & Mac computer repairs in Geneva. Fast, reliable service, troubleshooting at home or in the workshop by certified technicians.","inLanguage":"en-US","isPartOf":{"@id":"https:\/\/depannageinformatique.ch\/en\/#website"},"breadcrumb":{"@id":"https:\/\/depannageinformatique.ch\/en\/pc-mac-computer-repairs\/#breadcrumblist"},"datePublished":"2025-09-03T16:45:34+02:00","dateModified":"2025-09-04T07:17:34+02:00"},{"@type":"WebSite","@id":"https:\/\/depannageinformatique.ch\/en\/#website","url":"https:\/\/depannageinformatique.ch\/en\/","name":"D\u00e9pannage Informatique Gen\u00e8ve - 079 868 50 50","alternateName":"D\u00e9pannage Informatique Gen\u00e8ve","description":"Votre expert informatique, pr\u00e8s de chez vous et \u00e0 prix attractif","inLanguage":"en-US","publisher":{"@id":"https:\/\/depannageinformatique.ch\/en\/#organization"}}]},"og:locale":"en_US","og:site_name":"D\u00e9pannage Informatique Gen\u00e8ve - Votre expert informatique, pr\u00e8s de chez vous et \u00e0 prix attractif","og:type":"article","og:title":"PC &amp; Mac computer repairs - D\u00e9pannage Informatique Gen\u00e8ve","og:description":"PC &amp; Mac computer repairs in Geneva. Fast, reliable service, troubleshooting at home or in the workshop by certified technicians.","og:url":"https:\/\/depannageinformatique.ch\/en\/pc-mac-computer-repairs\/","og:image":"https:\/\/depannageinformatique.ch\/wp-content\/uploads\/2022\/04\/logo_depannage_informatique_geneve.png","og:image:secure_url":"https:\/\/depannageinformatique.ch\/wp-content\/uploads\/2022\/04\/logo_depannage_informatique_geneve.png","article:published_time":"2025-09-03T14:45:34+00:00","article:modified_time":"2025-09-04T05:17:34+00:00","article:publisher":"https:\/\/www.facebook.com\/depannageinformatiquegeneve","twitter:card":"summary_large_image","twitter:title":"PC &amp; Mac computer repairs - D\u00e9pannage Informatique Gen\u00e8ve","twitter:description":"PC &amp; Mac computer repairs in Geneva. Fast, reliable service, troubleshooting at home or in the workshop by certified technicians.","twitter:image":"https:\/\/depannageinformatique.ch\/wp-content\/uploads\/2022\/04\/logo_depannage_informatique_geneve.png"},"aioseo_meta_data":{"post_id":"3062","title":null,"description":"PC &amp; Mac computer repairs in Geneva. Fast, reliable service, troubleshooting at home or in the workshop by certified technicians. ","keywords":null,"keyphrases":{"focus":{"keyphrase":"R\u00e9paration Informatique","score":100,"analysis":{"keyphraseInTitle":{"score":9,"maxScore":9,"error":0},"keyphraseInDescription":{"score":9,"maxScore":9,"error":0},"keyphraseLength":{"score":9,"maxScore":9,"error":0,"length":3},"keyphraseInURL":{"score":5,"maxScore":5,"error":0}}},"additional":[{"keyphrase":"Gen\u00e8ve","score":100,"analysis":{"keyphraseInDescription":{"score":9,"maxScore":9,"error":0},"keyphraseLength":{"score":9,"maxScore":9,"error":0,"length":2}}}]},"primary_term":null,"canonical_url":null,"og_title":null,"og_description":null,"og_object_type":"default","og_image_type":"default","og_image_url":null,"og_image_width":null,"og_image_height":null,"og_image_custom_url":null,"og_image_custom_fields":null,"og_video":"","og_custom_url":null,"og_article_section":null,"og_article_tags":null,"twitter_use_og":false,"twitter_card":"default","twitter_image_type":"default","twitter_image_url":null,"twitter_image_custom_url":null,"twitter_image_custom_fields":null,"twitter_title":null,"twitter_description":null,"schema":{"blockGraphs":[],"customGraphs":[],"default":{"data":{"Article":[],"Course":[],"Dataset":[],"FAQPage":[],"Movie":[],"Person":[],"Product":[],"ProductReview":[],"Car":[],"Recipe":[],"Service":[],"SoftwareApplication":[],"WebPage":[]},"graphName":"WebPage","isEnabled":true},"graphs":[{"id":"#aioseo-service-mf4hsa2z","slug":"service","graphName":"Service","label":"Service","properties":{"name":"R\u00e9paration informatique PC &amp; Mac","description":"Service de r\u00e9paration informatique pour PC et Mac \u00e0 Gen\u00e8ve. Interventions rapides et fiables, \u00e0 domicile ou en atelier, par des techniciens certifi\u00e9s.","serviceType":"R\u00e9paration informatique PC & Mac \u00e0 Gen\u00e8ve","price":"125","currency":"CHF","image":"https:\/\/depannageinformatique.ch\/wp-content\/uploads\/2025\/09\/reparation-ordinateur-portable-pc-mac-geneve.jpg","provider":{"name":"D\u00e9pannage Informatique Gen\u00e8ve","url":"https:\/\/depannageinformatique.ch","image":"https:\/\/depannageinformatique.ch\/wp-content\/uploads\/2025\/04\/blue-cloud-electronics-depannage-text.webp"}},"value":"service"},{"id":"#aioseo-video-mf4gwp45","slug":"video","graphName":"Video","label":"Vid\u00e9o","properties":{"name":"R\u00e9paration PC &amp; Mac \u00e0 Gen\u00e8ve \u2013 Vid\u00e9o","description":"D\u00e9monstration de notre service de r\u00e9paration PC &amp; Mac \u00e0 Gen\u00e8ve : interventions rapides en atelier et \u00e0 domicile.","uploadDate":"09\/03\/2025","contentUrl":"https:\/\/depannageinformatique.ch\/wp-content\/uploads\/2025\/09\/iStock-472995767-1.mp4","embedUrl":"","thumbnailUrl":"https:\/\/depannageinformatique.ch\/wp-content\/uploads\/2025\/09\/depannage_repair_thumbnail_video.png","duration":"","familyFriendly":true},"value":"video"}]},"schema_type":"default","schema_type_options":null,"pillar_content":false,"robots_default":true,"robots_noindex":false,"robots_noarchive":false,"robots_nosnippet":false,"robots_nofollow":false,"robots_noimageindex":false,"robots_noodp":false,"robots_notranslate":false,"robots_max_snippet":"-1","robots_max_videopreview":"-1","robots_max_imagepreview":"large","priority":null,"frequency":"default","local_seo":null,"seo_analyzer_scan_date":"2025-09-04 05:31:05","breadcrumb_settings":null,"limit_modified_date":false,"reviewed_by":"0","open_ai":null,"ai":{"faqs":[],"keyPoints":[],"titles":[],"descriptions":[],"socialPosts":{"email":[],"linkedin":[],"twitter":[],"facebook":[],"instagram":[]}},"created":"2025-09-03 14:45:34","updated":"2026-05-02 05:36:13"},"aioseo_breadcrumb":"<div class=\"aioseo-breadcrumbs\"><span class=\"aioseo-breadcrumb\">\n\t<a href=\"https:\/\/depannageinformatique.ch\/en\/\" title=\"Accueil\">Accueil<\/a>\n<\/span><span class=\"aioseo-breadcrumb-separator\">\u00bb<\/span><span class=\"aioseo-breadcrumb\">\n\tPC &amp; Mac computer repairs\n<\/span><\/div>","aioseo_breadcrumb_json":[{"label":"Accueil","link":"https:\/\/depannageinformatique.ch\/en\/"},{"label":"PC &amp; Mac computer repairs","link":"https:\/\/depannageinformatique.ch\/en\/pc-mac-computer-repairs\/"}],"_links":{"self":[{"href":"https:\/\/depannageinformatique.ch\/en\/wp-json\/wp\/v2\/pages\/3062","targetHints":{"allow":["GET"]}}],"collection":[{"href":"https:\/\/depannageinformatique.ch\/en\/wp-json\/wp\/v2\/pages"}],"about":[{"href":"https:\/\/depannageinformatique.ch\/en\/wp-json\/wp\/v2\/types\/page"}],"author":[{"embeddable":true,"href":"https:\/\/depannageinformatique.ch\/en\/wp-json\/wp\/v2\/users\/3"}],"replies":[{"embeddable":true,"href":"https:\/\/depannageinformatique.ch\/en\/wp-json\/wp\/v2\/comments?post=3062"}],"version-history":[{"count":0,"href":"https:\/\/depannageinformatique.ch\/en\/wp-json\/wp\/v2\/pages\/3062\/revisions"}],"wp:attachment":[{"href":"https:\/\/depannageinformatique.ch\/en\/wp-json\/wp\/v2\/media?parent=3062"}],"curies":[{"name":"wp","href":"https:\/\/api.w.org\/{rel}","templated":true}]}}