{"id":3477,"date":"2025-09-06T18:15:01","date_gmt":"2025-09-06T16:15:01","guid":{"rendered":"https:\/\/depannageinformatique.ch\/3477-2\/"},"modified":"2025-09-24T01:21:49","modified_gmt":"2025-09-23T23:21:49","slug":"3477-2","status":"publish","type":"page","link":"https:\/\/depannageinformatique.ch\/en\/3477-2\/","title":{"rendered":"Areas served"},"content":{"rendered":"","protected":false},"excerpt":{"rendered":"","protected":false},"author":3,"featured_media":0,"parent":0,"menu_order":0,"comment_status":"closed","ping_status":"closed","template":"page-largeheader.php","meta":{"_acf_changed":false,"footnotes":""},"class_list":["post-3477","page","type-page","status-publish","hentry"],"acf":[],"aioseo_notices":[],"aioseo_head":"\n\t\t<!-- All in One SEO Pro 4.9.5.1 - aioseo.com -->\n\t<meta name=\"robots\" content=\"max-image-preview:large\" \/>\n\t<link rel=\"canonical\" href=\"https:\/\/depannageinformatique.ch\/en\/3477-2\/\" \/>\n\t<meta name=\"generator\" content=\"All in One SEO Pro (AIOSEO) 4.9.5.1\" \/>\n\t\t<meta property=\"og:locale\" content=\"en_US\" \/>\n\t\t<meta property=\"og:site_name\" content=\"D\u00e9pannage Informatique Gen\u00e8ve - Votre expert informatique, pr\u00e8s de chez vous et \u00e0 prix attractif\" \/>\n\t\t<meta property=\"og:type\" content=\"article\" \/>\n\t\t<meta property=\"og:title\" content=\"Areas served - D\u00e9pannage Informatique Gen\u00e8ve\" \/>\n\t\t<meta property=\"og:url\" content=\"https:\/\/depannageinformatique.ch\/en\/3477-2\/\" \/>\n\t\t<meta property=\"og:image\" content=\"https:\/\/depannageinformatique.ch\/wp-content\/uploads\/2022\/04\/logo_depannage_informatique_geneve.png\" \/>\n\t\t<meta property=\"og:image:secure_url\" content=\"https:\/\/depannageinformatique.ch\/wp-content\/uploads\/2022\/04\/logo_depannage_informatique_geneve.png\" \/>\n\t\t<meta property=\"article:published_time\" content=\"2025-09-06T16:15:01+00:00\" \/>\n\t\t<meta property=\"article:modified_time\" content=\"2025-09-23T23:21:49+00:00\" \/>\n\t\t<meta property=\"article:publisher\" content=\"https:\/\/www.facebook.com\/depannageinformatiquegeneve\" \/>\n\t\t<meta name=\"twitter:card\" content=\"summary_large_image\" \/>\n\t\t<meta name=\"twitter:title\" content=\"Areas served - D\u00e9pannage Informatique Gen\u00e8ve\" \/>\n\t\t<meta name=\"twitter:image\" content=\"https:\/\/depannageinformatique.ch\/wp-content\/uploads\/2022\/04\/logo_depannage_informatique_geneve.png\" \/>\n\t\t<script type=\"application\/ld+json\" class=\"aioseo-schema\">\n\t\t\t{\"@context\":\"https:\\\/\\\/schema.org\",\"@graph\":[{\"@type\":\"BreadcrumbList\",\"@id\":\"https:\\\/\\\/depannageinformatique.ch\\\/en\\\/3477-2\\\/#breadcrumblist\",\"itemListElement\":[{\"@type\":\"ListItem\",\"@id\":\"https:\\\/\\\/depannageinformatique.ch\\\/en\\\/#listItem\",\"position\":1,\"name\":\"Accueil\",\"item\":\"https:\\\/\\\/depannageinformatique.ch\\\/en\\\/\",\"nextItem\":{\"@type\":\"ListItem\",\"@id\":\"https:\\\/\\\/depannageinformatique.ch\\\/en\\\/3477-2\\\/#listItem\",\"name\":\"Areas served\"}},{\"@type\":\"ListItem\",\"@id\":\"https:\\\/\\\/depannageinformatique.ch\\\/en\\\/3477-2\\\/#listItem\",\"position\":2,\"name\":\"Areas served\",\"previousItem\":{\"@type\":\"ListItem\",\"@id\":\"https:\\\/\\\/depannageinformatique.ch\\\/en\\\/#listItem\",\"name\":\"Accueil\"}}]},{\"@type\":\"Organization\",\"@id\":\"https:\\\/\\\/depannageinformatique.ch\\\/en\\\/#organization\",\"name\":\"D\\u00e9pannage Informatique Gen\\u00e8ve\",\"description\":\"D\\u00e9pannage Informatique Gen\\u00e8ve est la marque commerciale de proximit\\u00e9 d'i4M Services Informatiques S\\u00e0rl.\",\"url\":\"https:\\\/\\\/depannageinformatique.ch\\\/en\\\/\",\"email\":\"info@depannageinformatique.ch\",\"telephone\":\"+41798685050\",\"foundingDate\":\"2020-12-22\",\"numberOfEmployees\":{\"@type\":\"QuantitativeValue\",\"minValue\":0,\"maxValue\":5},\"logo\":{\"@type\":\"ImageObject\",\"url\":\"https:\\\/\\\/depannageinformatique.ch\\\/wp-content\\\/uploads\\\/2022\\\/04\\\/logo_footer.png\",\"@id\":\"https:\\\/\\\/depannageinformatique.ch\\\/en\\\/3477-2\\\/#organizationLogo\"},\"image\":{\"@id\":\"https:\\\/\\\/depannageinformatique.ch\\\/en\\\/3477-2\\\/#organizationLogo\"},\"sameAs\":[\"https:\\\/\\\/www.facebook.com\\\/depannageinformatiquegeneve\",\"https:\\\/\\\/www.linkedin.com\\\/company\\\/18311498\"],\"address\":{\"@id\":\"https:\\\/\\\/depannageinformatique.ch\\\/en\\\/#postaladdress\",\"@type\":\"PostalAddress\",\"streetAddress\":\"Rue du Commerce 4,\",\"postalCode\":\"1204\",\"addressLocality\":\"Gen\\u00e8ve\",\"addressRegion\":\"GE\",\"addressCountry\":\"CH\"},\"taxID\":\"CHE-325.495.659\"},{\"@type\":\"WebPage\",\"@id\":\"https:\\\/\\\/depannageinformatique.ch\\\/en\\\/3477-2\\\/#webpage\",\"url\":\"https:\\\/\\\/depannageinformatique.ch\\\/en\\\/3477-2\\\/\",\"name\":\"Areas served - D\\u00e9pannage Informatique Gen\\u00e8ve\",\"inLanguage\":\"en-US\",\"isPartOf\":{\"@id\":\"https:\\\/\\\/depannageinformatique.ch\\\/en\\\/#website\"},\"breadcrumb\":{\"@id\":\"https:\\\/\\\/depannageinformatique.ch\\\/en\\\/3477-2\\\/#breadcrumblist\"},\"datePublished\":\"2025-09-06T18:15:01+02:00\",\"dateModified\":\"2025-09-24T01:21:49+02:00\"},{\"@type\":\"WebSite\",\"@id\":\"https:\\\/\\\/depannageinformatique.ch\\\/en\\\/#website\",\"url\":\"https:\\\/\\\/depannageinformatique.ch\\\/en\\\/\",\"name\":\"D\\u00e9pannage Informatique Gen\\u00e8ve - 079 868 50 50\",\"alternateName\":\"D\\u00e9pannage Informatique Gen\\u00e8ve\",\"description\":\"Votre expert informatique, pr\\u00e8s de chez vous et \\u00e0 prix attractif\",\"inLanguage\":\"en-US\",\"publisher\":{\"@id\":\"https:\\\/\\\/depannageinformatique.ch\\\/en\\\/#organization\"}}]}\n\t\t<\/script>\n\t\t<!-- All in One SEO Pro -->\r\n\t\t<title>Areas served - D\u00e9pannage Informatique Gen\u00e8ve<\/title>\n\n","aioseo_head_json":{"title":"Areas served - D\u00e9pannage Informatique Gen\u00e8ve","description":"","canonical_url":"https:\/\/depannageinformatique.ch\/en\/3477-2\/","robots":"max-image-preview:large","keywords":"","webmasterTools":{"miscellaneous":""},"schema":{"@context":"https:\/\/schema.org","@graph":[{"@type":"BreadcrumbList","@id":"https:\/\/depannageinformatique.ch\/en\/3477-2\/#breadcrumblist","itemListElement":[{"@type":"ListItem","@id":"https:\/\/depannageinformatique.ch\/en\/#listItem","position":1,"name":"Accueil","item":"https:\/\/depannageinformatique.ch\/en\/","nextItem":{"@type":"ListItem","@id":"https:\/\/depannageinformatique.ch\/en\/3477-2\/#listItem","name":"Areas served"}},{"@type":"ListItem","@id":"https:\/\/depannageinformatique.ch\/en\/3477-2\/#listItem","position":2,"name":"Areas served","previousItem":{"@type":"ListItem","@id":"https:\/\/depannageinformatique.ch\/en\/#listItem","name":"Accueil"}}]},{"@type":"Organization","@id":"https:\/\/depannageinformatique.ch\/en\/#organization","name":"D\u00e9pannage Informatique Gen\u00e8ve","description":"D\u00e9pannage Informatique Gen\u00e8ve est la marque commerciale de proximit\u00e9 d'i4M Services Informatiques S\u00e0rl.","url":"https:\/\/depannageinformatique.ch\/en\/","email":"info@depannageinformatique.ch","telephone":"+41798685050","foundingDate":"2020-12-22","numberOfEmployees":{"@type":"QuantitativeValue","minValue":0,"maxValue":5},"logo":{"@type":"ImageObject","url":"https:\/\/depannageinformatique.ch\/wp-content\/uploads\/2022\/04\/logo_footer.png","@id":"https:\/\/depannageinformatique.ch\/en\/3477-2\/#organizationLogo"},"image":{"@id":"https:\/\/depannageinformatique.ch\/en\/3477-2\/#organizationLogo"},"sameAs":["https:\/\/www.facebook.com\/depannageinformatiquegeneve","https:\/\/www.linkedin.com\/company\/18311498"],"address":{"@id":"https:\/\/depannageinformatique.ch\/en\/#postaladdress","@type":"PostalAddress","streetAddress":"Rue du Commerce 4,","postalCode":"1204","addressLocality":"Gen\u00e8ve","addressRegion":"GE","addressCountry":"CH"},"taxID":"CHE-325.495.659"},{"@type":"WebPage","@id":"https:\/\/depannageinformatique.ch\/en\/3477-2\/#webpage","url":"https:\/\/depannageinformatique.ch\/en\/3477-2\/","name":"Areas served - D\u00e9pannage Informatique Gen\u00e8ve","inLanguage":"en-US","isPartOf":{"@id":"https:\/\/depannageinformatique.ch\/en\/#website"},"breadcrumb":{"@id":"https:\/\/depannageinformatique.ch\/en\/3477-2\/#breadcrumblist"},"datePublished":"2025-09-06T18:15:01+02:00","dateModified":"2025-09-24T01:21:49+02:00"},{"@type":"WebSite","@id":"https:\/\/depannageinformatique.ch\/en\/#website","url":"https:\/\/depannageinformatique.ch\/en\/","name":"D\u00e9pannage Informatique Gen\u00e8ve - 079 868 50 50","alternateName":"D\u00e9pannage Informatique Gen\u00e8ve","description":"Votre expert informatique, pr\u00e8s de chez vous et \u00e0 prix attractif","inLanguage":"en-US","publisher":{"@id":"https:\/\/depannageinformatique.ch\/en\/#organization"}}]},"og:locale":"en_US","og:site_name":"D\u00e9pannage Informatique Gen\u00e8ve - Votre expert informatique, pr\u00e8s de chez vous et \u00e0 prix attractif","og:type":"article","og:title":"Areas served - D\u00e9pannage Informatique Gen\u00e8ve","og:url":"https:\/\/depannageinformatique.ch\/en\/3477-2\/","og:image":"https:\/\/depannageinformatique.ch\/wp-content\/uploads\/2022\/04\/logo_depannage_informatique_geneve.png","og:image:secure_url":"https:\/\/depannageinformatique.ch\/wp-content\/uploads\/2022\/04\/logo_depannage_informatique_geneve.png","article:published_time":"2025-09-06T16:15:01+00:00","article:modified_time":"2025-09-23T23:21:49+00:00","article:publisher":"https:\/\/www.facebook.com\/depannageinformatiquegeneve","twitter:card":"summary_large_image","twitter:title":"Areas served - D\u00e9pannage Informatique Gen\u00e8ve","twitter:image":"https:\/\/depannageinformatique.ch\/wp-content\/uploads\/2022\/04\/logo_depannage_informatique_geneve.png"},"aioseo_meta_data":{"post_id":"3477","title":null,"description":null,"keywords":null,"keyphrases":{"focus":{"keyphrase":"Areas served","score":0,"analysis":[]}},"primary_term":null,"canonical_url":null,"og_title":null,"og_description":null,"og_object_type":"default","og_image_type":"default","og_image_url":null,"og_image_width":null,"og_image_height":null,"og_image_custom_url":null,"og_image_custom_fields":null,"og_video":"","og_custom_url":null,"og_article_section":null,"og_article_tags":null,"twitter_use_og":false,"twitter_card":"default","twitter_image_type":"default","twitter_image_url":null,"twitter_image_custom_url":null,"twitter_image_custom_fields":null,"twitter_title":null,"twitter_description":null,"schema":{"blockGraphs":[],"customGraphs":[],"default":{"data":{"Article":[],"Course":[],"Dataset":[],"FAQPage":[],"Movie":[],"Person":[],"Product":[],"ProductReview":[],"Car":[],"Recipe":[],"Service":[],"SoftwareApplication":[],"WebPage":[]},"graphName":"WebPage","isEnabled":true},"graphs":[]},"schema_type":"default","schema_type_options":null,"pillar_content":false,"robots_default":true,"robots_noindex":false,"robots_noarchive":false,"robots_nosnippet":false,"robots_nofollow":false,"robots_noimageindex":false,"robots_noodp":false,"robots_notranslate":false,"robots_max_snippet":"-1","robots_max_videopreview":"-1","robots_max_imagepreview":"large","priority":null,"frequency":"default","local_seo":null,"seo_analyzer_scan_date":"2025-11-30 07:55:37","breadcrumb_settings":null,"limit_modified_date":false,"reviewed_by":"0","open_ai":null,"ai":{"faqs":[],"keyPoints":[],"titles":[],"descriptions":[],"socialPosts":{"email":[],"linkedin":[],"twitter":[],"facebook":[],"instagram":[]}},"created":"2025-09-06 16:15:01","updated":"2025-12-09 21:31:08"},"aioseo_breadcrumb":"<div class=\"aioseo-breadcrumbs\"><span class=\"aioseo-breadcrumb\">\n\t<a href=\"https:\/\/depannageinformatique.ch\/en\/\" title=\"Accueil\">Accueil<\/a>\n<\/span><span class=\"aioseo-breadcrumb-separator\">\u00bb<\/span><span class=\"aioseo-breadcrumb\">\n\tAreas served\n<\/span><\/div>","aioseo_breadcrumb_json":[{"label":"Accueil","link":"https:\/\/depannageinformatique.ch\/en\/"},{"label":"Areas served","link":"https:\/\/depannageinformatique.ch\/en\/3477-2\/"}],"_links":{"self":[{"href":"https:\/\/depannageinformatique.ch\/en\/wp-json\/wp\/v2\/pages\/3477","targetHints":{"allow":["GET"]}}],"collection":[{"href":"https:\/\/depannageinformatique.ch\/en\/wp-json\/wp\/v2\/pages"}],"about":[{"href":"https:\/\/depannageinformatique.ch\/en\/wp-json\/wp\/v2\/types\/page"}],"author":[{"embeddable":true,"href":"https:\/\/depannageinformatique.ch\/en\/wp-json\/wp\/v2\/users\/3"}],"replies":[{"embeddable":true,"href":"https:\/\/depannageinformatique.ch\/en\/wp-json\/wp\/v2\/comments?post=3477"}],"version-history":[{"count":0,"href":"https:\/\/depannageinformatique.ch\/en\/wp-json\/wp\/v2\/pages\/3477\/revisions"}],"wp:attachment":[{"href":"https:\/\/depannageinformatique.ch\/en\/wp-json\/wp\/v2\/media?parent=3477"}],"curies":[{"name":"wp","href":"https:\/\/api.w.org\/{rel}","templated":true}]}}