{"id":646,"date":"2022-02-09T05:42:43","date_gmt":"2022-02-09T04:42:43","guid":{"rendered":"https:\/\/depannageinformatique.a2hosted.com\/plan-du-site\/"},"modified":"2022-02-09T06:03:24","modified_gmt":"2022-02-09T05:03:24","slug":"sitemap","status":"publish","type":"page","link":"https:\/\/depannageinformatique.ch\/en\/sitemap\/","title":{"rendered":"Sitemap"},"content":{"rendered":"<div class=\"wsp-container\"><h2 class=\"wsp-pages-title\">Pages<\/h2>\n<ul class=\"wsp-pages-list\">\n<li class=\"page_item page-item-3477\"><a href=\"https:\/\/depannageinformatique.ch\/en\/3477-2\/\">Areas served<\/a><\/li>\n<li class=\"page_item page-item-1027\"><a href=\"https:\/\/depannageinformatique.ch\/en\/become-a-partner\/\">Become a partner<\/a><\/li>\n<li class=\"page_item page-item-1676 current_page_parent\"><a href=\"https:\/\/depannageinformatique.ch\/en\/blog\/\">Blog<\/a><\/li>\n<li class=\"page_item page-item-973\"><a href=\"https:\/\/depannageinformatique.ch\/en\/sale-of-computer-equipment-geneva\/\">Computer equipment<\/a><\/li>\n<li class=\"page_item page-item-1172\"><a href=\"https:\/\/depannageinformatique.ch\/en\/contact\/\">Contact<\/a><\/li>\n<li class=\"page_item page-item-2145\"><a href=\"https:\/\/depannageinformatique.ch\/en\/expertise\/\">Expertise<\/a><\/li>\n<li class=\"page_item page-item-860\"><a href=\"https:\/\/depannageinformatique.ch\/en\/computer-troubleshooting-in-geneva\/\">Home computer troubleshooting<\/a><\/li>\n<li class=\"page_item page-item-84\"><a href=\"https:\/\/depannageinformatique.ch\/en\/legal-notice\/\">Legal notice<\/a><\/li>\n<li class=\"page_item page-item-3062\"><a href=\"https:\/\/depannageinformatique.ch\/en\/pc-mac-computer-repairs\/\">PC &amp; Mac computer repairs<\/a><\/li>\n<li class=\"page_item page-item-100\"><a href=\"https:\/\/depannageinformatique.ch\/en\/pricing\/\">Rates<\/a><\/li>\n<li class=\"page_item page-item-859\"><a href=\"https:\/\/depannageinformatique.ch\/en\/remote-computer-troubleshooting-in-geneva\/\">Remote computer troubleshooting<\/a><\/li>\n<li class=\"page_item page-item-646\"><a href=\"https:\/\/depannageinformatique.ch\/en\/sitemap\/\">Sitemap<\/a><\/li>\n<li class=\"page_item page-item-3544\"><a href=\"https:\/\/depannageinformatique.ch\/en\/sla-availability\/\">SLA-Availability<\/a><\/li>\n<li class=\"page_item page-item-2138\"><a href=\"https:\/\/depannageinformatique.ch\/en\/computer-troubleshooting-carouge\/\">Troubleshooting Carouge | Troubleshooting Geneva<\/a><\/li>\n<li class=\"page_item page-item-161\"><a href=\"https:\/\/depannageinformatique.ch\/en\/\">Troubleshooting Geneva | Fast and professional IT support<\/a><\/li>\n<li class=\"page_item page-item-2151\"><a href=\"https:\/\/depannageinformatique.ch\/en\/computer-troubleshooting-lancy\/\">Troubleshooting Lancy | Troubleshooting Geneva<\/a><\/li>\n<li class=\"page_item page-item-2150\"><a href=\"https:\/\/depannageinformatique.ch\/en\/computer-troubleshooting-meyrin\/\">Troubleshooting Meyrin | Troubleshooting Geneva<\/a><\/li>\n<li class=\"page_item page-item-2630\"><a href=\"https:\/\/depannageinformatique.ch\/en\/it-support-company-close-united-nations-geneva\/\">Troubleshooting Nations | Troubleshooting Geneva<\/a><\/li>\n<li class=\"page_item page-item-2586\"><a href=\"https:\/\/depannageinformatique.ch\/en\/computer-troubleshooting-onex\/\">Troubleshooting Onex | Troubleshooting Geneva<\/a><\/li>\n<li class=\"page_item page-item-2149\"><a href=\"https:\/\/depannageinformatique.ch\/en\/computer-troubleshooting-thonex\/\">Troubleshooting Thonex | Troubleshooting Geneva<\/a><\/li>\n<li class=\"page_item page-item-2143\"><a href=\"https:\/\/depannageinformatique.ch\/en\/computer-troubleshooting-vernier\/\">Troubleshooting Vernier | Troubleshooting Geneva<\/a><\/li>\n<li class=\"page_item page-item-2152\"><a href=\"https:\/\/depannageinformatique.ch\/en\/who-we-are\/\">Who we are<\/a><\/li>\n<\/ul>\n<\/div>\n","protected":false},"excerpt":{"rendered":"","protected":false},"author":3,"featured_media":0,"parent":0,"menu_order":0,"comment_status":"closed","ping_status":"closed","template":"","meta":{"_acf_changed":false,"footnotes":""},"class_list":["post-646","page","type-page","status-publish","hentry"],"acf":[],"aioseo_notices":[],"aioseo_head":"\n\t\t<!-- All in One SEO Pro 4.9.6.2 - aioseo.com -->\n\t<meta name=\"robots\" content=\"max-image-preview:large\" \/>\n\t<link rel=\"canonical\" href=\"https:\/\/depannageinformatique.ch\/en\/sitemap\/\" \/>\n\t<meta name=\"generator\" content=\"All in One SEO Pro (AIOSEO) 4.9.6.2\" \/>\n\t\t<meta property=\"og:locale\" content=\"en_US\" \/>\n\t\t<meta property=\"og:site_name\" content=\"D\u00e9pannage Informatique Gen\u00e8ve - Votre expert informatique, pr\u00e8s de chez vous et \u00e0 prix attractif\" \/>\n\t\t<meta property=\"og:type\" content=\"article\" \/>\n\t\t<meta property=\"og:title\" content=\"Sitemap - D\u00e9pannage Informatique Gen\u00e8ve\" \/>\n\t\t<meta property=\"og:url\" content=\"https:\/\/depannageinformatique.ch\/en\/sitemap\/\" \/>\n\t\t<meta property=\"og:image\" content=\"https:\/\/depannageinformatique.ch\/wp-content\/uploads\/2022\/04\/logo_depannage_informatique_geneve.png\" \/>\n\t\t<meta property=\"og:image:secure_url\" content=\"https:\/\/depannageinformatique.ch\/wp-content\/uploads\/2022\/04\/logo_depannage_informatique_geneve.png\" \/>\n\t\t<meta property=\"article:published_time\" content=\"2022-02-09T04:42:43+00:00\" \/>\n\t\t<meta property=\"article:modified_time\" content=\"2022-02-09T05:03:24+00:00\" \/>\n\t\t<meta property=\"article:publisher\" content=\"https:\/\/www.facebook.com\/depannageinformatiquegeneve\" \/>\n\t\t<meta name=\"twitter:card\" content=\"summary_large_image\" \/>\n\t\t<meta name=\"twitter:title\" content=\"Sitemap - D\u00e9pannage Informatique Gen\u00e8ve\" \/>\n\t\t<meta name=\"twitter:image\" content=\"https:\/\/depannageinformatique.ch\/wp-content\/uploads\/2022\/04\/logo_depannage_informatique_geneve.png\" \/>\n\t\t<script type=\"application\/ld+json\" class=\"aioseo-schema\">\n\t\t\t{\"@context\":\"https:\\\/\\\/schema.org\",\"@graph\":[{\"@type\":\"BreadcrumbList\",\"@id\":\"https:\\\/\\\/depannageinformatique.ch\\\/en\\\/sitemap\\\/#breadcrumblist\",\"itemListElement\":[{\"@type\":\"ListItem\",\"@id\":\"https:\\\/\\\/depannageinformatique.ch\\\/en\\\/#listItem\",\"position\":1,\"name\":\"Accueil\",\"item\":\"https:\\\/\\\/depannageinformatique.ch\\\/en\\\/\",\"nextItem\":{\"@type\":\"ListItem\",\"@id\":\"https:\\\/\\\/depannageinformatique.ch\\\/en\\\/sitemap\\\/#listItem\",\"name\":\"Sitemap\"}},{\"@type\":\"ListItem\",\"@id\":\"https:\\\/\\\/depannageinformatique.ch\\\/en\\\/sitemap\\\/#listItem\",\"position\":2,\"name\":\"Sitemap\",\"previousItem\":{\"@type\":\"ListItem\",\"@id\":\"https:\\\/\\\/depannageinformatique.ch\\\/en\\\/#listItem\",\"name\":\"Accueil\"}}]},{\"@type\":\"Organization\",\"@id\":\"https:\\\/\\\/depannageinformatique.ch\\\/en\\\/#organization\",\"name\":\"D\\u00e9pannage Informatique Gen\\u00e8ve\",\"description\":\"D\\u00e9pannage Informatique Gen\\u00e8ve est la marque commerciale de proximit\\u00e9 d'i4M Services Informatiques S\\u00e0rl.\",\"url\":\"https:\\\/\\\/depannageinformatique.ch\\\/en\\\/\",\"email\":\"info@depannageinformatique.ch\",\"telephone\":\"+41798685050\",\"foundingDate\":\"2020-12-22\",\"numberOfEmployees\":{\"@type\":\"QuantitativeValue\",\"minValue\":0,\"maxValue\":5},\"logo\":{\"@type\":\"ImageObject\",\"url\":\"https:\\\/\\\/depannageinformatique.ch\\\/wp-content\\\/uploads\\\/2022\\\/04\\\/logo_footer.png\",\"@id\":\"https:\\\/\\\/depannageinformatique.ch\\\/en\\\/sitemap\\\/#organizationLogo\"},\"image\":{\"@id\":\"https:\\\/\\\/depannageinformatique.ch\\\/en\\\/sitemap\\\/#organizationLogo\"},\"sameAs\":[\"https:\\\/\\\/www.facebook.com\\\/depannageinformatiquegeneve\",\"https:\\\/\\\/www.linkedin.com\\\/company\\\/18311498\"],\"address\":{\"@id\":\"https:\\\/\\\/depannageinformatique.ch\\\/en\\\/#postaladdress\",\"@type\":\"PostalAddress\",\"streetAddress\":\"Rue du Commerce 4,\",\"postalCode\":\"1204\",\"addressLocality\":\"Gen\\u00e8ve\",\"addressRegion\":\"GE\",\"addressCountry\":\"CH\"},\"taxID\":\"CHE-325.495.659\"},{\"@type\":\"WebPage\",\"@id\":\"https:\\\/\\\/depannageinformatique.ch\\\/en\\\/sitemap\\\/#webpage\",\"url\":\"https:\\\/\\\/depannageinformatique.ch\\\/en\\\/sitemap\\\/\",\"name\":\"Sitemap - D\\u00e9pannage Informatique Gen\\u00e8ve\",\"inLanguage\":\"en-US\",\"isPartOf\":{\"@id\":\"https:\\\/\\\/depannageinformatique.ch\\\/en\\\/#website\"},\"breadcrumb\":{\"@id\":\"https:\\\/\\\/depannageinformatique.ch\\\/en\\\/sitemap\\\/#breadcrumblist\"},\"datePublished\":\"2022-02-09T05:42:43+01:00\",\"dateModified\":\"2022-02-09T06:03:24+01:00\"},{\"@type\":\"WebSite\",\"@id\":\"https:\\\/\\\/depannageinformatique.ch\\\/en\\\/#website\",\"url\":\"https:\\\/\\\/depannageinformatique.ch\\\/en\\\/\",\"name\":\"D\\u00e9pannage Informatique Gen\\u00e8ve - 079 868 50 50\",\"alternateName\":\"D\\u00e9pannage Informatique Gen\\u00e8ve\",\"description\":\"Votre expert informatique, pr\\u00e8s de chez vous et \\u00e0 prix attractif\",\"inLanguage\":\"en-US\",\"publisher\":{\"@id\":\"https:\\\/\\\/depannageinformatique.ch\\\/en\\\/#organization\"}}]}\n\t\t<\/script>\n\t\t<!-- All in One SEO Pro -->\r\n\t\t<title>Sitemap - D\u00e9pannage Informatique Gen\u00e8ve<\/title>\n\n","aioseo_head_json":{"title":"Sitemap - D\u00e9pannage Informatique Gen\u00e8ve","description":"","canonical_url":"https:\/\/depannageinformatique.ch\/en\/sitemap\/","robots":"max-image-preview:large","keywords":"","webmasterTools":{"miscellaneous":""},"schema":{"@context":"https:\/\/schema.org","@graph":[{"@type":"BreadcrumbList","@id":"https:\/\/depannageinformatique.ch\/en\/sitemap\/#breadcrumblist","itemListElement":[{"@type":"ListItem","@id":"https:\/\/depannageinformatique.ch\/en\/#listItem","position":1,"name":"Accueil","item":"https:\/\/depannageinformatique.ch\/en\/","nextItem":{"@type":"ListItem","@id":"https:\/\/depannageinformatique.ch\/en\/sitemap\/#listItem","name":"Sitemap"}},{"@type":"ListItem","@id":"https:\/\/depannageinformatique.ch\/en\/sitemap\/#listItem","position":2,"name":"Sitemap","previousItem":{"@type":"ListItem","@id":"https:\/\/depannageinformatique.ch\/en\/#listItem","name":"Accueil"}}]},{"@type":"Organization","@id":"https:\/\/depannageinformatique.ch\/en\/#organization","name":"D\u00e9pannage Informatique Gen\u00e8ve","description":"D\u00e9pannage Informatique Gen\u00e8ve est la marque commerciale de proximit\u00e9 d'i4M Services Informatiques S\u00e0rl.","url":"https:\/\/depannageinformatique.ch\/en\/","email":"info@depannageinformatique.ch","telephone":"+41798685050","foundingDate":"2020-12-22","numberOfEmployees":{"@type":"QuantitativeValue","minValue":0,"maxValue":5},"logo":{"@type":"ImageObject","url":"https:\/\/depannageinformatique.ch\/wp-content\/uploads\/2022\/04\/logo_footer.png","@id":"https:\/\/depannageinformatique.ch\/en\/sitemap\/#organizationLogo"},"image":{"@id":"https:\/\/depannageinformatique.ch\/en\/sitemap\/#organizationLogo"},"sameAs":["https:\/\/www.facebook.com\/depannageinformatiquegeneve","https:\/\/www.linkedin.com\/company\/18311498"],"address":{"@id":"https:\/\/depannageinformatique.ch\/en\/#postaladdress","@type":"PostalAddress","streetAddress":"Rue du Commerce 4,","postalCode":"1204","addressLocality":"Gen\u00e8ve","addressRegion":"GE","addressCountry":"CH"},"taxID":"CHE-325.495.659"},{"@type":"WebPage","@id":"https:\/\/depannageinformatique.ch\/en\/sitemap\/#webpage","url":"https:\/\/depannageinformatique.ch\/en\/sitemap\/","name":"Sitemap - D\u00e9pannage Informatique Gen\u00e8ve","inLanguage":"en-US","isPartOf":{"@id":"https:\/\/depannageinformatique.ch\/en\/#website"},"breadcrumb":{"@id":"https:\/\/depannageinformatique.ch\/en\/sitemap\/#breadcrumblist"},"datePublished":"2022-02-09T05:42:43+01:00","dateModified":"2022-02-09T06:03:24+01:00"},{"@type":"WebSite","@id":"https:\/\/depannageinformatique.ch\/en\/#website","url":"https:\/\/depannageinformatique.ch\/en\/","name":"D\u00e9pannage Informatique Gen\u00e8ve - 079 868 50 50","alternateName":"D\u00e9pannage Informatique Gen\u00e8ve","description":"Votre expert informatique, pr\u00e8s de chez vous et \u00e0 prix attractif","inLanguage":"en-US","publisher":{"@id":"https:\/\/depannageinformatique.ch\/en\/#organization"}}]},"og:locale":"en_US","og:site_name":"D\u00e9pannage Informatique Gen\u00e8ve - Votre expert informatique, pr\u00e8s de chez vous et \u00e0 prix attractif","og:type":"article","og:title":"Sitemap - D\u00e9pannage Informatique Gen\u00e8ve","og:url":"https:\/\/depannageinformatique.ch\/en\/sitemap\/","og:image":"https:\/\/depannageinformatique.ch\/wp-content\/uploads\/2022\/04\/logo_depannage_informatique_geneve.png","og:image:secure_url":"https:\/\/depannageinformatique.ch\/wp-content\/uploads\/2022\/04\/logo_depannage_informatique_geneve.png","article:published_time":"2022-02-09T04:42:43+00:00","article:modified_time":"2022-02-09T05:03:24+00:00","article:publisher":"https:\/\/www.facebook.com\/depannageinformatiquegeneve","twitter:card":"summary_large_image","twitter:title":"Sitemap - D\u00e9pannage Informatique Gen\u00e8ve","twitter:image":"https:\/\/depannageinformatique.ch\/wp-content\/uploads\/2022\/04\/logo_depannage_informatique_geneve.png"},"aioseo_meta_data":{"post_id":"646","title":null,"description":null,"keywords":null,"keyphrases":null,"primary_term":null,"canonical_url":null,"og_title":null,"og_description":null,"og_object_type":"default","og_image_type":"default","og_image_url":null,"og_image_width":null,"og_image_height":null,"og_image_custom_url":null,"og_image_custom_fields":null,"og_video":null,"og_custom_url":null,"og_article_section":null,"og_article_tags":null,"twitter_use_og":false,"twitter_card":"default","twitter_image_type":"default","twitter_image_url":null,"twitter_image_custom_url":null,"twitter_image_custom_fields":null,"twitter_title":null,"twitter_description":null,"schema":{"blockGraphs":[],"customGraphs":[],"default":{"data":{"Article":[],"Course":[],"Dataset":[],"FAQPage":[],"Movie":[],"Person":[],"Product":[],"ProductReview":[],"Car":[],"Recipe":[],"Service":[],"SoftwareApplication":[],"WebPage":[]},"graphName":"","isEnabled":true},"graphs":[]},"schema_type":"default","schema_type_options":null,"pillar_content":false,"robots_default":true,"robots_noindex":false,"robots_noarchive":false,"robots_nosnippet":false,"robots_nofollow":false,"robots_noimageindex":false,"robots_noodp":false,"robots_notranslate":false,"robots_max_snippet":null,"robots_max_videopreview":null,"robots_max_imagepreview":"large","priority":null,"frequency":null,"local_seo":null,"seo_analyzer_scan_date":"2025-08-14 17:21:15","breadcrumb_settings":null,"limit_modified_date":false,"reviewed_by":null,"open_ai":null,"ai":null,"created":"2023-02-24 21:24:00","updated":"2025-12-09 21:28:20"},"aioseo_breadcrumb":"<div class=\"aioseo-breadcrumbs\"><span class=\"aioseo-breadcrumb\">\n\t<a href=\"https:\/\/depannageinformatique.ch\/en\/\" title=\"Accueil\">Accueil<\/a>\n<\/span><span class=\"aioseo-breadcrumb-separator\">\u00bb<\/span><span class=\"aioseo-breadcrumb\">\n\tSitemap\n<\/span><\/div>","aioseo_breadcrumb_json":[{"label":"Accueil","link":"https:\/\/depannageinformatique.ch\/en\/"},{"label":"Sitemap","link":"https:\/\/depannageinformatique.ch\/en\/sitemap\/"}],"_links":{"self":[{"href":"https:\/\/depannageinformatique.ch\/en\/wp-json\/wp\/v2\/pages\/646","targetHints":{"allow":["GET"]}}],"collection":[{"href":"https:\/\/depannageinformatique.ch\/en\/wp-json\/wp\/v2\/pages"}],"about":[{"href":"https:\/\/depannageinformatique.ch\/en\/wp-json\/wp\/v2\/types\/page"}],"author":[{"embeddable":true,"href":"https:\/\/depannageinformatique.ch\/en\/wp-json\/wp\/v2\/users\/3"}],"replies":[{"embeddable":true,"href":"https:\/\/depannageinformatique.ch\/en\/wp-json\/wp\/v2\/comments?post=646"}],"version-history":[{"count":0,"href":"https:\/\/depannageinformatique.ch\/en\/wp-json\/wp\/v2\/pages\/646\/revisions"}],"wp:attachment":[{"href":"https:\/\/depannageinformatique.ch\/en\/wp-json\/wp\/v2\/media?parent=646"}],"curies":[{"name":"wp","href":"https:\/\/api.w.org\/{rel}","templated":true}]}}