{"id":84,"date":"2021-11-09T14:09:58","date_gmt":"2021-11-09T13:09:58","guid":{"rendered":"https:\/\/depannageinformatique.a2hosted.com\/termes-et-utilisations\/"},"modified":"2025-12-10T00:27:08","modified_gmt":"2025-12-09T23:27:08","slug":"legal-notice","status":"publish","type":"page","link":"https:\/\/depannageinformatique.ch\/en\/legal-notice\/","title":{"rendered":"Legal notice"},"content":{"rendered":"<h2>1 \u2013 Website owner<\/h2>\n<p>Under Article 6 of Law No. 2004-575 of June 21, 2004 for confidence in the digital economy, it is specified to users of the website https:\/\/depannageinformatique.ch\/ the identity of the various stakeholders in its implementation and monitoring:<\/p>\n<p>Website owner: i4M Services Informatiques S\u00e0rl \u2013 Contact: \u2013 Address: Rue du Commerce 4, 1204 &#8211; Geneva, Switzerland.<\/p>\n<p>Company identification: i4M Services Informatiques S\u00e0rl<\/p>\n<p>Registration number: CHE-325.495.659<\/p>\n<p>CR number: CH-660.4.315.020-5<\/p>\n<p>Address postal: Boulevard D&#8217;Yvoy 5, 1205 Gen\u00e8ve, Switzerland.<\/p>\n<p>Director of publication: Miguel Angel Pliego Pobo \u2013 Contact: info@depannageinformatique.ch<\/p>\n<p>Hosting provider : Infomaniak \u2013 Rue Eug\u00e8ne-Marziano 25, 1227 Geneva, Suisse \u2013 T\u00e9l\u00e9phone : +41.22.820.35.44<\/p>\n<p>Website design and management : Agence Web Simply Design chemin de Concava 28, 1231 Conches \u2013 Geneva, Switzerland.<\/p>\n<h2>2 \u2013 Intellectual property and counterfeiting.<\/h2>\n<p>i4M Services Informatiques S\u00e0rl is the owner of the intellectual property rights and holds the rights of use on all the elements accessible on the website, in particular the texts, images, graphics, logos, videos, architecture, icons and sounds.<\/p>\n<p>Any reproduction, representation, modification, publication, adaptation of all or part of the elements of the site, whatever the means or the process used, is forbidden, except prior written authorization of i4M Services Informatiques S\u00e0rl.<\/p>\n<p>Any unauthorized exploitation of the site or of any of the elements it contains will be considered as constituting an infringement and will be prosecuted in accordance with the provisions of articles L.335-2 and following the Intellectual Property Code.<\/p>\n","protected":false},"excerpt":{"rendered":"<p>1 \u2013 Website owner Under Article 6 of Law No. 2004-575 of June 21, 2004 for confidence in the digital economy, it is specified to users of the website https:\/\/depannageinformatique.ch\/ the identity of the various stakeholders in its implementation and monitoring: Website owner: i4M Services Informatiques S\u00e0rl \u2013 Contact: \u2013 Address: Rue du Commerce 4, [&hellip;]<\/p>\n","protected":false},"author":3,"featured_media":0,"parent":0,"menu_order":0,"comment_status":"closed","ping_status":"closed","template":"","meta":{"_acf_changed":false,"footnotes":""},"class_list":["post-84","page","type-page","status-publish","hentry"],"acf":[],"aioseo_notices":[],"aioseo_head":"\n\t\t<!-- All in One SEO Pro 4.9.5.1 - aioseo.com -->\n\t<meta name=\"description\" content=\"1 \u2013 Website owner Under Article 6 of Law No. 2004-575 of June 21, 2004 for confidence in the digital economy, it is specified to users of the website https:\/\/depannageinformatique.ch\/ the identity of the various stakeholders in its implementation and monitoring: Website owner: i4M Services Informatiques S\u00e0rl \u2013 Contact: \u2013 Address: Rue du Commerce 4,\" \/>\n\t<meta name=\"robots\" content=\"max-image-preview:large\" \/>\n\t<link rel=\"canonical\" href=\"https:\/\/depannageinformatique.ch\/en\/legal-notice\/\" \/>\n\t<meta name=\"generator\" content=\"All in One SEO Pro (AIOSEO) 4.9.5.1\" \/>\n\t\t<meta property=\"og:locale\" content=\"en_US\" \/>\n\t\t<meta property=\"og:site_name\" content=\"D\u00e9pannage Informatique Gen\u00e8ve - Votre expert informatique, pr\u00e8s de chez vous et \u00e0 prix attractif\" \/>\n\t\t<meta property=\"og:type\" content=\"article\" \/>\n\t\t<meta property=\"og:title\" content=\"Legal notice - D\u00e9pannage Informatique Gen\u00e8ve\" \/>\n\t\t<meta property=\"og:description\" content=\"1 \u2013 Website owner Under Article 6 of Law No. 2004-575 of June 21, 2004 for confidence in the digital economy, it is specified to users of the website https:\/\/depannageinformatique.ch\/ the identity of the various stakeholders in its implementation and monitoring: Website owner: i4M Services Informatiques S\u00e0rl \u2013 Contact: \u2013 Address: Rue du Commerce 4,\" \/>\n\t\t<meta property=\"og:url\" content=\"https:\/\/depannageinformatique.ch\/en\/legal-notice\/\" \/>\n\t\t<meta property=\"og:image\" content=\"https:\/\/depannageinformatique.ch\/wp-content\/uploads\/2022\/04\/logo_depannage_informatique_geneve.png\" \/>\n\t\t<meta property=\"og:image:secure_url\" content=\"https:\/\/depannageinformatique.ch\/wp-content\/uploads\/2022\/04\/logo_depannage_informatique_geneve.png\" \/>\n\t\t<meta property=\"article:published_time\" content=\"2021-11-09T13:09:58+00:00\" \/>\n\t\t<meta property=\"article:modified_time\" content=\"2025-12-09T23:27:08+00:00\" \/>\n\t\t<meta property=\"article:publisher\" content=\"https:\/\/www.facebook.com\/depannageinformatiquegeneve\" \/>\n\t\t<meta name=\"twitter:card\" content=\"summary_large_image\" \/>\n\t\t<meta name=\"twitter:title\" content=\"Legal notice - D\u00e9pannage Informatique Gen\u00e8ve\" \/>\n\t\t<meta name=\"twitter:description\" content=\"1 \u2013 Website owner Under Article 6 of Law No. 2004-575 of June 21, 2004 for confidence in the digital economy, it is specified to users of the website https:\/\/depannageinformatique.ch\/ the identity of the various stakeholders in its implementation and monitoring: Website owner: i4M Services Informatiques S\u00e0rl \u2013 Contact: \u2013 Address: Rue du Commerce 4,\" \/>\n\t\t<meta name=\"twitter:image\" content=\"https:\/\/depannageinformatique.ch\/wp-content\/uploads\/2022\/04\/logo_depannage_informatique_geneve.png\" \/>\n\t\t<script type=\"application\/ld+json\" class=\"aioseo-schema\">\n\t\t\t{\"@context\":\"https:\\\/\\\/schema.org\",\"@graph\":[{\"@type\":\"BreadcrumbList\",\"@id\":\"https:\\\/\\\/depannageinformatique.ch\\\/en\\\/legal-notice\\\/#breadcrumblist\",\"itemListElement\":[{\"@type\":\"ListItem\",\"@id\":\"https:\\\/\\\/depannageinformatique.ch\\\/en\\\/#listItem\",\"position\":1,\"name\":\"Accueil\",\"item\":\"https:\\\/\\\/depannageinformatique.ch\\\/en\\\/\",\"nextItem\":{\"@type\":\"ListItem\",\"@id\":\"https:\\\/\\\/depannageinformatique.ch\\\/en\\\/legal-notice\\\/#listItem\",\"name\":\"Legal notice\"}},{\"@type\":\"ListItem\",\"@id\":\"https:\\\/\\\/depannageinformatique.ch\\\/en\\\/legal-notice\\\/#listItem\",\"position\":2,\"name\":\"Legal notice\",\"previousItem\":{\"@type\":\"ListItem\",\"@id\":\"https:\\\/\\\/depannageinformatique.ch\\\/en\\\/#listItem\",\"name\":\"Accueil\"}}]},{\"@type\":\"Organization\",\"@id\":\"https:\\\/\\\/depannageinformatique.ch\\\/en\\\/#organization\",\"name\":\"D\\u00e9pannage Informatique Gen\\u00e8ve\",\"description\":\"D\\u00e9pannage Informatique Gen\\u00e8ve est une entreprise situ\\u00e9e \\u00e0 Gen\\u00e8ve, sp\\u00e9cialis\\u00e9e dans le d\\u00e9pannage informatique, l'assistance technique, et la maintenance de syst\\u00e8mes informatiques pour les particuliers et les entreprises. Leur \\u00e9quipe d'experts offre une large gamme de services, incluant la r\\u00e9paration d'ordinateurs, la r\\u00e9cup\\u00e9ration de donn\\u00e9es, l'installation de logiciels, ainsi que des conseils pour optimiser les performances des \\u00e9quipements informatiques. En plus de leur expertise en mati\\u00e8re de d\\u00e9pannage, D\\u00e9pannage se distingue par son engagement \\u00e0 fournir un service rapide, fiable et personnalis\\u00e9, adapt\\u00e9 aux besoins sp\\u00e9cifiques de chaque client. Que ce soit pour r\\u00e9soudre un probl\\u00e8me technique complexe ou pour am\\u00e9liorer l'efficacit\\u00e9 des syst\\u00e8mes informatiques, D\\u00e9pannage Informatique Gen\\u00e8ve se positionne comme un partenaire de confiance pour tous les besoins informatiques \\u00e0 Gen\\u00e8ve et dans les environs.\",\"url\":\"https:\\\/\\\/depannageinformatique.ch\\\/en\\\/\",\"email\":\"info@depannageinformatique.a2hosted.com\",\"telephone\":\"+41798685050\",\"foundingDate\":\"2015-01-01\",\"numberOfEmployees\":{\"@type\":\"QuantitativeValue\",\"minValue\":0,\"maxValue\":5},\"logo\":{\"@type\":\"ImageObject\",\"url\":\"https:\\\/\\\/depannageinformatique.ch\\\/wp-content\\\/uploads\\\/2022\\\/04\\\/logo_footer.png\",\"@id\":\"https:\\\/\\\/depannageinformatique.ch\\\/en\\\/legal-notice\\\/#organizationLogo\"},\"image\":{\"@id\":\"https:\\\/\\\/depannageinformatique.ch\\\/en\\\/legal-notice\\\/#organizationLogo\"},\"sameAs\":[\"https:\\\/\\\/www.facebook.com\\\/depannageinformatiquegeneve\",\"https:\\\/\\\/www.linkedin.com\\\/company\\\/18311498\"],\"address\":{\"@id\":\"https:\\\/\\\/depannageinformatique.ch\\\/en\\\/#postaladdress\",\"@type\":\"PostalAddress\",\"streetAddress\":\"Rue du Commerce 4,\",\"postalCode\":\"1204\",\"addressLocality\":\"Gen\\u00e8ve\",\"addressRegion\":\"GE\",\"addressCountry\":\"CH\"},\"taxID\":\"CHE-325.495.659\"},{\"@type\":\"WebPage\",\"@id\":\"https:\\\/\\\/depannageinformatique.ch\\\/en\\\/legal-notice\\\/#webpage\",\"url\":\"https:\\\/\\\/depannageinformatique.ch\\\/en\\\/legal-notice\\\/\",\"name\":\"Legal notice - D\\u00e9pannage Informatique Gen\\u00e8ve\",\"description\":\"1 \\u2013 Website owner Under Article 6 of Law No. 2004-575 of June 21, 2004 for confidence in the digital economy, it is specified to users of the website https:\\\/\\\/depannageinformatique.ch\\\/ the identity of the various stakeholders in its implementation and monitoring: Website owner: i4M Services Informatiques S\\u00e0rl \\u2013 Contact: \\u2013 Address: Rue du Commerce 4,\",\"inLanguage\":\"en-US\",\"isPartOf\":{\"@id\":\"https:\\\/\\\/depannageinformatique.ch\\\/en\\\/#website\"},\"breadcrumb\":{\"@id\":\"https:\\\/\\\/depannageinformatique.ch\\\/en\\\/legal-notice\\\/#breadcrumblist\"},\"datePublished\":\"2021-11-09T14:09:58+01:00\",\"dateModified\":\"2025-12-10T00:27:08+01:00\"},{\"@type\":\"WebSite\",\"@id\":\"https:\\\/\\\/depannageinformatique.ch\\\/en\\\/#website\",\"url\":\"https:\\\/\\\/depannageinformatique.ch\\\/en\\\/\",\"name\":\"D\\u00e9pannage Informatique Gen\\u00e8ve - 079 868 50 50\",\"alternateName\":\"D\\u00e9pannage Informatique Gen\\u00e8ve\",\"description\":\"Votre expert informatique, pr\\u00e8s de chez vous et \\u00e0 prix attractif\",\"inLanguage\":\"en-US\",\"publisher\":{\"@id\":\"https:\\\/\\\/depannageinformatique.ch\\\/en\\\/#organization\"}}]}\n\t\t<\/script>\n\t\t<!-- All in One SEO Pro -->\r\n\t\t<title>Legal notice - D\u00e9pannage Informatique Gen\u00e8ve<\/title>\n\n","aioseo_head_json":{"title":"Legal notice - D\u00e9pannage Informatique Gen\u00e8ve","description":"1 \u2013 Website owner Under Article 6 of Law No. 2004-575 of June 21, 2004 for confidence in the digital economy, it is specified to users of the website https:\/\/depannageinformatique.ch\/ the identity of the various stakeholders in its implementation and monitoring: Website owner: i4M Services Informatiques S\u00e0rl \u2013 Contact: \u2013 Address: Rue du Commerce 4,","canonical_url":"https:\/\/depannageinformatique.ch\/en\/legal-notice\/","robots":"max-image-preview:large","keywords":"","webmasterTools":{"miscellaneous":""},"schema":{"@context":"https:\/\/schema.org","@graph":[{"@type":"BreadcrumbList","@id":"https:\/\/depannageinformatique.ch\/en\/legal-notice\/#breadcrumblist","itemListElement":[{"@type":"ListItem","@id":"https:\/\/depannageinformatique.ch\/en\/#listItem","position":1,"name":"Accueil","item":"https:\/\/depannageinformatique.ch\/en\/","nextItem":{"@type":"ListItem","@id":"https:\/\/depannageinformatique.ch\/en\/legal-notice\/#listItem","name":"Legal notice"}},{"@type":"ListItem","@id":"https:\/\/depannageinformatique.ch\/en\/legal-notice\/#listItem","position":2,"name":"Legal notice","previousItem":{"@type":"ListItem","@id":"https:\/\/depannageinformatique.ch\/en\/#listItem","name":"Accueil"}}]},{"@type":"Organization","@id":"https:\/\/depannageinformatique.ch\/en\/#organization","name":"D\u00e9pannage Informatique Gen\u00e8ve","description":"D\u00e9pannage Informatique Gen\u00e8ve est une entreprise situ\u00e9e \u00e0 Gen\u00e8ve, sp\u00e9cialis\u00e9e dans le d\u00e9pannage informatique, l'assistance technique, et la maintenance de syst\u00e8mes informatiques pour les particuliers et les entreprises. Leur \u00e9quipe d'experts offre une large gamme de services, incluant la r\u00e9paration d'ordinateurs, la r\u00e9cup\u00e9ration de donn\u00e9es, l'installation de logiciels, ainsi que des conseils pour optimiser les performances des \u00e9quipements informatiques. En plus de leur expertise en mati\u00e8re de d\u00e9pannage, D\u00e9pannage se distingue par son engagement \u00e0 fournir un service rapide, fiable et personnalis\u00e9, adapt\u00e9 aux besoins sp\u00e9cifiques de chaque client. Que ce soit pour r\u00e9soudre un probl\u00e8me technique complexe ou pour am\u00e9liorer l'efficacit\u00e9 des syst\u00e8mes informatiques, D\u00e9pannage Informatique Gen\u00e8ve se positionne comme un partenaire de confiance pour tous les besoins informatiques \u00e0 Gen\u00e8ve et dans les environs.","url":"https:\/\/depannageinformatique.ch\/en\/","email":"info@depannageinformatique.a2hosted.com","telephone":"+41798685050","foundingDate":"2015-01-01","numberOfEmployees":{"@type":"QuantitativeValue","minValue":0,"maxValue":5},"logo":{"@type":"ImageObject","url":"https:\/\/depannageinformatique.ch\/wp-content\/uploads\/2022\/04\/logo_footer.png","@id":"https:\/\/depannageinformatique.ch\/en\/legal-notice\/#organizationLogo"},"image":{"@id":"https:\/\/depannageinformatique.ch\/en\/legal-notice\/#organizationLogo"},"sameAs":["https:\/\/www.facebook.com\/depannageinformatiquegeneve","https:\/\/www.linkedin.com\/company\/18311498"],"address":{"@id":"https:\/\/depannageinformatique.ch\/en\/#postaladdress","@type":"PostalAddress","streetAddress":"Rue du Commerce 4,","postalCode":"1204","addressLocality":"Gen\u00e8ve","addressRegion":"GE","addressCountry":"CH"},"taxID":"CHE-325.495.659"},{"@type":"WebPage","@id":"https:\/\/depannageinformatique.ch\/en\/legal-notice\/#webpage","url":"https:\/\/depannageinformatique.ch\/en\/legal-notice\/","name":"Legal notice - D\u00e9pannage Informatique Gen\u00e8ve","description":"1 \u2013 Website owner Under Article 6 of Law No. 2004-575 of June 21, 2004 for confidence in the digital economy, it is specified to users of the website https:\/\/depannageinformatique.ch\/ the identity of the various stakeholders in its implementation and monitoring: Website owner: i4M Services Informatiques S\u00e0rl \u2013 Contact: \u2013 Address: Rue du Commerce 4,","inLanguage":"en-US","isPartOf":{"@id":"https:\/\/depannageinformatique.ch\/en\/#website"},"breadcrumb":{"@id":"https:\/\/depannageinformatique.ch\/en\/legal-notice\/#breadcrumblist"},"datePublished":"2021-11-09T14:09:58+01:00","dateModified":"2025-12-10T00:27:08+01:00"},{"@type":"WebSite","@id":"https:\/\/depannageinformatique.ch\/en\/#website","url":"https:\/\/depannageinformatique.ch\/en\/","name":"D\u00e9pannage Informatique Gen\u00e8ve - 079 868 50 50","alternateName":"D\u00e9pannage Informatique Gen\u00e8ve","description":"Votre expert informatique, pr\u00e8s de chez vous et \u00e0 prix attractif","inLanguage":"en-US","publisher":{"@id":"https:\/\/depannageinformatique.ch\/en\/#organization"}}]},"og:locale":"en_US","og:site_name":"D\u00e9pannage Informatique Gen\u00e8ve - Votre expert informatique, pr\u00e8s de chez vous et \u00e0 prix attractif","og:type":"article","og:title":"Legal notice - D\u00e9pannage Informatique Gen\u00e8ve","og:description":"1 \u2013 Website owner Under Article 6 of Law No. 2004-575 of June 21, 2004 for confidence in the digital economy, it is specified to users of the website https:\/\/depannageinformatique.ch\/ the identity of the various stakeholders in its implementation and monitoring: Website owner: i4M Services Informatiques S\u00e0rl \u2013 Contact: \u2013 Address: Rue du Commerce 4,","og:url":"https:\/\/depannageinformatique.ch\/en\/legal-notice\/","og:image":"https:\/\/depannageinformatique.ch\/wp-content\/uploads\/2022\/04\/logo_depannage_informatique_geneve.png","og:image:secure_url":"https:\/\/depannageinformatique.ch\/wp-content\/uploads\/2022\/04\/logo_depannage_informatique_geneve.png","article:published_time":"2021-11-09T13:09:58+00:00","article:modified_time":"2025-12-09T23:27:08+00:00","article:publisher":"https:\/\/www.facebook.com\/depannageinformatiquegeneve","twitter:card":"summary_large_image","twitter:title":"Legal notice - D\u00e9pannage Informatique Gen\u00e8ve","twitter:description":"1 \u2013 Website owner Under Article 6 of Law No. 2004-575 of June 21, 2004 for confidence in the digital economy, it is specified to users of the website https:\/\/depannageinformatique.ch\/ the identity of the various stakeholders in its implementation and monitoring: Website owner: i4M Services Informatiques S\u00e0rl \u2013 Contact: \u2013 Address: Rue du Commerce 4,","twitter:image":"https:\/\/depannageinformatique.ch\/wp-content\/uploads\/2022\/04\/logo_depannage_informatique_geneve.png"},"aioseo_meta_data":{"post_id":"84","title":null,"description":null,"keywords":null,"keyphrases":{"focus":{"keyphrase":"","score":0,"analysis":{"keyphraseInTitle":{"score":0,"maxScore":9,"error":1}}},"additional":[]},"primary_term":null,"canonical_url":null,"og_title":null,"og_description":null,"og_object_type":"default","og_image_type":"default","og_image_url":null,"og_image_width":null,"og_image_height":null,"og_image_custom_url":null,"og_image_custom_fields":null,"og_video":"","og_custom_url":null,"og_article_section":null,"og_article_tags":null,"twitter_use_og":false,"twitter_card":"default","twitter_image_type":"default","twitter_image_url":null,"twitter_image_custom_url":null,"twitter_image_custom_fields":null,"twitter_title":null,"twitter_description":null,"schema":{"blockGraphs":[],"customGraphs":[],"default":{"data":{"Article":[],"Course":[],"Dataset":[],"FAQPage":[],"Movie":[],"Person":[],"Product":[],"ProductReview":[],"Car":[],"Recipe":[],"Service":[],"SoftwareApplication":[],"WebPage":[]},"graphName":"WebPage","isEnabled":true},"graphs":[]},"schema_type":"default","schema_type_options":null,"pillar_content":false,"robots_default":true,"robots_noindex":false,"robots_noarchive":false,"robots_nosnippet":false,"robots_nofollow":false,"robots_noimageindex":false,"robots_noodp":false,"robots_notranslate":false,"robots_max_snippet":"-1","robots_max_videopreview":"-1","robots_max_imagepreview":"large","priority":null,"frequency":"default","local_seo":null,"seo_analyzer_scan_date":"2025-12-09 23:27:14","breadcrumb_settings":null,"limit_modified_date":false,"reviewed_by":"0","open_ai":null,"ai":{"faqs":[],"keyPoints":[],"titles":[],"descriptions":[],"socialPosts":{"email":[],"linkedin":[],"twitter":[],"facebook":[],"instagram":[]}},"created":"2023-02-24 21:23:26","updated":"2025-12-09 23:27:14"},"aioseo_breadcrumb":"<div class=\"aioseo-breadcrumbs\"><span class=\"aioseo-breadcrumb\">\n\t<a href=\"https:\/\/depannageinformatique.ch\/en\/\" title=\"Accueil\">Accueil<\/a>\n<\/span><span class=\"aioseo-breadcrumb-separator\">\u00bb<\/span><span class=\"aioseo-breadcrumb\">\n\tLegal notice\n<\/span><\/div>","aioseo_breadcrumb_json":[{"label":"Accueil","link":"https:\/\/depannageinformatique.ch\/en\/"},{"label":"Legal notice","link":"https:\/\/depannageinformatique.ch\/en\/legal-notice\/"}],"_links":{"self":[{"href":"https:\/\/depannageinformatique.ch\/en\/wp-json\/wp\/v2\/pages\/84","targetHints":{"allow":["GET"]}}],"collection":[{"href":"https:\/\/depannageinformatique.ch\/en\/wp-json\/wp\/v2\/pages"}],"about":[{"href":"https:\/\/depannageinformatique.ch\/en\/wp-json\/wp\/v2\/types\/page"}],"author":[{"embeddable":true,"href":"https:\/\/depannageinformatique.ch\/en\/wp-json\/wp\/v2\/users\/3"}],"replies":[{"embeddable":true,"href":"https:\/\/depannageinformatique.ch\/en\/wp-json\/wp\/v2\/comments?post=84"}],"version-history":[{"count":0,"href":"https:\/\/depannageinformatique.ch\/en\/wp-json\/wp\/v2\/pages\/84\/revisions"}],"wp:attachment":[{"href":"https:\/\/depannageinformatique.ch\/en\/wp-json\/wp\/v2\/media?parent=84"}],"curies":[{"name":"wp","href":"https:\/\/api.w.org\/{rel}","templated":true}]}}