{"id":2154,"date":"2025-07-03T10:53:32","date_gmt":"2025-07-03T08:53:32","guid":{"rendered":"https:\/\/depannageinformatique.a2hosted.com\/risoluzione-dei-problemi-del-computer-in-remoto\/"},"modified":"2025-09-24T01:37:04","modified_gmt":"2025-09-23T23:37:04","slug":"risoluzione-dei-problemi-del-computer-in-remoto","status":"publish","type":"page","link":"https:\/\/depannageinformatique.ch\/it\/risoluzione-dei-problemi-del-computer-in-remoto\/","title":{"rendered":"Risoluzione dei problemi del computer in remoto"},"content":{"rendered":"","protected":false},"excerpt":{"rendered":"","protected":false},"author":3,"featured_media":0,"parent":0,"menu_order":0,"comment_status":"closed","ping_status":"closed","template":"page-largeheader.php","meta":{"_acf_changed":false,"footnotes":""},"class_list":["post-2154","page","type-page","status-publish","hentry"],"acf":[],"aioseo_notices":[],"aioseo_head":"\n\t\t<!-- All in One SEO Pro 4.9.6.2 - aioseo.com -->\n\t<meta name=\"robots\" content=\"max-image-preview:large\" \/>\n\t<link rel=\"canonical\" href=\"https:\/\/depannageinformatique.ch\/it\/risoluzione-dei-problemi-del-computer-in-remoto\/\" \/>\n\t<meta name=\"generator\" content=\"All in One SEO Pro (AIOSEO) 4.9.6.2\" \/>\n\t\t<meta property=\"og:locale\" content=\"it_IT\" \/>\n\t\t<meta property=\"og:site_name\" content=\"D\u00e9pannage Informatique Gen\u00e8ve - Votre expert informatique, pr\u00e8s de chez vous et \u00e0 prix attractif\" \/>\n\t\t<meta property=\"og:type\" content=\"article\" \/>\n\t\t<meta property=\"og:title\" content=\"Risoluzione dei problemi del computer in remoto - D\u00e9pannage Informatique Gen\u00e8ve\" \/>\n\t\t<meta property=\"og:url\" content=\"https:\/\/depannageinformatique.ch\/it\/risoluzione-dei-problemi-del-computer-in-remoto\/\" \/>\n\t\t<meta property=\"og:image\" content=\"https:\/\/depannageinformatique.ch\/wp-content\/uploads\/2022\/04\/logo_depannage_informatique_geneve.png\" \/>\n\t\t<meta property=\"og:image:secure_url\" content=\"https:\/\/depannageinformatique.ch\/wp-content\/uploads\/2022\/04\/logo_depannage_informatique_geneve.png\" \/>\n\t\t<meta property=\"article:published_time\" content=\"2025-07-03T08:53:32+00:00\" \/>\n\t\t<meta property=\"article:modified_time\" content=\"2025-09-23T23:37:04+00:00\" \/>\n\t\t<meta property=\"article:publisher\" content=\"https:\/\/www.facebook.com\/depannageinformatiquegeneve\" \/>\n\t\t<meta name=\"twitter:card\" content=\"summary_large_image\" \/>\n\t\t<meta name=\"twitter:title\" content=\"Risoluzione dei problemi del computer in remoto - D\u00e9pannage Informatique Gen\u00e8ve\" \/>\n\t\t<meta name=\"twitter:image\" content=\"https:\/\/depannageinformatique.ch\/wp-content\/uploads\/2022\/04\/logo_depannage_informatique_geneve.png\" \/>\n\t\t<script type=\"application\/ld+json\" class=\"aioseo-schema\">\n\t\t\t{\"@context\":\"https:\\\/\\\/schema.org\",\"@graph\":[{\"@type\":\"BreadcrumbList\",\"@id\":\"https:\\\/\\\/depannageinformatique.ch\\\/it\\\/risoluzione-dei-problemi-del-computer-in-remoto\\\/#breadcrumblist\",\"itemListElement\":[{\"@type\":\"ListItem\",\"@id\":\"https:\\\/\\\/depannageinformatique.ch\\\/it\\\/#listItem\",\"position\":1,\"name\":\"Accueil\",\"item\":\"https:\\\/\\\/depannageinformatique.ch\\\/it\\\/\",\"nextItem\":{\"@type\":\"ListItem\",\"@id\":\"https:\\\/\\\/depannageinformatique.ch\\\/it\\\/risoluzione-dei-problemi-del-computer-in-remoto\\\/#listItem\",\"name\":\"Risoluzione dei problemi del computer in remoto\"}},{\"@type\":\"ListItem\",\"@id\":\"https:\\\/\\\/depannageinformatique.ch\\\/it\\\/risoluzione-dei-problemi-del-computer-in-remoto\\\/#listItem\",\"position\":2,\"name\":\"Risoluzione dei problemi del computer in remoto\",\"previousItem\":{\"@type\":\"ListItem\",\"@id\":\"https:\\\/\\\/depannageinformatique.ch\\\/it\\\/#listItem\",\"name\":\"Accueil\"}}]},{\"@type\":\"Organization\",\"@id\":\"https:\\\/\\\/depannageinformatique.ch\\\/it\\\/#organization\",\"name\":\"D\\u00e9pannage Informatique Gen\\u00e8ve\",\"description\":\"D\\u00e9pannage Informatique Gen\\u00e8ve est la marque commerciale de proximit\\u00e9 d'i4M Services Informatiques S\\u00e0rl.\",\"url\":\"https:\\\/\\\/depannageinformatique.ch\\\/it\\\/\",\"email\":\"info@depannageinformatique.ch\",\"telephone\":\"+41798685050\",\"foundingDate\":\"2020-12-22\",\"numberOfEmployees\":{\"@type\":\"QuantitativeValue\",\"minValue\":0,\"maxValue\":5},\"logo\":{\"@type\":\"ImageObject\",\"url\":\"https:\\\/\\\/depannageinformatique.ch\\\/wp-content\\\/uploads\\\/2022\\\/04\\\/logo_footer.png\",\"@id\":\"https:\\\/\\\/depannageinformatique.ch\\\/it\\\/risoluzione-dei-problemi-del-computer-in-remoto\\\/#organizationLogo\"},\"image\":{\"@id\":\"https:\\\/\\\/depannageinformatique.ch\\\/it\\\/risoluzione-dei-problemi-del-computer-in-remoto\\\/#organizationLogo\"},\"sameAs\":[\"https:\\\/\\\/www.facebook.com\\\/depannageinformatiquegeneve\",\"https:\\\/\\\/www.linkedin.com\\\/company\\\/18311498\"],\"address\":{\"@id\":\"https:\\\/\\\/depannageinformatique.ch\\\/it\\\/#postaladdress\",\"@type\":\"PostalAddress\",\"streetAddress\":\"Rue du Commerce 4,\",\"postalCode\":\"1204\",\"addressLocality\":\"Gen\\u00e8ve\",\"addressRegion\":\"GE\",\"addressCountry\":\"CH\"},\"taxID\":\"CHE-325.495.659\"},{\"@type\":\"Service\",\"@id\":\"https:\\\/\\\/depannageinformatique.ch\\\/it\\\/risoluzione-dei-problemi-del-computer-in-remoto\\\/#aioseo-service-mf4hx2pl\",\"name\":\"D\\u00e9pannage informatique \\u00e0 distance\",\"description\":\"Assistance et d\\u00e9pannage informatique \\u00e0 distance pour PC et Mac. Interventions rapides et s\\u00e9curis\\u00e9es par prise de contr\\u00f4le \\u00e0 distance, partout en Suisse romande.\",\"serviceType\":\"D\\u00e9pannage informatique \\u00e0 distance (PC & Mac) \\u00e0 Gen\\u00e8ve et en Suisse romande\",\"image\":{\"@type\":\"ImageObject\",\"url\":\"https:\\\/\\\/depannageinformatique.ch\\\/wp-content\\\/uploads\\\/2025\\\/09\\\/person-holding-laptop-digital-world-map.webp\",\"width\":1600,\"height\":640},\"provider\":{\"@type\":\"Organization\",\"name\":\"D\\u00e9pannage Informatique Gen\\u00e8ve\",\"sameAs\":\"https:\\\/\\\/depannageinformatique.ch\",\"image\":{\"@type\":\"ImageObject\",\"url\":\"https:\\\/\\\/depannageinformatique.ch\\\/wp-content\\\/uploads\\\/2025\\\/04\\\/blue-cloud-electronics-depannage-text.webp\",\"width\":326,\"height\":85}},\"offers\":{\"@type\":\"Offer\",\"price\":50,\"priceCurrency\":\"CHF\"}},{\"@type\":\"WebPage\",\"@id\":\"https:\\\/\\\/depannageinformatique.ch\\\/it\\\/risoluzione-dei-problemi-del-computer-in-remoto\\\/#webpage\",\"url\":\"https:\\\/\\\/depannageinformatique.ch\\\/it\\\/risoluzione-dei-problemi-del-computer-in-remoto\\\/\",\"name\":\"Risoluzione dei problemi del computer in remoto - D\\u00e9pannage Informatique Gen\\u00e8ve\",\"inLanguage\":\"it-IT\",\"isPartOf\":{\"@id\":\"https:\\\/\\\/depannageinformatique.ch\\\/it\\\/#website\"},\"breadcrumb\":{\"@id\":\"https:\\\/\\\/depannageinformatique.ch\\\/it\\\/risoluzione-dei-problemi-del-computer-in-remoto\\\/#breadcrumblist\"},\"datePublished\":\"2025-07-03T10:53:32+02:00\",\"dateModified\":\"2025-09-24T01:37:04+02:00\"},{\"@type\":\"WebSite\",\"@id\":\"https:\\\/\\\/depannageinformatique.ch\\\/it\\\/#website\",\"url\":\"https:\\\/\\\/depannageinformatique.ch\\\/it\\\/\",\"name\":\"D\\u00e9pannage Informatique Gen\\u00e8ve - 079 868 50 50\",\"alternateName\":\"D\\u00e9pannage Informatique Gen\\u00e8ve\",\"description\":\"Votre expert informatique, pr\\u00e8s de chez vous et \\u00e0 prix attractif\",\"inLanguage\":\"it-IT\",\"publisher\":{\"@id\":\"https:\\\/\\\/depannageinformatique.ch\\\/it\\\/#organization\"}}]}\n\t\t<\/script>\n\t\t<!-- All in One SEO Pro -->\r\n\t\t<title>Risoluzione dei problemi del computer in remoto - D\u00e9pannage Informatique Gen\u00e8ve<\/title>\n\n","aioseo_head_json":{"title":"Risoluzione dei problemi del computer in remoto - D\u00e9pannage Informatique Gen\u00e8ve","description":"","canonical_url":"https:\/\/depannageinformatique.ch\/it\/risoluzione-dei-problemi-del-computer-in-remoto\/","robots":"max-image-preview:large","keywords":"","webmasterTools":{"miscellaneous":""},"schema":{"@context":"https:\/\/schema.org","@graph":[{"@type":"BreadcrumbList","@id":"https:\/\/depannageinformatique.ch\/it\/risoluzione-dei-problemi-del-computer-in-remoto\/#breadcrumblist","itemListElement":[{"@type":"ListItem","@id":"https:\/\/depannageinformatique.ch\/it\/#listItem","position":1,"name":"Accueil","item":"https:\/\/depannageinformatique.ch\/it\/","nextItem":{"@type":"ListItem","@id":"https:\/\/depannageinformatique.ch\/it\/risoluzione-dei-problemi-del-computer-in-remoto\/#listItem","name":"Risoluzione dei problemi del computer in remoto"}},{"@type":"ListItem","@id":"https:\/\/depannageinformatique.ch\/it\/risoluzione-dei-problemi-del-computer-in-remoto\/#listItem","position":2,"name":"Risoluzione dei problemi del computer in remoto","previousItem":{"@type":"ListItem","@id":"https:\/\/depannageinformatique.ch\/it\/#listItem","name":"Accueil"}}]},{"@type":"Organization","@id":"https:\/\/depannageinformatique.ch\/it\/#organization","name":"D\u00e9pannage Informatique Gen\u00e8ve","description":"D\u00e9pannage Informatique Gen\u00e8ve est la marque commerciale de proximit\u00e9 d'i4M Services Informatiques S\u00e0rl.","url":"https:\/\/depannageinformatique.ch\/it\/","email":"info@depannageinformatique.ch","telephone":"+41798685050","foundingDate":"2020-12-22","numberOfEmployees":{"@type":"QuantitativeValue","minValue":0,"maxValue":5},"logo":{"@type":"ImageObject","url":"https:\/\/depannageinformatique.ch\/wp-content\/uploads\/2022\/04\/logo_footer.png","@id":"https:\/\/depannageinformatique.ch\/it\/risoluzione-dei-problemi-del-computer-in-remoto\/#organizationLogo"},"image":{"@id":"https:\/\/depannageinformatique.ch\/it\/risoluzione-dei-problemi-del-computer-in-remoto\/#organizationLogo"},"sameAs":["https:\/\/www.facebook.com\/depannageinformatiquegeneve","https:\/\/www.linkedin.com\/company\/18311498"],"address":{"@id":"https:\/\/depannageinformatique.ch\/it\/#postaladdress","@type":"PostalAddress","streetAddress":"Rue du Commerce 4,","postalCode":"1204","addressLocality":"Gen\u00e8ve","addressRegion":"GE","addressCountry":"CH"},"taxID":"CHE-325.495.659"},{"@type":"Service","@id":"https:\/\/depannageinformatique.ch\/it\/risoluzione-dei-problemi-del-computer-in-remoto\/#aioseo-service-mf4hx2pl","name":"D\u00e9pannage informatique \u00e0 distance","description":"Assistance et d\u00e9pannage informatique \u00e0 distance pour PC et Mac. Interventions rapides et s\u00e9curis\u00e9es par prise de contr\u00f4le \u00e0 distance, partout en Suisse romande.","serviceType":"D\u00e9pannage informatique \u00e0 distance (PC & Mac) \u00e0 Gen\u00e8ve et en Suisse romande","image":{"@type":"ImageObject","url":"https:\/\/depannageinformatique.ch\/wp-content\/uploads\/2025\/09\/person-holding-laptop-digital-world-map.webp","width":1600,"height":640},"provider":{"@type":"Organization","name":"D\u00e9pannage Informatique Gen\u00e8ve","sameAs":"https:\/\/depannageinformatique.ch","image":{"@type":"ImageObject","url":"https:\/\/depannageinformatique.ch\/wp-content\/uploads\/2025\/04\/blue-cloud-electronics-depannage-text.webp","width":326,"height":85}},"offers":{"@type":"Offer","price":50,"priceCurrency":"CHF"}},{"@type":"WebPage","@id":"https:\/\/depannageinformatique.ch\/it\/risoluzione-dei-problemi-del-computer-in-remoto\/#webpage","url":"https:\/\/depannageinformatique.ch\/it\/risoluzione-dei-problemi-del-computer-in-remoto\/","name":"Risoluzione dei problemi del computer in remoto - D\u00e9pannage Informatique Gen\u00e8ve","inLanguage":"it-IT","isPartOf":{"@id":"https:\/\/depannageinformatique.ch\/it\/#website"},"breadcrumb":{"@id":"https:\/\/depannageinformatique.ch\/it\/risoluzione-dei-problemi-del-computer-in-remoto\/#breadcrumblist"},"datePublished":"2025-07-03T10:53:32+02:00","dateModified":"2025-09-24T01:37:04+02:00"},{"@type":"WebSite","@id":"https:\/\/depannageinformatique.ch\/it\/#website","url":"https:\/\/depannageinformatique.ch\/it\/","name":"D\u00e9pannage Informatique Gen\u00e8ve - 079 868 50 50","alternateName":"D\u00e9pannage Informatique Gen\u00e8ve","description":"Votre expert informatique, pr\u00e8s de chez vous et \u00e0 prix attractif","inLanguage":"it-IT","publisher":{"@id":"https:\/\/depannageinformatique.ch\/it\/#organization"}}]},"og:locale":"it_IT","og:site_name":"D\u00e9pannage Informatique Gen\u00e8ve - Votre expert informatique, pr\u00e8s de chez vous et \u00e0 prix attractif","og:type":"article","og:title":"Risoluzione dei problemi del computer in remoto - D\u00e9pannage Informatique Gen\u00e8ve","og:url":"https:\/\/depannageinformatique.ch\/it\/risoluzione-dei-problemi-del-computer-in-remoto\/","og:image":"https:\/\/depannageinformatique.ch\/wp-content\/uploads\/2022\/04\/logo_depannage_informatique_geneve.png","og:image:secure_url":"https:\/\/depannageinformatique.ch\/wp-content\/uploads\/2022\/04\/logo_depannage_informatique_geneve.png","article:published_time":"2025-07-03T08:53:32+00:00","article:modified_time":"2025-09-23T23:37:04+00:00","article:publisher":"https:\/\/www.facebook.com\/depannageinformatiquegeneve","twitter:card":"summary_large_image","twitter:title":"Risoluzione dei problemi del computer in remoto - D\u00e9pannage Informatique Gen\u00e8ve","twitter:image":"https:\/\/depannageinformatique.ch\/wp-content\/uploads\/2022\/04\/logo_depannage_informatique_geneve.png"},"aioseo_meta_data":{"post_id":"2154","title":null,"description":null,"keywords":null,"keyphrases":{"focus":{"keyphrase":"D\u00e9pannage Informatique","score":100,"analysis":{"keyphraseInTitle":{"score":9,"maxScore":9,"error":0},"keyphraseInDescription":[],"keyphraseLength":{"score":9,"maxScore":9,"error":0,"length":3},"keyphraseInURL":{"score":5,"maxScore":5,"error":0}}},"additional":[{"keyphrase":"Distance","score":100,"analysis":{"keyphraseInDescription":[],"keyphraseLength":{"score":9,"maxScore":9,"error":0,"length":1}}}]},"primary_term":null,"canonical_url":null,"og_title":null,"og_description":null,"og_object_type":"default","og_image_type":"default","og_image_url":null,"og_image_width":null,"og_image_height":null,"og_image_custom_url":null,"og_image_custom_fields":null,"og_video":"","og_custom_url":null,"og_article_section":null,"og_article_tags":null,"twitter_use_og":false,"twitter_card":"default","twitter_image_type":"default","twitter_image_url":null,"twitter_image_custom_url":null,"twitter_image_custom_fields":null,"twitter_title":null,"twitter_description":null,"schema":{"blockGraphs":[],"customGraphs":[],"default":{"data":{"Article":[],"Course":[],"Dataset":[],"FAQPage":[],"Movie":[],"Person":[],"Product":[],"ProductReview":[],"Car":[],"Recipe":[],"Service":[],"SoftwareApplication":[],"WebPage":[]},"graphName":"WebPage","isEnabled":true},"graphs":[{"id":"#aioseo-service-mf4hx2pl","slug":"service","graphName":"Service","label":"Service","properties":{"name":"D\u00e9pannage informatique \u00e0 distance","description":"Assistance et d\u00e9pannage informatique \u00e0 distance pour PC et Mac. Interventions rapides et s\u00e9curis\u00e9es par prise de contr\u00f4le \u00e0 distance, partout en Suisse romande.","serviceType":"D\u00e9pannage informatique \u00e0 distance (PC & Mac) \u00e0 Gen\u00e8ve et en Suisse romande","price":"50","currency":"CHF","image":"https:\/\/depannageinformatique.ch\/wp-content\/uploads\/2025\/09\/person-holding-laptop-digital-world-map.webp","provider":{"name":"D\u00e9pannage Informatique Gen\u00e8ve","url":"https:\/\/depannageinformatique.ch","image":"https:\/\/depannageinformatique.ch\/wp-content\/uploads\/2025\/04\/blue-cloud-electronics-depannage-text.webp"}},"value":"service"}]},"schema_type":"default","schema_type_options":null,"pillar_content":false,"robots_default":true,"robots_noindex":false,"robots_noarchive":false,"robots_nosnippet":false,"robots_nofollow":false,"robots_noimageindex":false,"robots_noodp":false,"robots_notranslate":false,"robots_max_snippet":"-1","robots_max_videopreview":"-1","robots_max_imagepreview":"large","priority":null,"frequency":"default","local_seo":null,"seo_analyzer_scan_date":"2025-09-23 23:58:09","breadcrumb_settings":null,"limit_modified_date":false,"reviewed_by":"0","open_ai":null,"ai":{"faqs":[],"keyPoints":[],"titles":[],"descriptions":[],"socialPosts":{"email":[],"linkedin":[],"twitter":[],"facebook":[],"instagram":[]}},"created":"2025-07-03 08:53:32","updated":"2026-05-04 09:46:29"},"aioseo_breadcrumb":"<div class=\"aioseo-breadcrumbs\"><span class=\"aioseo-breadcrumb\">\n\t<a href=\"https:\/\/depannageinformatique.ch\/it\/\" title=\"Accueil\">Accueil<\/a>\n<\/span><span class=\"aioseo-breadcrumb-separator\">\u00bb<\/span><span class=\"aioseo-breadcrumb\">\n\tRisoluzione dei problemi del computer in remoto\n<\/span><\/div>","aioseo_breadcrumb_json":[{"label":"Accueil","link":"https:\/\/depannageinformatique.ch\/it\/"},{"label":"Risoluzione dei problemi del computer in remoto","link":"https:\/\/depannageinformatique.ch\/it\/risoluzione-dei-problemi-del-computer-in-remoto\/"}],"_links":{"self":[{"href":"https:\/\/depannageinformatique.ch\/it\/wp-json\/wp\/v2\/pages\/2154","targetHints":{"allow":["GET"]}}],"collection":[{"href":"https:\/\/depannageinformatique.ch\/it\/wp-json\/wp\/v2\/pages"}],"about":[{"href":"https:\/\/depannageinformatique.ch\/it\/wp-json\/wp\/v2\/types\/page"}],"author":[{"embeddable":true,"href":"https:\/\/depannageinformatique.ch\/it\/wp-json\/wp\/v2\/users\/3"}],"replies":[{"embeddable":true,"href":"https:\/\/depannageinformatique.ch\/it\/wp-json\/wp\/v2\/comments?post=2154"}],"version-history":[{"count":0,"href":"https:\/\/depannageinformatique.ch\/it\/wp-json\/wp\/v2\/pages\/2154\/revisions"}],"wp:attachment":[{"href":"https:\/\/depannageinformatique.ch\/it\/wp-json\/wp\/v2\/media?parent=2154"}],"curies":[{"name":"wp","href":"https:\/\/api.w.org\/{rel}","templated":true}]}}