{"id":2240,"date":"2025-07-03T10:53:39","date_gmt":"2025-07-03T08:53:39","guid":{"rendered":"https:\/\/depannageinformatique.a2hosted.com\/risoluzione-di-problemi-informatici-a-ginevra-079-868-50-50\/"},"modified":"2025-12-09T23:28:08","modified_gmt":"2025-12-09T22:28:08","slug":"risoluzione-di-problemi-informatici-a-ginevra-079-868-50-50","status":"publish","type":"page","link":"https:\/\/depannageinformatique.ch\/it\/","title":{"rendered":"Risoluzione dei problemi di Ginevra | Assistenza informatica veloce e professionale"},"content":{"rendered":"","protected":false},"excerpt":{"rendered":"","protected":false},"author":3,"featured_media":0,"parent":0,"menu_order":0,"comment_status":"closed","ping_status":"closed","template":"page-home.php","meta":{"_acf_changed":false,"footnotes":""},"class_list":["post-2240","page","type-page","status-publish","hentry"],"acf":[],"aioseo_notices":[],"aioseo_head":"\n\t\t<!-- All in One SEO Pro 4.9.6.2 - aioseo.com -->\n\t<meta name=\"description\" content=\"Hai bisogno di aiuto? Tariffe competitive. Ufficio in centro citt\u00e0 aperto al pubblico. Risoluzione di problemi informatici - riparazione di PC e Mac\" \/>\n\t<meta name=\"robots\" content=\"max-image-preview:large\" \/>\n\t<link rel=\"canonical\" href=\"https:\/\/depannageinformatique.ch\/it\/\" \/>\n\t<meta name=\"generator\" content=\"All in One SEO Pro (AIOSEO) 4.9.6.2\" \/>\n\t\t<meta property=\"og:locale\" content=\"it_IT\" \/>\n\t\t<meta property=\"og:site_name\" content=\"D\u00e9pannage Informatique Gen\u00e8ve - Votre expert informatique, pr\u00e8s de chez vous et \u00e0 prix attractif\" \/>\n\t\t<meta property=\"og:type\" content=\"website\" \/>\n\t\t<meta property=\"og:title\" content=\"D\u00e9pannage Informatique Gen\u00e8ve \u27a1\ufe0f 079 868 50 50\" \/>\n\t\t<meta property=\"og:description\" content=\"Hai bisogno di aiuto? Tariffe competitive. Ufficio in centro citt\u00e0 aperto al pubblico. Risoluzione di problemi informatici - riparazione di PC e Mac\" \/>\n\t\t<meta property=\"og:url\" content=\"https:\/\/depannageinformatique.ch\/it\/\" \/>\n\t\t<meta property=\"og:image\" content=\"https:\/\/depannageinformatique.ch\/wp-content\/uploads\/2022\/04\/logo_depannage_informatique_geneve.png\" \/>\n\t\t<meta property=\"og:image:secure_url\" content=\"https:\/\/depannageinformatique.ch\/wp-content\/uploads\/2022\/04\/logo_depannage_informatique_geneve.png\" \/>\n\t\t<meta name=\"twitter:card\" content=\"summary_large_image\" \/>\n\t\t<meta name=\"twitter:title\" content=\"D\u00e9pannage Informatique Gen\u00e8ve \u27a1\ufe0f 079 868 50 50\" \/>\n\t\t<meta name=\"twitter:description\" content=\"Hai bisogno di aiuto? Tariffe competitive. Ufficio in centro citt\u00e0 aperto al pubblico. Risoluzione di problemi informatici - riparazione di PC e Mac\" \/>\n\t\t<meta name=\"twitter:image\" content=\"https:\/\/depannageinformatique.ch\/wp-content\/uploads\/2022\/04\/logo_depannage_informatique_geneve.png\" \/>\n\t\t<script type=\"application\/ld+json\" class=\"aioseo-schema\">\n\t\t\t{\"@context\":\"https:\\\/\\\/schema.org\",\"@graph\":[{\"@type\":\"BreadcrumbList\",\"@id\":\"https:\\\/\\\/depannageinformatique.ch\\\/it\\\/#breadcrumblist\",\"itemListElement\":[{\"@type\":\"ListItem\",\"@id\":\"https:\\\/\\\/depannageinformatique.ch\\\/it\\\/#listItem\",\"position\":1,\"name\":\"Accueil\",\"item\":\"https:\\\/\\\/depannageinformatique.ch\\\/it\\\/\",\"nextItem\":{\"@type\":\"ListItem\",\"@id\":\"https:\\\/\\\/depannageinformatique.ch\\\/it\\\/#listItem\",\"name\":\"Risoluzione dei problemi di Ginevra | Assistenza informatica veloce e professionale\"}},{\"@type\":\"ListItem\",\"@id\":\"https:\\\/\\\/depannageinformatique.ch\\\/it\\\/#listItem\",\"position\":2,\"name\":\"Risoluzione dei problemi di Ginevra | Assistenza informatica veloce e professionale\",\"previousItem\":{\"@type\":\"ListItem\",\"@id\":\"https:\\\/\\\/depannageinformatique.ch\\\/it\\\/#listItem\",\"name\":\"Accueil\"}}]},{\"@type\":\"Organization\",\"@id\":\"https:\\\/\\\/depannageinformatique.ch\\\/it\\\/#organization\",\"name\":\"D\\u00e9pannage Informatique Gen\\u00e8ve\",\"description\":\"D\\u00e9pannage Informatique Gen\\u00e8ve est la marque commerciale de proximit\\u00e9 d'i4M Services Informatiques S\\u00e0rl.\",\"url\":\"https:\\\/\\\/depannageinformatique.ch\\\/it\\\/\",\"email\":\"info@depannageinformatique.ch\",\"telephone\":\"+41798685050\",\"foundingDate\":\"2020-12-22\",\"numberOfEmployees\":{\"@type\":\"QuantitativeValue\",\"minValue\":0,\"maxValue\":5},\"logo\":{\"@type\":\"ImageObject\",\"url\":\"https:\\\/\\\/depannageinformatique.ch\\\/wp-content\\\/uploads\\\/2022\\\/04\\\/logo_footer.png\",\"@id\":\"https:\\\/\\\/depannageinformatique.ch\\\/it\\\/#organizationLogo\"},\"image\":{\"@id\":\"https:\\\/\\\/depannageinformatique.ch\\\/it\\\/#organizationLogo\"},\"sameAs\":[\"https:\\\/\\\/www.facebook.com\\\/depannageinformatiquegeneve\",\"https:\\\/\\\/www.linkedin.com\\\/company\\\/18311498\"],\"address\":{\"@id\":\"https:\\\/\\\/depannageinformatique.ch\\\/it\\\/#postaladdress\",\"@type\":\"PostalAddress\",\"streetAddress\":\"Rue du Commerce 4,\",\"postalCode\":\"1204\",\"addressLocality\":\"Gen\\u00e8ve\",\"addressRegion\":\"GE\",\"addressCountry\":\"CH\"},\"taxID\":\"CHE-325.495.659\"},{\"@type\":\"ProfessionalService\",\"@id\":\"https:\\\/\\\/depannageinformatique.ch\\\/it\\\/#localbusiness\",\"name\":\"D\\u00e9pannage Informatique Gen\\u00e8ve\",\"brand\":{\"@id\":\"https:\\\/\\\/depannageinformatique.ch\\\/it\\\/#organization\"},\"url\":\"https:\\\/\\\/depannageinformatique.ch\\\/it\\\/\",\"image\":\"https:\\\/\\\/depannageinformatique.ch\\\/wp-content\\\/uploads\\\/2022\\\/04\\\/logo_footer.png\",\"logo\":\"https:\\\/\\\/depannageinformatique.ch\\\/it\\\/#logo\",\"address\":{\"@id\":\"https:\\\/\\\/depannageinformatique.ch\\\/it\\\/#postaladdress\",\"@type\":\"PostalAddress\",\"streetAddress\":\"Rue du Commerce 4,\",\"postalCode\":\"1204\",\"addressLocality\":\"Gen\\u00e8ve\",\"addressRegion\":\"GE\",\"addressCountry\":\"CH\"},\"email\":\"info@depannageinformatique.ch\",\"telephone\":\"+41798685050\",\"priceRange\":\"$$\",\"currenciesAccepted\":\"CHF\",\"paymentAccepted\":\"Credit Card, TWINT, Cash, Bill\",\"areaServed\":\"Canton of Geneva\",\"openingHoursSpecification\":[{\"@type\":\"OpeningHoursSpecification\",\"dayOfWeek\":[\"https:\\\/\\\/schema.org\\\/Monday\"],\"opens\":\"08:30\",\"closes\":\"19:00\"},{\"@type\":\"OpeningHoursSpecification\",\"dayOfWeek\":[\"https:\\\/\\\/schema.org\\\/Tuesday\"],\"opens\":\"08:30\",\"closes\":\"19:00\"},{\"@type\":\"OpeningHoursSpecification\",\"dayOfWeek\":[\"https:\\\/\\\/schema.org\\\/Wednesday\"],\"opens\":\"08:30\",\"closes\":\"19:00\"},{\"@type\":\"OpeningHoursSpecification\",\"dayOfWeek\":[\"https:\\\/\\\/schema.org\\\/Thursday\"],\"opens\":\"08:30\",\"closes\":\"19:00\"},{\"@type\":\"OpeningHoursSpecification\",\"dayOfWeek\":[\"https:\\\/\\\/schema.org\\\/Friday\"],\"opens\":\"08:30\",\"closes\":\"19:00\"},{\"@type\":\"OpeningHoursSpecification\",\"dayOfWeek\":[\"https:\\\/\\\/schema.org\\\/Saturday\"],\"opens\":\"09:00\",\"closes\":\"14:00\"}],\"location\":{\"@id\":\"https:\\\/\\\/depannageinformatique.ch\\\/it\\\/#postaladdress\"},\"taxID\":\"CHE-325.495.659\"},{\"@type\":\"WebPage\",\"@id\":\"https:\\\/\\\/depannageinformatique.ch\\\/it\\\/#webpage\",\"url\":\"https:\\\/\\\/depannageinformatique.ch\\\/it\\\/\",\"name\":\"D\\u00e9pannage Informatique Gen\\u00e8ve \\u27a1\\ufe0f 079 868 50 50\",\"description\":\"Hai bisogno di aiuto? Tariffe competitive. Ufficio in centro citt\\u00e0 aperto al pubblico. Risoluzione di problemi informatici - riparazione di PC e Mac\",\"inLanguage\":\"it-IT\",\"isPartOf\":{\"@id\":\"https:\\\/\\\/depannageinformatique.ch\\\/it\\\/#website\"},\"breadcrumb\":{\"@id\":\"https:\\\/\\\/depannageinformatique.ch\\\/it\\\/#breadcrumblist\"},\"datePublished\":\"2025-07-03T10:53:39+02:00\",\"dateModified\":\"2025-12-09T23:28:08+01:00\"},{\"@type\":\"WebSite\",\"@id\":\"https:\\\/\\\/depannageinformatique.ch\\\/#website\",\"url\":\"https:\\\/\\\/depannageinformatique.ch\\\/\",\"name\":\"D\\u00e9pannage Informatique Gen\\u00e8ve\",\"inLanguage\":[\"fr\",\"en\",\"de\",\"it\"],\"potentialAction\":{\"@type\":\"SearchAction\",\"target\":\"https:\\\/\\\/depannageinformatique.ch\\\/?s={search_term_string}\",\"query-input\":\"required name=search_term_string\"}},{\"@type\":\"WebSite\",\"@id\":\"https:\\\/\\\/depannageinformatique.ch\\\/it\\\/#website\",\"url\":\"https:\\\/\\\/depannageinformatique.ch\\\/it\\\/\",\"name\":\"D\\u00e9pannage Informatique Gen\\u00e8ve - 079 868 50 50\",\"alternateName\":\"D\\u00e9pannage Informatique Gen\\u00e8ve\",\"description\":\"Votre expert informatique, pr\\u00e8s de chez vous et \\u00e0 prix attractif\",\"inLanguage\":\"it-IT\",\"publisher\":{\"@id\":\"https:\\\/\\\/depannageinformatique.ch\\\/it\\\/#organization\"}}]}\n\t\t<\/script>\n\t\t<!-- All in One SEO Pro -->\r\n\t\t<title>D\u00e9pannage Informatique Gen\u00e8ve \u27a1\ufe0f 079 868 50 50<\/title>\n\n","aioseo_head_json":{"title":"D\u00e9pannage Informatique Gen\u00e8ve \u27a1\ufe0f 079 868 50 50","description":"Hai bisogno di aiuto? Tariffe competitive. Ufficio in centro citt\u00e0 aperto al pubblico. Risoluzione di problemi informatici - riparazione di PC e Mac","canonical_url":"https:\/\/depannageinformatique.ch\/it\/","robots":"max-image-preview:large","keywords":"","webmasterTools":{"miscellaneous":""},"schema":{"@context":"https:\/\/schema.org","@graph":[{"@type":"BreadcrumbList","@id":"https:\/\/depannageinformatique.ch\/it\/#breadcrumblist","itemListElement":[{"@type":"ListItem","@id":"https:\/\/depannageinformatique.ch\/it\/#listItem","position":1,"name":"Accueil","item":"https:\/\/depannageinformatique.ch\/it\/","nextItem":{"@type":"ListItem","@id":"https:\/\/depannageinformatique.ch\/it\/#listItem","name":"Risoluzione dei problemi di Ginevra | Assistenza informatica veloce e professionale"}},{"@type":"ListItem","@id":"https:\/\/depannageinformatique.ch\/it\/#listItem","position":2,"name":"Risoluzione dei problemi di Ginevra | Assistenza informatica veloce e professionale","previousItem":{"@type":"ListItem","@id":"https:\/\/depannageinformatique.ch\/it\/#listItem","name":"Accueil"}}]},{"@type":"Organization","@id":"https:\/\/depannageinformatique.ch\/it\/#organization","name":"D\u00e9pannage Informatique Gen\u00e8ve","description":"D\u00e9pannage Informatique Gen\u00e8ve est la marque commerciale de proximit\u00e9 d'i4M Services Informatiques S\u00e0rl.","url":"https:\/\/depannageinformatique.ch\/it\/","email":"info@depannageinformatique.ch","telephone":"+41798685050","foundingDate":"2020-12-22","numberOfEmployees":{"@type":"QuantitativeValue","minValue":0,"maxValue":5},"logo":{"@type":"ImageObject","url":"https:\/\/depannageinformatique.ch\/wp-content\/uploads\/2022\/04\/logo_footer.png","@id":"https:\/\/depannageinformatique.ch\/it\/#organizationLogo"},"image":{"@id":"https:\/\/depannageinformatique.ch\/it\/#organizationLogo"},"sameAs":["https:\/\/www.facebook.com\/depannageinformatiquegeneve","https:\/\/www.linkedin.com\/company\/18311498"],"address":{"@id":"https:\/\/depannageinformatique.ch\/it\/#postaladdress","@type":"PostalAddress","streetAddress":"Rue du Commerce 4,","postalCode":"1204","addressLocality":"Gen\u00e8ve","addressRegion":"GE","addressCountry":"CH"},"taxID":"CHE-325.495.659"},{"@type":"ProfessionalService","@id":"https:\/\/depannageinformatique.ch\/it\/#localbusiness","name":"D\u00e9pannage Informatique Gen\u00e8ve","brand":{"@id":"https:\/\/depannageinformatique.ch\/it\/#organization"},"url":"https:\/\/depannageinformatique.ch\/it\/","image":"https:\/\/depannageinformatique.ch\/wp-content\/uploads\/2022\/04\/logo_footer.png","logo":"https:\/\/depannageinformatique.ch\/it\/#logo","address":{"@id":"https:\/\/depannageinformatique.ch\/it\/#postaladdress","@type":"PostalAddress","streetAddress":"Rue du Commerce 4,","postalCode":"1204","addressLocality":"Gen\u00e8ve","addressRegion":"GE","addressCountry":"CH"},"email":"info@depannageinformatique.ch","telephone":"+41798685050","priceRange":"$$","currenciesAccepted":"CHF","paymentAccepted":"Credit Card, TWINT, Cash, Bill","areaServed":"Canton of Geneva","openingHoursSpecification":[{"@type":"OpeningHoursSpecification","dayOfWeek":["https:\/\/schema.org\/Monday"],"opens":"08:30","closes":"19:00"},{"@type":"OpeningHoursSpecification","dayOfWeek":["https:\/\/schema.org\/Tuesday"],"opens":"08:30","closes":"19:00"},{"@type":"OpeningHoursSpecification","dayOfWeek":["https:\/\/schema.org\/Wednesday"],"opens":"08:30","closes":"19:00"},{"@type":"OpeningHoursSpecification","dayOfWeek":["https:\/\/schema.org\/Thursday"],"opens":"08:30","closes":"19:00"},{"@type":"OpeningHoursSpecification","dayOfWeek":["https:\/\/schema.org\/Friday"],"opens":"08:30","closes":"19:00"},{"@type":"OpeningHoursSpecification","dayOfWeek":["https:\/\/schema.org\/Saturday"],"opens":"09:00","closes":"14:00"}],"location":{"@id":"https:\/\/depannageinformatique.ch\/it\/#postaladdress"},"taxID":"CHE-325.495.659"},{"@type":"WebPage","@id":"https:\/\/depannageinformatique.ch\/it\/#webpage","url":"https:\/\/depannageinformatique.ch\/it\/","name":"D\u00e9pannage Informatique Gen\u00e8ve \u27a1\ufe0f 079 868 50 50","description":"Hai bisogno di aiuto? Tariffe competitive. Ufficio in centro citt\u00e0 aperto al pubblico. Risoluzione di problemi informatici - riparazione di PC e Mac","inLanguage":"it-IT","isPartOf":{"@id":"https:\/\/depannageinformatique.ch\/it\/#website"},"breadcrumb":{"@id":"https:\/\/depannageinformatique.ch\/it\/#breadcrumblist"},"datePublished":"2025-07-03T10:53:39+02:00","dateModified":"2025-12-09T23:28:08+01:00"},{"@type":"WebSite","@id":"https:\/\/depannageinformatique.ch\/#website","url":"https:\/\/depannageinformatique.ch\/","name":"D\u00e9pannage Informatique Gen\u00e8ve","inLanguage":["fr","en","de","it"],"potentialAction":{"@type":"SearchAction","target":"https:\/\/depannageinformatique.ch\/?s={search_term_string}","query-input":"required name=search_term_string"}},{"@type":"WebSite","@id":"https:\/\/depannageinformatique.ch\/it\/#website","url":"https:\/\/depannageinformatique.ch\/it\/","name":"D\u00e9pannage Informatique Gen\u00e8ve - 079 868 50 50","alternateName":"D\u00e9pannage Informatique Gen\u00e8ve","description":"Votre expert informatique, pr\u00e8s de chez vous et \u00e0 prix attractif","inLanguage":"it-IT","publisher":{"@id":"https:\/\/depannageinformatique.ch\/it\/#organization"}}]},"og:locale":"it_IT","og:site_name":"D\u00e9pannage Informatique Gen\u00e8ve - Votre expert informatique, pr\u00e8s de chez vous et \u00e0 prix attractif","og:type":"website","og:title":"D\u00e9pannage Informatique Gen\u00e8ve \u27a1\ufe0f 079 868 50 50","og:description":"Hai bisogno di aiuto? Tariffe competitive. Ufficio in centro citt\u00e0 aperto al pubblico. Risoluzione di problemi informatici - riparazione di PC e Mac","og:url":"https:\/\/depannageinformatique.ch\/it\/","og:image":"https:\/\/depannageinformatique.ch\/wp-content\/uploads\/2022\/04\/logo_depannage_informatique_geneve.png","og:image:secure_url":"https:\/\/depannageinformatique.ch\/wp-content\/uploads\/2022\/04\/logo_depannage_informatique_geneve.png","twitter:card":"summary_large_image","twitter:title":"D\u00e9pannage Informatique Gen\u00e8ve \u27a1\ufe0f 079 868 50 50","twitter:description":"Hai bisogno di aiuto? Tariffe competitive. Ufficio in centro citt\u00e0 aperto al pubblico. Risoluzione di problemi informatici - riparazione di PC e Mac","twitter:image":"https:\/\/depannageinformatique.ch\/wp-content\/uploads\/2022\/04\/logo_depannage_informatique_geneve.png"},"aioseo_meta_data":{"post_id":"2240","title":"D\u00e9pannage Informatique Gen\u00e8ve \u27a1\ufe0f 079 868 50 50","description":"Hai bisogno di aiuto? Tariffe competitive. Ufficio in centro citt\u00e0 aperto al pubblico. Risoluzione di problemi informatici - riparazione di PC e Mac","keywords":null,"keyphrases":{"focus":{"keyphrase":"D\u00e9pannage Informatique","score":78,"analysis":{"keyphraseInTitle":{"score":9,"maxScore":9,"error":0},"keyphraseInDescription":{"score":3,"maxScore":9,"error":1},"keyphraseLength":{"score":9,"maxScore":9,"error":0,"length":3}}},"additional":[{"keyphrase":"Gen\u00e8ve","score":67,"analysis":{"keyphraseInDescription":{"score":3,"maxScore":9,"error":1},"keyphraseLength":{"score":9,"maxScore":9,"error":0,"length":2}}},{"keyphrase":"R\u00e9paration","score":67,"analysis":{"keyphraseInDescription":{"score":3,"maxScore":9,"error":1},"keyphraseLength":{"score":9,"maxScore":9,"error":0,"length":2}}}]},"primary_term":null,"canonical_url":null,"og_title":null,"og_description":null,"og_object_type":"website","og_image_type":"default","og_image_url":null,"og_image_width":null,"og_image_height":null,"og_image_custom_url":null,"og_image_custom_fields":null,"og_video":"","og_custom_url":null,"og_article_section":null,"og_article_tags":null,"twitter_use_og":false,"twitter_card":"default","twitter_image_type":"default","twitter_image_url":null,"twitter_image_custom_url":null,"twitter_image_custom_fields":null,"twitter_title":null,"twitter_description":null,"schema":{"blockGraphs":[],"customGraphs":[{"id":"#aioseo-custom-mf3syfp5","custom":true,"graphName":"LocalBusiness Geneve","schema":"{ \"@graph\": [ { \"@type\": \"WebSite\", \"@id\": \"https:\/\/depannageinformatique.ch\/#website\", \"url\": \"https:\/\/depannageinformatique.ch\/\", \"name\": \"D\u00e9pannage Informatique Gen\u00e8ve\", \"inLanguage\": [ \"fr\", \"en\", \"de\", \"it\" ], \"potentialAction\": { \"@type\": \"SearchAction\", \"target\": \"https:\/\/depannageinformatique.ch\/?s={search_term_string}\", \"query-input\": \"required name=search_term_string\" } }, { \"@type\": \"ITService\", \"@id\": \"https:\/\/depannageinformatique.ch\/#itservice\", \"name\": \"D\u00e9pannage Informatique Gen\u00e8ve\", \"alternateName\": [ \"R\u00e9paration ordinateur Gen\u00e8ve\", \"Assistance informatique Gen\u00e8ve\", \"Support informatique Gen\u00e8ve\", \"R\u00e9paration PC Gen\u00e8ve\", \"D\u00e9pannage Mac Gen\u00e8ve\", \"Technicien informatique Gen\u00e8ve\" ], \"url\": \"https:\/\/depannageinformatique.ch\/\", \"logo\": \"https:\/\/depannageinformatique.ch\/wp-content\/uploads\/2025\/04\/blue-cloud-electronics-depannage-text.webp\", \"image\": \"https:\/\/depannageinformatique.ch\/wp-content\/uploads\/2025\/04\/blue-cloud-electronics-depannage-text.webp\", \"description\": \"D\u00e9pannage Informatique Gen\u00e8ve \u2013 Assistance rapide pour particuliers et petites entreprises. R\u00e9paration PC\/Mac, maintenance, r\u00e9seaux et s\u00e9curit\u00e9 IT.\", \"areaServed\": \"Canton de Gen\u00e8ve, CH\", \"address\": { \"@type\": \"PostalAddress\", \"streetAddress\": \"Rue du Commerce 4\", \"addressLocality\": \"Gen\u00e8ve\", \"addressRegion\": \"GE\", \"postalCode\": \"1204\", \"addressCountry\": \"CH\" }, \"telephone\": \"+41 22 436 86 81\", \"contactPoint\": { \"@type\": \"ContactPoint\", \"telephone\": \"+41 22 436 86 81\", \"contactType\": \"customer service\", \"areaServed\": \"Canton de Gen\u00e8ve\", \"availableLanguage\": [ \"fr\", \"en\", \"de\", \"it\", \"es\" ] }, \"parentOrganization\": { \"@type\": \"Organization\", \"name\": \"i4M Services Informatiques S\u00e0rl\", \"url\": \"https:\/\/i4m.ch\" } } ] }"}],"default":{"data":{"Article":[],"Course":[],"Dataset":[],"FAQPage":[],"Movie":[],"Person":[],"Product":[],"ProductReview":[],"Car":[],"Recipe":[],"Service":[],"SoftwareApplication":[],"WebPage":[]},"graphName":"WebPage","isEnabled":true},"graphs":[]},"schema_type":"default","schema_type_options":null,"pillar_content":false,"robots_default":true,"robots_noindex":false,"robots_noarchive":false,"robots_nosnippet":false,"robots_nofollow":false,"robots_noimageindex":false,"robots_noodp":false,"robots_notranslate":false,"robots_max_snippet":"-1","robots_max_videopreview":"-1","robots_max_imagepreview":"large","priority":null,"frequency":"default","local_seo":null,"seo_analyzer_scan_date":"2025-12-09 22:38:11","breadcrumb_settings":null,"limit_modified_date":false,"reviewed_by":"0","open_ai":"{\"title\":{\"suggestions\":[],\"usage\":0},\"description\":{\"suggestions\":[],\"usage\":0}}","ai":{"faqs":[],"keyPoints":[],"titles":[],"descriptions":[],"socialPosts":{"email":[],"linkedin":[],"twitter":[],"facebook":[],"instagram":[]}},"created":"2025-07-03 08:53:40","updated":"2025-12-09 22:38:11"},"aioseo_breadcrumb":"<div class=\"aioseo-breadcrumbs\"><span class=\"aioseo-breadcrumb\">\n\t<a href=\"https:\/\/depannageinformatique.ch\/it\/\" title=\"Accueil\">Accueil<\/a>\n<\/span><span class=\"aioseo-breadcrumb-separator\">\u00bb<\/span><span class=\"aioseo-breadcrumb\">\n\tRisoluzione dei problemi di Ginevra | Assistenza informatica veloce e professionale\n<\/span><\/div>","aioseo_breadcrumb_json":[{"label":"Accueil","link":"https:\/\/depannageinformatique.ch\/it\/"},{"label":"Risoluzione dei problemi di Ginevra | Assistenza informatica veloce e professionale","link":"https:\/\/depannageinformatique.ch\/it\/"}],"_links":{"self":[{"href":"https:\/\/depannageinformatique.ch\/it\/wp-json\/wp\/v2\/pages\/2240","targetHints":{"allow":["GET"]}}],"collection":[{"href":"https:\/\/depannageinformatique.ch\/it\/wp-json\/wp\/v2\/pages"}],"about":[{"href":"https:\/\/depannageinformatique.ch\/it\/wp-json\/wp\/v2\/types\/page"}],"author":[{"embeddable":true,"href":"https:\/\/depannageinformatique.ch\/it\/wp-json\/wp\/v2\/users\/3"}],"replies":[{"embeddable":true,"href":"https:\/\/depannageinformatique.ch\/it\/wp-json\/wp\/v2\/comments?post=2240"}],"version-history":[{"count":0,"href":"https:\/\/depannageinformatique.ch\/it\/wp-json\/wp\/v2\/pages\/2240\/revisions"}],"wp:attachment":[{"href":"https:\/\/depannageinformatique.ch\/it\/wp-json\/wp\/v2\/media?parent=2240"}],"curies":[{"name":"wp","href":"https:\/\/api.w.org\/{rel}","templated":true}]}}