{"id":2406,"date":"2025-07-03T10:54:40","date_gmt":"2025-07-03T08:54:40","guid":{"rendered":"https:\/\/depannageinformatique.a2hosted.com\/diventa-partner\/"},"modified":"2025-12-10T15:48:21","modified_gmt":"2025-12-10T14:48:21","slug":"diventa-partner","status":"publish","type":"page","link":"https:\/\/depannageinformatique.ch\/it\/diventa-partner\/","title":{"rendered":"Diventa partner"},"content":{"rendered":"<p><img decoding=\"async\" src=\"https:\/\/depannageinformatique.ch\/wp-content\/uploads\/2025\/12\/aioseo-ai-diventa-partner-di-depan-medium-auto-landscape-20251210-143942.png\" width=\"1536\" height=\"1024\" alt=\"\" class=\"wp-image-4309 alignnone size-medium\" \/><\/p>\n","protected":false},"excerpt":{"rendered":"","protected":false},"author":3,"featured_media":0,"parent":0,"menu_order":0,"comment_status":"closed","ping_status":"closed","template":"page-largeheader.php","meta":{"_acf_changed":false,"footnotes":""},"class_list":["post-2406","page","type-page","status-publish","hentry"],"acf":[],"aioseo_notices":[],"aioseo_head":"\n\t\t<!-- All in One SEO Pro 4.9.5.1 - aioseo.com -->\n\t<meta name=\"description\" content=\"Diventa partner di D\u00e9pannage Informatique Gen\u00e8ve: collaborazioni per fornitori IT e consulenti, progetti condivisi e supporto affidabile ai clienti a Ginevra\" \/>\n\t<meta name=\"robots\" content=\"max-image-preview:large\" \/>\n\t<link rel=\"canonical\" href=\"https:\/\/depannageinformatique.ch\/it\/diventa-partner\/\" \/>\n\t<meta name=\"generator\" content=\"All in One SEO Pro (AIOSEO) 4.9.5.1\" \/>\n\t\t<meta property=\"og:locale\" content=\"it_IT\" \/>\n\t\t<meta property=\"og:site_name\" content=\"D\u00e9pannage Informatique Gen\u00e8ve - Votre expert informatique, pr\u00e8s de chez vous et \u00e0 prix attractif\" \/>\n\t\t<meta property=\"og:type\" content=\"article\" \/>\n\t\t<meta property=\"og:title\" content=\"Diventa partner - D\u00e9pannage Informatique Gen\u00e8ve\" \/>\n\t\t<meta property=\"og:description\" content=\"Diventa partner di D\u00e9pannage Informatique Gen\u00e8ve: collaborazioni per fornitori IT e consulenti, progetti condivisi e supporto affidabile ai clienti a Ginevra\" \/>\n\t\t<meta property=\"og:url\" content=\"https:\/\/depannageinformatique.ch\/it\/diventa-partner\/\" \/>\n\t\t<meta property=\"og:image\" content=\"https:\/\/depannageinformatique.ch\/wp-content\/uploads\/2022\/04\/logo_depannage_informatique_geneve.png\" \/>\n\t\t<meta property=\"og:image:secure_url\" content=\"https:\/\/depannageinformatique.ch\/wp-content\/uploads\/2022\/04\/logo_depannage_informatique_geneve.png\" \/>\n\t\t<meta property=\"article:published_time\" content=\"2025-07-03T08:54:40+00:00\" \/>\n\t\t<meta property=\"article:modified_time\" content=\"2025-12-10T14:48:21+00:00\" \/>\n\t\t<meta property=\"article:publisher\" content=\"https:\/\/www.facebook.com\/depannageinformatiquegeneve\" \/>\n\t\t<meta name=\"twitter:card\" content=\"summary_large_image\" \/>\n\t\t<meta name=\"twitter:title\" content=\"Diventa partner - D\u00e9pannage Informatique Gen\u00e8ve\" \/>\n\t\t<meta name=\"twitter:description\" content=\"Diventa partner di D\u00e9pannage Informatique Gen\u00e8ve: collaborazioni per fornitori IT e consulenti, progetti condivisi e supporto affidabile ai clienti a Ginevra\" \/>\n\t\t<meta name=\"twitter:image\" content=\"https:\/\/depannageinformatique.ch\/wp-content\/uploads\/2022\/04\/logo_depannage_informatique_geneve.png\" \/>\n\t\t<script type=\"application\/ld+json\" class=\"aioseo-schema\">\n\t\t\t{\"@context\":\"https:\\\/\\\/schema.org\",\"@graph\":[{\"@type\":\"BreadcrumbList\",\"@id\":\"https:\\\/\\\/depannageinformatique.ch\\\/it\\\/diventa-partner\\\/#breadcrumblist\",\"itemListElement\":[{\"@type\":\"ListItem\",\"@id\":\"https:\\\/\\\/depannageinformatique.ch\\\/it\\\/#listItem\",\"position\":1,\"name\":\"Accueil\",\"item\":\"https:\\\/\\\/depannageinformatique.ch\\\/it\\\/\",\"nextItem\":{\"@type\":\"ListItem\",\"@id\":\"https:\\\/\\\/depannageinformatique.ch\\\/it\\\/diventa-partner\\\/#listItem\",\"name\":\"Diventa partner\"}},{\"@type\":\"ListItem\",\"@id\":\"https:\\\/\\\/depannageinformatique.ch\\\/it\\\/diventa-partner\\\/#listItem\",\"position\":2,\"name\":\"Diventa partner\",\"previousItem\":{\"@type\":\"ListItem\",\"@id\":\"https:\\\/\\\/depannageinformatique.ch\\\/it\\\/#listItem\",\"name\":\"Accueil\"}}]},{\"@type\":\"Organization\",\"@id\":\"https:\\\/\\\/depannageinformatique.ch\\\/it\\\/#organization\",\"name\":\"D\\u00e9pannage Informatique Gen\\u00e8ve\",\"description\":\"D\\u00e9pannage Informatique Gen\\u00e8ve est une entreprise situ\\u00e9e \\u00e0 Gen\\u00e8ve, sp\\u00e9cialis\\u00e9e dans le d\\u00e9pannage informatique, l'assistance technique, et la maintenance de syst\\u00e8mes informatiques pour les particuliers et les entreprises. Leur \\u00e9quipe d'experts offre une large gamme de services, incluant la r\\u00e9paration d'ordinateurs, la r\\u00e9cup\\u00e9ration de donn\\u00e9es, l'installation de logiciels, ainsi que des conseils pour optimiser les performances des \\u00e9quipements informatiques. En plus de leur expertise en mati\\u00e8re de d\\u00e9pannage, D\\u00e9pannage se distingue par son engagement \\u00e0 fournir un service rapide, fiable et personnalis\\u00e9, adapt\\u00e9 aux besoins sp\\u00e9cifiques de chaque client. Que ce soit pour r\\u00e9soudre un probl\\u00e8me technique complexe ou pour am\\u00e9liorer l'efficacit\\u00e9 des syst\\u00e8mes informatiques, D\\u00e9pannage Informatique Gen\\u00e8ve se positionne comme un partenaire de confiance pour tous les besoins informatiques \\u00e0 Gen\\u00e8ve et dans les environs.\",\"url\":\"https:\\\/\\\/depannageinformatique.ch\\\/it\\\/\",\"email\":\"info@depannageinformatique.a2hosted.com\",\"telephone\":\"+41798685050\",\"foundingDate\":\"2015-01-01\",\"numberOfEmployees\":{\"@type\":\"QuantitativeValue\",\"minValue\":0,\"maxValue\":5},\"logo\":{\"@type\":\"ImageObject\",\"url\":\"https:\\\/\\\/depannageinformatique.ch\\\/wp-content\\\/uploads\\\/2022\\\/04\\\/logo_footer.png\",\"@id\":\"https:\\\/\\\/depannageinformatique.ch\\\/it\\\/diventa-partner\\\/#organizationLogo\"},\"image\":{\"@id\":\"https:\\\/\\\/depannageinformatique.ch\\\/it\\\/diventa-partner\\\/#organizationLogo\"},\"sameAs\":[\"https:\\\/\\\/www.facebook.com\\\/depannageinformatiquegeneve\",\"https:\\\/\\\/www.linkedin.com\\\/company\\\/18311498\"],\"address\":{\"@id\":\"https:\\\/\\\/depannageinformatique.ch\\\/it\\\/#postaladdress\",\"@type\":\"PostalAddress\",\"streetAddress\":\"Rue du Commerce 4,\",\"postalCode\":\"1204\",\"addressLocality\":\"Gen\\u00e8ve\",\"addressRegion\":\"GE\",\"addressCountry\":\"CH\"},\"taxID\":\"CHE-325.495.659\"},{\"@type\":\"WebPage\",\"@id\":\"https:\\\/\\\/depannageinformatique.ch\\\/it\\\/diventa-partner\\\/#webpage\",\"url\":\"https:\\\/\\\/depannageinformatique.ch\\\/it\\\/diventa-partner\\\/\",\"name\":\"Diventa partner - D\\u00e9pannage Informatique Gen\\u00e8ve\",\"description\":\"Diventa partner di D\\u00e9pannage Informatique Gen\\u00e8ve: collaborazioni per fornitori IT e consulenti, progetti condivisi e supporto affidabile ai clienti a Ginevra\",\"inLanguage\":\"it-IT\",\"isPartOf\":{\"@id\":\"https:\\\/\\\/depannageinformatique.ch\\\/it\\\/#website\"},\"breadcrumb\":{\"@id\":\"https:\\\/\\\/depannageinformatique.ch\\\/it\\\/diventa-partner\\\/#breadcrumblist\"},\"datePublished\":\"2025-07-03T10:54:40+02:00\",\"dateModified\":\"2025-12-10T15:48:21+01:00\"},{\"@type\":\"WebSite\",\"@id\":\"https:\\\/\\\/depannageinformatique.ch\\\/it\\\/#website\",\"url\":\"https:\\\/\\\/depannageinformatique.ch\\\/it\\\/\",\"name\":\"D\\u00e9pannage Informatique Gen\\u00e8ve - 079 868 50 50\",\"alternateName\":\"D\\u00e9pannage Informatique Gen\\u00e8ve\",\"description\":\"Votre expert informatique, pr\\u00e8s de chez vous et \\u00e0 prix attractif\",\"inLanguage\":\"it-IT\",\"publisher\":{\"@id\":\"https:\\\/\\\/depannageinformatique.ch\\\/it\\\/#organization\"}}]}\n\t\t<\/script>\n\t\t<!-- All in One SEO Pro -->\r\n\t\t<title>Diventa partner - D\u00e9pannage Informatique Gen\u00e8ve<\/title>\n\n","aioseo_head_json":{"title":"Diventa partner - D\u00e9pannage Informatique Gen\u00e8ve","description":"Diventa partner di D\u00e9pannage Informatique Gen\u00e8ve: collaborazioni per fornitori IT e consulenti, progetti condivisi e supporto affidabile ai clienti a Ginevra","canonical_url":"https:\/\/depannageinformatique.ch\/it\/diventa-partner\/","robots":"max-image-preview:large","keywords":"","webmasterTools":{"miscellaneous":""},"schema":{"@context":"https:\/\/schema.org","@graph":[{"@type":"BreadcrumbList","@id":"https:\/\/depannageinformatique.ch\/it\/diventa-partner\/#breadcrumblist","itemListElement":[{"@type":"ListItem","@id":"https:\/\/depannageinformatique.ch\/it\/#listItem","position":1,"name":"Accueil","item":"https:\/\/depannageinformatique.ch\/it\/","nextItem":{"@type":"ListItem","@id":"https:\/\/depannageinformatique.ch\/it\/diventa-partner\/#listItem","name":"Diventa partner"}},{"@type":"ListItem","@id":"https:\/\/depannageinformatique.ch\/it\/diventa-partner\/#listItem","position":2,"name":"Diventa partner","previousItem":{"@type":"ListItem","@id":"https:\/\/depannageinformatique.ch\/it\/#listItem","name":"Accueil"}}]},{"@type":"Organization","@id":"https:\/\/depannageinformatique.ch\/it\/#organization","name":"D\u00e9pannage Informatique Gen\u00e8ve","description":"D\u00e9pannage Informatique Gen\u00e8ve est une entreprise situ\u00e9e \u00e0 Gen\u00e8ve, sp\u00e9cialis\u00e9e dans le d\u00e9pannage informatique, l'assistance technique, et la maintenance de syst\u00e8mes informatiques pour les particuliers et les entreprises. Leur \u00e9quipe d'experts offre une large gamme de services, incluant la r\u00e9paration d'ordinateurs, la r\u00e9cup\u00e9ration de donn\u00e9es, l'installation de logiciels, ainsi que des conseils pour optimiser les performances des \u00e9quipements informatiques. En plus de leur expertise en mati\u00e8re de d\u00e9pannage, D\u00e9pannage se distingue par son engagement \u00e0 fournir un service rapide, fiable et personnalis\u00e9, adapt\u00e9 aux besoins sp\u00e9cifiques de chaque client. Que ce soit pour r\u00e9soudre un probl\u00e8me technique complexe ou pour am\u00e9liorer l'efficacit\u00e9 des syst\u00e8mes informatiques, D\u00e9pannage Informatique Gen\u00e8ve se positionne comme un partenaire de confiance pour tous les besoins informatiques \u00e0 Gen\u00e8ve et dans les environs.","url":"https:\/\/depannageinformatique.ch\/it\/","email":"info@depannageinformatique.a2hosted.com","telephone":"+41798685050","foundingDate":"2015-01-01","numberOfEmployees":{"@type":"QuantitativeValue","minValue":0,"maxValue":5},"logo":{"@type":"ImageObject","url":"https:\/\/depannageinformatique.ch\/wp-content\/uploads\/2022\/04\/logo_footer.png","@id":"https:\/\/depannageinformatique.ch\/it\/diventa-partner\/#organizationLogo"},"image":{"@id":"https:\/\/depannageinformatique.ch\/it\/diventa-partner\/#organizationLogo"},"sameAs":["https:\/\/www.facebook.com\/depannageinformatiquegeneve","https:\/\/www.linkedin.com\/company\/18311498"],"address":{"@id":"https:\/\/depannageinformatique.ch\/it\/#postaladdress","@type":"PostalAddress","streetAddress":"Rue du Commerce 4,","postalCode":"1204","addressLocality":"Gen\u00e8ve","addressRegion":"GE","addressCountry":"CH"},"taxID":"CHE-325.495.659"},{"@type":"WebPage","@id":"https:\/\/depannageinformatique.ch\/it\/diventa-partner\/#webpage","url":"https:\/\/depannageinformatique.ch\/it\/diventa-partner\/","name":"Diventa partner - D\u00e9pannage Informatique Gen\u00e8ve","description":"Diventa partner di D\u00e9pannage Informatique Gen\u00e8ve: collaborazioni per fornitori IT e consulenti, progetti condivisi e supporto affidabile ai clienti a Ginevra","inLanguage":"it-IT","isPartOf":{"@id":"https:\/\/depannageinformatique.ch\/it\/#website"},"breadcrumb":{"@id":"https:\/\/depannageinformatique.ch\/it\/diventa-partner\/#breadcrumblist"},"datePublished":"2025-07-03T10:54:40+02:00","dateModified":"2025-12-10T15:48:21+01:00"},{"@type":"WebSite","@id":"https:\/\/depannageinformatique.ch\/it\/#website","url":"https:\/\/depannageinformatique.ch\/it\/","name":"D\u00e9pannage Informatique Gen\u00e8ve - 079 868 50 50","alternateName":"D\u00e9pannage Informatique Gen\u00e8ve","description":"Votre expert informatique, pr\u00e8s de chez vous et \u00e0 prix attractif","inLanguage":"it-IT","publisher":{"@id":"https:\/\/depannageinformatique.ch\/it\/#organization"}}]},"og:locale":"it_IT","og:site_name":"D\u00e9pannage Informatique Gen\u00e8ve - Votre expert informatique, pr\u00e8s de chez vous et \u00e0 prix attractif","og:type":"article","og:title":"Diventa partner - D\u00e9pannage Informatique Gen\u00e8ve","og:description":"Diventa partner di D\u00e9pannage Informatique Gen\u00e8ve: collaborazioni per fornitori IT e consulenti, progetti condivisi e supporto affidabile ai clienti a Ginevra","og:url":"https:\/\/depannageinformatique.ch\/it\/diventa-partner\/","og:image":"https:\/\/depannageinformatique.ch\/wp-content\/uploads\/2022\/04\/logo_depannage_informatique_geneve.png","og:image:secure_url":"https:\/\/depannageinformatique.ch\/wp-content\/uploads\/2022\/04\/logo_depannage_informatique_geneve.png","article:published_time":"2025-07-03T08:54:40+00:00","article:modified_time":"2025-12-10T14:48:21+00:00","article:publisher":"https:\/\/www.facebook.com\/depannageinformatiquegeneve","twitter:card":"summary_large_image","twitter:title":"Diventa partner - D\u00e9pannage Informatique Gen\u00e8ve","twitter:description":"Diventa partner di D\u00e9pannage Informatique Gen\u00e8ve: collaborazioni per fornitori IT e consulenti, progetti condivisi e supporto affidabile ai clienti a Ginevra","twitter:image":"https:\/\/depannageinformatique.ch\/wp-content\/uploads\/2022\/04\/logo_depannage_informatique_geneve.png"},"aioseo_meta_data":{"post_id":"2406","title":null,"description":"Diventa partner di D\u00e9pannage Informatique Gen\u00e8ve: collaborazioni per fornitori IT e consulenti, progetti condivisi e supporto affidabile ai clienti a Ginevra","keywords":null,"keyphrases":{"focus":{"keyphrase":"","score":0,"analysis":{"keyphraseInTitle":{"score":0,"maxScore":9,"error":1}}},"additional":[]},"primary_term":null,"canonical_url":null,"og_title":null,"og_description":null,"og_object_type":"default","og_image_type":"default","og_image_url":null,"og_image_width":null,"og_image_height":null,"og_image_custom_url":null,"og_image_custom_fields":null,"og_video":"","og_custom_url":null,"og_article_section":null,"og_article_tags":null,"twitter_use_og":false,"twitter_card":"default","twitter_image_type":"default","twitter_image_url":null,"twitter_image_custom_url":null,"twitter_image_custom_fields":null,"twitter_title":null,"twitter_description":null,"schema":{"blockGraphs":[],"customGraphs":[],"default":{"data":{"Article":[],"Course":[],"Dataset":[],"FAQPage":[],"Movie":[],"Person":[],"Product":[],"ProductReview":[],"Car":[],"Recipe":[],"Service":[],"SoftwareApplication":[],"WebPage":[]},"graphName":"WebPage","isEnabled":true},"graphs":[]},"schema_type":"default","schema_type_options":null,"pillar_content":false,"robots_default":true,"robots_noindex":false,"robots_noarchive":false,"robots_nosnippet":false,"robots_nofollow":false,"robots_noimageindex":false,"robots_noodp":false,"robots_notranslate":false,"robots_max_snippet":"-1","robots_max_videopreview":"-1","robots_max_imagepreview":"large","priority":null,"frequency":"default","local_seo":null,"seo_analyzer_scan_date":"2025-12-10 14:49:16","breadcrumb_settings":null,"limit_modified_date":false,"reviewed_by":"0","open_ai":null,"ai":{"faqs":[],"keyPoints":[],"titles":[],"descriptions":[],"socialPosts":{"email":[],"linkedin":[],"twitter":[],"facebook":[],"instagram":[]}},"created":"2025-07-03 08:54:40","updated":"2025-12-10 14:50:16"},"aioseo_breadcrumb":"<div class=\"aioseo-breadcrumbs\"><span class=\"aioseo-breadcrumb\">\n\t<a href=\"https:\/\/depannageinformatique.ch\/it\/\" title=\"Accueil\">Accueil<\/a>\n<\/span><span class=\"aioseo-breadcrumb-separator\">\u00bb<\/span><span class=\"aioseo-breadcrumb\">\n\tDiventa partner\n<\/span><\/div>","aioseo_breadcrumb_json":[{"label":"Accueil","link":"https:\/\/depannageinformatique.ch\/it\/"},{"label":"Diventa partner","link":"https:\/\/depannageinformatique.ch\/it\/diventa-partner\/"}],"_links":{"self":[{"href":"https:\/\/depannageinformatique.ch\/it\/wp-json\/wp\/v2\/pages\/2406","targetHints":{"allow":["GET"]}}],"collection":[{"href":"https:\/\/depannageinformatique.ch\/it\/wp-json\/wp\/v2\/pages"}],"about":[{"href":"https:\/\/depannageinformatique.ch\/it\/wp-json\/wp\/v2\/types\/page"}],"author":[{"embeddable":true,"href":"https:\/\/depannageinformatique.ch\/it\/wp-json\/wp\/v2\/users\/3"}],"replies":[{"embeddable":true,"href":"https:\/\/depannageinformatique.ch\/it\/wp-json\/wp\/v2\/comments?post=2406"}],"version-history":[{"count":0,"href":"https:\/\/depannageinformatique.ch\/it\/wp-json\/wp\/v2\/pages\/2406\/revisions"}],"wp:attachment":[{"href":"https:\/\/depannageinformatique.ch\/it\/wp-json\/wp\/v2\/media?parent=2406"}],"curies":[{"name":"wp","href":"https:\/\/api.w.org\/{rel}","templated":true}]}}