{"id":3542,"date":"2025-09-21T23:34:04","date_gmt":"2025-09-21T21:34:04","guid":{"rendered":"https:\/\/depannageinformatique.ch\/disponibilita-sla\/"},"modified":"2025-09-21T23:34:04","modified_gmt":"2025-09-21T21:34:04","slug":"disponibilita-sla","status":"publish","type":"page","link":"https:\/\/depannageinformatique.ch\/it\/disponibilita-sla\/","title":{"rendered":"Disponibilit\u00e0 SLA"},"content":{"rendered":"<h1>SLA e disponibilit\u00e0 &#8211; Risoluzione dei problemi di Ginevra<\/h1>\n<p>Offriamo tempi di risposta chiari e adeguati alle esigenze di privati e PMI nel cantone di Ginevra. Servizio <strong>in giornata<\/strong> (soggetto a disponibilit\u00e0), a casa tua o presso la nostra filiale (Rue du Commerce 4, centro citt\u00e0). <\/p>\n<h2>Finestre di servizio<\/h2>\n<ul>\n<li><strong>Orari di apertura<\/strong>: lun-ven 08:30-19:00; sab 09:00-14:00.<\/li>\n<li><strong>Canali<\/strong>: telefono <a href=\"tel:+41798685050\">+41 79 868 50 50<\/a>, e-mail <a href=\"mailto:info@depannageinformatique.ch\">info@depannageinformatique.ch,<\/a> modulo.<\/li>\n<li><strong>Area<\/strong>: cantone di Ginevra (casa e lavoro); supporto remoto ovunque.<\/li>\n<\/ul>\n<h2>Tempi previsti<\/h2>\n<ul>\n<li><strong>Urgente<\/strong>: risposta &lt; entro 2 ore lavorative; se possibile, risposta in giornata.<\/li>\n<li><strong>Centralino<\/strong>: risposta &lt; entro 4 ore lavorative; risposta entro 24-48 ore.<\/li>\n<li><strong>Risoluzione<\/strong>: 80% degli incidenti risolti da remoto.<\/li>\n<\/ul>\n<h2>Backup e continuit\u00e0<\/h2>\n<ul>\n<li><strong>Politica<\/strong>: 3-2-1 (copia locale + NAS + cloud).<\/li>\n<li><strong>RPO<\/strong> (Recovery Point Objective): in genere 24 ore (a seconda del pacchetto).<\/li>\n<li><strong>RTO<\/strong> (tempo di recupero target): da 4 ore a 1 giorno (a seconda della confezione).<\/li>\n<\/ul>\n<h2>Arrampicata ed esclusioni<\/h2>\n<ul>\n<li><strong>Arrampicata<\/strong>: se bloccata, rivolgiti a un tecnico senior e poi visita il sito.<\/li>\n<li><strong>Esclusioni<\/strong>: casi fuori orario, guasti all&#8217;alimentazione\/FAI, parti specifiche non disponibili in magazzino.<\/li>\n<\/ul>\n<h2>DOMANDE FREQUENTI<\/h2>\n<p><strong>Fornite un servizio in giornata?<\/strong><br \/>S\u00ec, in base alla disponibilit\u00e0. Diamo priorit\u00e0 alle emergenze e offriamo assistenza remota per accelerare il ripristino del servizio. <\/p>\n<p><strong>Coprite tutto il cantone?<\/strong><br \/>S\u00ec, forniamo servizi a domicilio e alle aziende in tutto il cantone di Ginevra.<\/p>\n<p><strong>I prezzi sono pubblici?<\/strong><br \/>S\u00ec: <a href=\"https:\/\/depannageinformatique.ch\/it\/tariffe\/\">vedi i prezzi<\/a>.  <\/p>\n","protected":false},"excerpt":{"rendered":"<p>SLA e disponibilit\u00e0 &#8211; Risoluzione dei problemi di Ginevra Offriamo tempi di risposta chiari e adeguati alle esigenze di privati e PMI nel cantone di Ginevra. Servizio in giornata (soggetto a disponibilit\u00e0), a casa tua o presso la nostra filiale (Rue du Commerce 4, centro citt\u00e0). Finestre di servizio Orari di apertura: lun-ven 08:30-19:00; sab [&hellip;]<\/p>\n","protected":false},"author":3,"featured_media":0,"parent":0,"menu_order":0,"comment_status":"closed","ping_status":"closed","template":"","meta":{"_acf_changed":false,"footnotes":""},"class_list":["post-3542","page","type-page","status-publish","hentry"],"acf":[],"aioseo_notices":[],"aioseo_head":"\n\t\t<!-- All in One SEO Pro 4.9.5.1 - aioseo.com -->\n\t<meta name=\"description\" content=\"SLA e disponibilit\u00e0 - Risoluzione dei problemi di Ginevra Offriamo tempi di risposta chiari e adeguati alle esigenze di privati e PMI nel cantone di Ginevra. Servizio in giornata (soggetto a disponibilit\u00e0), a casa tua o presso la nostra filiale (Rue du Commerce 4, centro citt\u00e0). Finestre di servizio Orari di apertura: lun-ven 08:30-19:00; sab\" \/>\n\t<meta name=\"robots\" content=\"max-image-preview:large\" \/>\n\t<link rel=\"canonical\" href=\"https:\/\/depannageinformatique.ch\/it\/disponibilita-sla\/\" \/>\n\t<meta name=\"generator\" content=\"All in One SEO Pro (AIOSEO) 4.9.5.1\" \/>\n\t\t<meta property=\"og:locale\" content=\"it_IT\" \/>\n\t\t<meta property=\"og:site_name\" content=\"D\u00e9pannage Informatique Gen\u00e8ve - Votre expert informatique, pr\u00e8s de chez vous et \u00e0 prix attractif\" \/>\n\t\t<meta property=\"og:type\" content=\"article\" \/>\n\t\t<meta property=\"og:title\" content=\"Disponibilit\u00e0 SLA - D\u00e9pannage Informatique Gen\u00e8ve\" \/>\n\t\t<meta property=\"og:description\" content=\"SLA e disponibilit\u00e0 - Risoluzione dei problemi di Ginevra Offriamo tempi di risposta chiari e adeguati alle esigenze di privati e PMI nel cantone di Ginevra. Servizio in giornata (soggetto a disponibilit\u00e0), a casa tua o presso la nostra filiale (Rue du Commerce 4, centro citt\u00e0). Finestre di servizio Orari di apertura: lun-ven 08:30-19:00; sab\" \/>\n\t\t<meta property=\"og:url\" content=\"https:\/\/depannageinformatique.ch\/it\/disponibilita-sla\/\" \/>\n\t\t<meta property=\"og:image\" content=\"https:\/\/depannageinformatique.ch\/wp-content\/uploads\/2022\/04\/logo_depannage_informatique_geneve.png\" \/>\n\t\t<meta property=\"og:image:secure_url\" content=\"https:\/\/depannageinformatique.ch\/wp-content\/uploads\/2022\/04\/logo_depannage_informatique_geneve.png\" \/>\n\t\t<meta property=\"article:published_time\" content=\"2025-09-21T21:34:04+00:00\" \/>\n\t\t<meta property=\"article:modified_time\" content=\"2025-09-21T21:34:04+00:00\" \/>\n\t\t<meta property=\"article:publisher\" content=\"https:\/\/www.facebook.com\/depannageinformatiquegeneve\" \/>\n\t\t<meta name=\"twitter:card\" content=\"summary_large_image\" \/>\n\t\t<meta name=\"twitter:title\" content=\"Disponibilit\u00e0 SLA - D\u00e9pannage Informatique Gen\u00e8ve\" \/>\n\t\t<meta name=\"twitter:description\" content=\"SLA e disponibilit\u00e0 - Risoluzione dei problemi di Ginevra Offriamo tempi di risposta chiari e adeguati alle esigenze di privati e PMI nel cantone di Ginevra. Servizio in giornata (soggetto a disponibilit\u00e0), a casa tua o presso la nostra filiale (Rue du Commerce 4, centro citt\u00e0). Finestre di servizio Orari di apertura: lun-ven 08:30-19:00; sab\" \/>\n\t\t<meta name=\"twitter:image\" content=\"https:\/\/depannageinformatique.ch\/wp-content\/uploads\/2022\/04\/logo_depannage_informatique_geneve.png\" \/>\n\t\t<script type=\"application\/ld+json\" class=\"aioseo-schema\">\n\t\t\t{\"@context\":\"https:\\\/\\\/schema.org\",\"@graph\":[{\"@type\":\"BreadcrumbList\",\"@id\":\"https:\\\/\\\/depannageinformatique.ch\\\/it\\\/disponibilita-sla\\\/#breadcrumblist\",\"itemListElement\":[{\"@type\":\"ListItem\",\"@id\":\"https:\\\/\\\/depannageinformatique.ch\\\/it\\\/#listItem\",\"position\":1,\"name\":\"Accueil\",\"item\":\"https:\\\/\\\/depannageinformatique.ch\\\/it\\\/\",\"nextItem\":{\"@type\":\"ListItem\",\"@id\":\"https:\\\/\\\/depannageinformatique.ch\\\/it\\\/disponibilita-sla\\\/#listItem\",\"name\":\"Disponibilit\\u00e0 SLA\"}},{\"@type\":\"ListItem\",\"@id\":\"https:\\\/\\\/depannageinformatique.ch\\\/it\\\/disponibilita-sla\\\/#listItem\",\"position\":2,\"name\":\"Disponibilit\\u00e0 SLA\",\"previousItem\":{\"@type\":\"ListItem\",\"@id\":\"https:\\\/\\\/depannageinformatique.ch\\\/it\\\/#listItem\",\"name\":\"Accueil\"}}]},{\"@type\":\"Organization\",\"@id\":\"https:\\\/\\\/depannageinformatique.ch\\\/it\\\/#organization\",\"name\":\"D\\u00e9pannage Informatique Gen\\u00e8ve\",\"description\":\"D\\u00e9pannage Informatique Gen\\u00e8ve est une entreprise situ\\u00e9e \\u00e0 Gen\\u00e8ve, sp\\u00e9cialis\\u00e9e dans le d\\u00e9pannage informatique, l'assistance technique, et la maintenance de syst\\u00e8mes informatiques pour les particuliers et les entreprises. Leur \\u00e9quipe d'experts offre une large gamme de services, incluant la r\\u00e9paration d'ordinateurs, la r\\u00e9cup\\u00e9ration de donn\\u00e9es, l'installation de logiciels, ainsi que des conseils pour optimiser les performances des \\u00e9quipements informatiques. En plus de leur expertise en mati\\u00e8re de d\\u00e9pannage, D\\u00e9pannage se distingue par son engagement \\u00e0 fournir un service rapide, fiable et personnalis\\u00e9, adapt\\u00e9 aux besoins sp\\u00e9cifiques de chaque client. Que ce soit pour r\\u00e9soudre un probl\\u00e8me technique complexe ou pour am\\u00e9liorer l'efficacit\\u00e9 des syst\\u00e8mes informatiques, D\\u00e9pannage Informatique Gen\\u00e8ve se positionne comme un partenaire de confiance pour tous les besoins informatiques \\u00e0 Gen\\u00e8ve et dans les environs.\",\"url\":\"https:\\\/\\\/depannageinformatique.ch\\\/it\\\/\",\"email\":\"info@depannageinformatique.a2hosted.com\",\"telephone\":\"+41798685050\",\"foundingDate\":\"2015-01-01\",\"numberOfEmployees\":{\"@type\":\"QuantitativeValue\",\"minValue\":0,\"maxValue\":5},\"logo\":{\"@type\":\"ImageObject\",\"url\":\"https:\\\/\\\/depannageinformatique.ch\\\/wp-content\\\/uploads\\\/2022\\\/04\\\/logo_footer.png\",\"@id\":\"https:\\\/\\\/depannageinformatique.ch\\\/it\\\/disponibilita-sla\\\/#organizationLogo\"},\"image\":{\"@id\":\"https:\\\/\\\/depannageinformatique.ch\\\/it\\\/disponibilita-sla\\\/#organizationLogo\"},\"sameAs\":[\"https:\\\/\\\/www.facebook.com\\\/depannageinformatiquegeneve\",\"https:\\\/\\\/www.linkedin.com\\\/company\\\/18311498\"],\"address\":{\"@id\":\"https:\\\/\\\/depannageinformatique.ch\\\/it\\\/#postaladdress\",\"@type\":\"PostalAddress\",\"streetAddress\":\"Rue du Commerce 4,\",\"postalCode\":\"1204\",\"addressLocality\":\"Gen\\u00e8ve\",\"addressRegion\":\"GE\",\"addressCountry\":\"CH\"},\"taxID\":\"CHE-325.495.659\"},{\"@type\":\"WebPage\",\"@id\":\"https:\\\/\\\/depannageinformatique.ch\\\/it\\\/disponibilita-sla\\\/#webpage\",\"url\":\"https:\\\/\\\/depannageinformatique.ch\\\/it\\\/disponibilita-sla\\\/\",\"name\":\"Disponibilit\\u00e0 SLA - D\\u00e9pannage Informatique Gen\\u00e8ve\",\"description\":\"SLA e disponibilit\\u00e0 - Risoluzione dei problemi di Ginevra Offriamo tempi di risposta chiari e adeguati alle esigenze di privati e PMI nel cantone di Ginevra. Servizio in giornata (soggetto a disponibilit\\u00e0), a casa tua o presso la nostra filiale (Rue du Commerce 4, centro citt\\u00e0). Finestre di servizio Orari di apertura: lun-ven 08:30-19:00; sab\",\"inLanguage\":\"it-IT\",\"isPartOf\":{\"@id\":\"https:\\\/\\\/depannageinformatique.ch\\\/it\\\/#website\"},\"breadcrumb\":{\"@id\":\"https:\\\/\\\/depannageinformatique.ch\\\/it\\\/disponibilita-sla\\\/#breadcrumblist\"},\"datePublished\":\"2025-09-21T23:34:04+02:00\",\"dateModified\":\"2025-09-21T23:34:04+02:00\"},{\"@type\":\"WebSite\",\"@id\":\"https:\\\/\\\/depannageinformatique.ch\\\/it\\\/#website\",\"url\":\"https:\\\/\\\/depannageinformatique.ch\\\/it\\\/\",\"name\":\"D\\u00e9pannage Informatique Gen\\u00e8ve - 079 868 50 50\",\"alternateName\":\"D\\u00e9pannage Informatique Gen\\u00e8ve\",\"description\":\"Votre expert informatique, pr\\u00e8s de chez vous et \\u00e0 prix attractif\",\"inLanguage\":\"it-IT\",\"publisher\":{\"@id\":\"https:\\\/\\\/depannageinformatique.ch\\\/it\\\/#organization\"}}]}\n\t\t<\/script>\n\t\t<!-- All in One SEO Pro -->\r\n\t\t<title>Disponibilit\u00e0 SLA - D\u00e9pannage Informatique Gen\u00e8ve<\/title>\n\n","aioseo_head_json":{"title":"Disponibilit\u00e0 SLA - D\u00e9pannage Informatique Gen\u00e8ve","description":"SLA e disponibilit\u00e0 - Risoluzione dei problemi di Ginevra Offriamo tempi di risposta chiari e adeguati alle esigenze di privati e PMI nel cantone di Ginevra. Servizio in giornata (soggetto a disponibilit\u00e0), a casa tua o presso la nostra filiale (Rue du Commerce 4, centro citt\u00e0). Finestre di servizio Orari di apertura: lun-ven 08:30-19:00; sab","canonical_url":"https:\/\/depannageinformatique.ch\/it\/disponibilita-sla\/","robots":"max-image-preview:large","keywords":"","webmasterTools":{"miscellaneous":""},"schema":{"@context":"https:\/\/schema.org","@graph":[{"@type":"BreadcrumbList","@id":"https:\/\/depannageinformatique.ch\/it\/disponibilita-sla\/#breadcrumblist","itemListElement":[{"@type":"ListItem","@id":"https:\/\/depannageinformatique.ch\/it\/#listItem","position":1,"name":"Accueil","item":"https:\/\/depannageinformatique.ch\/it\/","nextItem":{"@type":"ListItem","@id":"https:\/\/depannageinformatique.ch\/it\/disponibilita-sla\/#listItem","name":"Disponibilit\u00e0 SLA"}},{"@type":"ListItem","@id":"https:\/\/depannageinformatique.ch\/it\/disponibilita-sla\/#listItem","position":2,"name":"Disponibilit\u00e0 SLA","previousItem":{"@type":"ListItem","@id":"https:\/\/depannageinformatique.ch\/it\/#listItem","name":"Accueil"}}]},{"@type":"Organization","@id":"https:\/\/depannageinformatique.ch\/it\/#organization","name":"D\u00e9pannage Informatique Gen\u00e8ve","description":"D\u00e9pannage Informatique Gen\u00e8ve est une entreprise situ\u00e9e \u00e0 Gen\u00e8ve, sp\u00e9cialis\u00e9e dans le d\u00e9pannage informatique, l'assistance technique, et la maintenance de syst\u00e8mes informatiques pour les particuliers et les entreprises. Leur \u00e9quipe d'experts offre une large gamme de services, incluant la r\u00e9paration d'ordinateurs, la r\u00e9cup\u00e9ration de donn\u00e9es, l'installation de logiciels, ainsi que des conseils pour optimiser les performances des \u00e9quipements informatiques. En plus de leur expertise en mati\u00e8re de d\u00e9pannage, D\u00e9pannage se distingue par son engagement \u00e0 fournir un service rapide, fiable et personnalis\u00e9, adapt\u00e9 aux besoins sp\u00e9cifiques de chaque client. Que ce soit pour r\u00e9soudre un probl\u00e8me technique complexe ou pour am\u00e9liorer l'efficacit\u00e9 des syst\u00e8mes informatiques, D\u00e9pannage Informatique Gen\u00e8ve se positionne comme un partenaire de confiance pour tous les besoins informatiques \u00e0 Gen\u00e8ve et dans les environs.","url":"https:\/\/depannageinformatique.ch\/it\/","email":"info@depannageinformatique.a2hosted.com","telephone":"+41798685050","foundingDate":"2015-01-01","numberOfEmployees":{"@type":"QuantitativeValue","minValue":0,"maxValue":5},"logo":{"@type":"ImageObject","url":"https:\/\/depannageinformatique.ch\/wp-content\/uploads\/2022\/04\/logo_footer.png","@id":"https:\/\/depannageinformatique.ch\/it\/disponibilita-sla\/#organizationLogo"},"image":{"@id":"https:\/\/depannageinformatique.ch\/it\/disponibilita-sla\/#organizationLogo"},"sameAs":["https:\/\/www.facebook.com\/depannageinformatiquegeneve","https:\/\/www.linkedin.com\/company\/18311498"],"address":{"@id":"https:\/\/depannageinformatique.ch\/it\/#postaladdress","@type":"PostalAddress","streetAddress":"Rue du Commerce 4,","postalCode":"1204","addressLocality":"Gen\u00e8ve","addressRegion":"GE","addressCountry":"CH"},"taxID":"CHE-325.495.659"},{"@type":"WebPage","@id":"https:\/\/depannageinformatique.ch\/it\/disponibilita-sla\/#webpage","url":"https:\/\/depannageinformatique.ch\/it\/disponibilita-sla\/","name":"Disponibilit\u00e0 SLA - D\u00e9pannage Informatique Gen\u00e8ve","description":"SLA e disponibilit\u00e0 - Risoluzione dei problemi di Ginevra Offriamo tempi di risposta chiari e adeguati alle esigenze di privati e PMI nel cantone di Ginevra. Servizio in giornata (soggetto a disponibilit\u00e0), a casa tua o presso la nostra filiale (Rue du Commerce 4, centro citt\u00e0). Finestre di servizio Orari di apertura: lun-ven 08:30-19:00; sab","inLanguage":"it-IT","isPartOf":{"@id":"https:\/\/depannageinformatique.ch\/it\/#website"},"breadcrumb":{"@id":"https:\/\/depannageinformatique.ch\/it\/disponibilita-sla\/#breadcrumblist"},"datePublished":"2025-09-21T23:34:04+02:00","dateModified":"2025-09-21T23:34:04+02:00"},{"@type":"WebSite","@id":"https:\/\/depannageinformatique.ch\/it\/#website","url":"https:\/\/depannageinformatique.ch\/it\/","name":"D\u00e9pannage Informatique Gen\u00e8ve - 079 868 50 50","alternateName":"D\u00e9pannage Informatique Gen\u00e8ve","description":"Votre expert informatique, pr\u00e8s de chez vous et \u00e0 prix attractif","inLanguage":"it-IT","publisher":{"@id":"https:\/\/depannageinformatique.ch\/it\/#organization"}}]},"og:locale":"it_IT","og:site_name":"D\u00e9pannage Informatique Gen\u00e8ve - Votre expert informatique, pr\u00e8s de chez vous et \u00e0 prix attractif","og:type":"article","og:title":"Disponibilit\u00e0 SLA - D\u00e9pannage Informatique Gen\u00e8ve","og:description":"SLA e disponibilit\u00e0 - Risoluzione dei problemi di Ginevra Offriamo tempi di risposta chiari e adeguati alle esigenze di privati e PMI nel cantone di Ginevra. Servizio in giornata (soggetto a disponibilit\u00e0), a casa tua o presso la nostra filiale (Rue du Commerce 4, centro citt\u00e0). Finestre di servizio Orari di apertura: lun-ven 08:30-19:00; sab","og:url":"https:\/\/depannageinformatique.ch\/it\/disponibilita-sla\/","og:image":"https:\/\/depannageinformatique.ch\/wp-content\/uploads\/2022\/04\/logo_depannage_informatique_geneve.png","og:image:secure_url":"https:\/\/depannageinformatique.ch\/wp-content\/uploads\/2022\/04\/logo_depannage_informatique_geneve.png","article:published_time":"2025-09-21T21:34:04+00:00","article:modified_time":"2025-09-21T21:34:04+00:00","article:publisher":"https:\/\/www.facebook.com\/depannageinformatiquegeneve","twitter:card":"summary_large_image","twitter:title":"Disponibilit\u00e0 SLA - D\u00e9pannage Informatique Gen\u00e8ve","twitter:description":"SLA e disponibilit\u00e0 - Risoluzione dei problemi di Ginevra Offriamo tempi di risposta chiari e adeguati alle esigenze di privati e PMI nel cantone di Ginevra. Servizio in giornata (soggetto a disponibilit\u00e0), a casa tua o presso la nostra filiale (Rue du Commerce 4, centro citt\u00e0). Finestre di servizio Orari di apertura: lun-ven 08:30-19:00; sab","twitter:image":"https:\/\/depannageinformatique.ch\/wp-content\/uploads\/2022\/04\/logo_depannage_informatique_geneve.png"},"aioseo_meta_data":{"post_id":"3542","title":null,"description":null,"keywords":null,"keyphrases":{"focus":{"keyphrase":"Disponibilit\u00e0 SLA","score":0,"analysis":[]}},"primary_term":null,"canonical_url":null,"og_title":null,"og_description":null,"og_object_type":"default","og_image_type":"default","og_image_url":null,"og_image_width":null,"og_image_height":null,"og_image_custom_url":null,"og_image_custom_fields":null,"og_video":"","og_custom_url":null,"og_article_section":null,"og_article_tags":null,"twitter_use_og":false,"twitter_card":"default","twitter_image_type":"default","twitter_image_url":null,"twitter_image_custom_url":null,"twitter_image_custom_fields":null,"twitter_title":null,"twitter_description":null,"schema":{"blockGraphs":[],"customGraphs":[],"default":{"data":{"Article":[],"Course":[],"Dataset":[],"FAQPage":[],"Movie":[],"Person":[],"Product":[],"ProductReview":[],"Car":[],"Recipe":[],"Service":[],"SoftwareApplication":[],"WebPage":[]},"graphName":"WebPage","isEnabled":true},"graphs":[]},"schema_type":"default","schema_type_options":null,"pillar_content":false,"robots_default":true,"robots_noindex":false,"robots_noarchive":false,"robots_nosnippet":false,"robots_nofollow":false,"robots_noimageindex":false,"robots_noodp":false,"robots_notranslate":false,"robots_max_snippet":"-1","robots_max_videopreview":"-1","robots_max_imagepreview":"large","priority":null,"frequency":"default","local_seo":null,"seo_analyzer_scan_date":"2025-11-30 07:54:26","breadcrumb_settings":null,"limit_modified_date":false,"reviewed_by":"0","open_ai":null,"ai":{"faqs":[],"keyPoints":[],"titles":[],"descriptions":[],"socialPosts":{"email":[],"linkedin":[],"twitter":[],"facebook":[],"instagram":[]}},"created":"2025-09-21 21:34:04","updated":"2025-12-09 21:31:09"},"aioseo_breadcrumb":"<div class=\"aioseo-breadcrumbs\"><span class=\"aioseo-breadcrumb\">\n\t<a href=\"https:\/\/depannageinformatique.ch\/it\/\" title=\"Accueil\">Accueil<\/a>\n<\/span><span class=\"aioseo-breadcrumb-separator\">\u00bb<\/span><span class=\"aioseo-breadcrumb\">\n\tDisponibilit\u00e0 SLA\n<\/span><\/div>","aioseo_breadcrumb_json":[{"label":"Accueil","link":"https:\/\/depannageinformatique.ch\/it\/"},{"label":"Disponibilit\u00e0 SLA","link":"https:\/\/depannageinformatique.ch\/it\/disponibilita-sla\/"}],"_links":{"self":[{"href":"https:\/\/depannageinformatique.ch\/it\/wp-json\/wp\/v2\/pages\/3542","targetHints":{"allow":["GET"]}}],"collection":[{"href":"https:\/\/depannageinformatique.ch\/it\/wp-json\/wp\/v2\/pages"}],"about":[{"href":"https:\/\/depannageinformatique.ch\/it\/wp-json\/wp\/v2\/types\/page"}],"author":[{"embeddable":true,"href":"https:\/\/depannageinformatique.ch\/it\/wp-json\/wp\/v2\/users\/3"}],"replies":[{"embeddable":true,"href":"https:\/\/depannageinformatique.ch\/it\/wp-json\/wp\/v2\/comments?post=3542"}],"version-history":[{"count":0,"href":"https:\/\/depannageinformatique.ch\/it\/wp-json\/wp\/v2\/pages\/3542\/revisions"}],"wp:attachment":[{"href":"https:\/\/depannageinformatique.ch\/it\/wp-json\/wp\/v2\/media?parent=3542"}],"curies":[{"name":"wp","href":"https:\/\/api.w.org\/{rel}","templated":true}]}}